{"id":81,"date":"2025-04-08T08:18:04","date_gmt":"2025-04-08T08:18:04","guid":{"rendered":"https:\/\/coindoors.com\/?page_id=81"},"modified":"2025-04-09T07:33:43","modified_gmt":"2025-04-09T07:33:43","slug":"projects-gates-and-entrance-doors-for-houses-and-villas","status":"publish","type":"page","link":"https:\/\/coindoors.com\/en\/projects-gates-and-entrance-doors-for-houses-and-villas\/","title":{"rendered":"Entrance Gates"},"content":{"rendered":"<div data-elementor-type=\"wp-page\" data-elementor-id=\"81\" class=\"elementor elementor-81\" data-elementor-post-type=\"page\">\n\t\t\t\t<div class=\"elementor-element elementor-element-79337ab3 e-flex e-con-boxed e-con e-parent\" data-id=\"79337ab3\" data-element_type=\"container\" data-e-type=\"container\">\n\t\t\t\t\t<div class=\"e-con-inner\">\n\t\t\t\t<div class=\"elementor-element elementor-element-194f2976 elementor-widget elementor-widget-heading\" data-id=\"194f2976\" data-element_type=\"widget\" data-e-type=\"widget\" data-widget_type=\"heading.default\">\n\t\t\t\t<div class=\"elementor-widget-container\">\n\t\t\t\t\t<h1 class=\"elementor-heading-title elementor-size-default\">Entrance Gates: Security, Elegance and a Perfect First Impression<\/h1>\t\t\t\t<\/div>\n\t\t\t\t<\/div>\n\t\t\t\t<div class=\"elementor-element elementor-element-47d860d6 elementor-widget-divider--view-line elementor-widget elementor-widget-divider\" data-id=\"47d860d6\" data-element_type=\"widget\" data-e-type=\"widget\" data-widget_type=\"divider.default\">\n\t\t\t\t<div class=\"elementor-widget-container\">\n\t\t\t\t\t\t\t<div class=\"elementor-divider\">\n\t\t\t<span class=\"elementor-divider-separator\">\n\t\t\t\t\t\t<\/span>\n\t\t<\/div>\n\t\t\t\t\t\t<\/div>\n\t\t\t\t<\/div>\n\t\t\t\t<div class=\"elementor-element elementor-element-647280b7 elementor-widget__width-initial elementor-widget-tablet__width-initial elementor-widget elementor-widget-heading\" data-id=\"647280b7\" data-element_type=\"widget\" data-e-type=\"widget\" data-widget_type=\"heading.default\">\n\t\t\t\t<div class=\"elementor-widget-container\">\n\t\t\t\t\t<h5 class=\"elementor-heading-title elementor-size-default\">Our entrance gates combine robustness and design, offering a secure and aesthetically pleasing solution for access to homes, villas and estates.<\/h5>\t\t\t\t<\/div>\n\t\t\t\t<\/div>\n\t\t\t\t\t<\/div>\n\t\t\t\t<\/div>\n\t\t<div class=\"elementor-element elementor-element-7e361ef8 e-flex e-con-boxed e-con e-parent\" data-id=\"7e361ef8\" data-element_type=\"container\" data-e-type=\"container\" id=\"service1\">\n\t\t\t\t\t<div class=\"e-con-inner\">\n\t\t<div class=\"elementor-element elementor-element-132928fd e-con-full e-flex e-con e-child\" data-id=\"132928fd\" data-element_type=\"container\" data-e-type=\"container\">\n\t\t\t\t<div class=\"elementor-element elementor-element-62b9e50a elementor-widget elementor-widget-heading\" data-id=\"62b9e50a\" data-element_type=\"widget\" data-e-type=\"widget\" data-widget_type=\"heading.default\">\n\t\t\t\t<div class=\"elementor-widget-container\">\n\t\t\t\t\t<h2 class=\"elementor-heading-title elementor-size-default\">Entrance Gates<\/h2>\t\t\t\t<\/div>\n\t\t\t\t<\/div>\n\t\t\t\t<div class=\"elementor-element elementor-element-7f0d478e elementor-widget elementor-widget-text-editor\" data-id=\"7f0d478e\" data-element_type=\"widget\" data-e-type=\"widget\" data-widget_type=\"text-editor.default\">\n\t\t\t\t<div class=\"elementor-widget-container\">\n\t\t\t\t\t\t\t\t\t<p class=\"\" data-start=\"452\" data-end=\"747\">At <strong data-start=\"455\" data-end=\"468\">Co\u00ednDOORS<\/strong>we manufacture <strong data-start=\"481\" data-end=\"513\">tailor-made entrance gates<\/strong> that not only fulfil a security function, but also provide a safety function. <strong data-start=\"585\" data-end=\"603\">aesthetic value<\/strong> to the fa\u00e7ade of your home. They are the first impression of your home and should therefore reflect the style, solidity and care behind them.<\/p><p class=\"\" data-start=\"749\" data-end=\"1074\">We have a wide variety of customisable models available at <strong data-start=\"813\" data-end=\"860\">aluminium, galvanised steel or modern forging<\/strong>with different colour options, finishes and configurations. Each gate adapts to the environment, whether rustic, contemporary or classic, achieving a perfect integration with the exterior design of the home.<\/p><p class=\"\" data-start=\"1076\" data-end=\"1382\">Our gates can be made of <strong data-start=\"1108\" data-end=\"1147\">hinged leaf, sliding or pedestrian leaf<\/strong>with or without automation, allowing both main vehicle accesses and individual entrances to be covered. They incorporate secure locking systems and can be combined with intercoms, motors or electronic locks.<\/p><p class=\"\" data-start=\"1384\" data-end=\"1657\">Thanks to the materials we use, these structures are perfectly resistant to the <strong data-start=\"1469\" data-end=\"1499\">exposure to the weather<\/strong>They prevent rust, deformation or loss of colour over time. They are ideal for those who are looking for a long-lasting, zero-maintenance solution.<\/p><h3 class=\"\" data-start=\"1664\" data-end=\"1730\"><strong data-start=\"1671\" data-end=\"1728\">Make your entrance a reflection of your style and confidence.<\/strong><\/h3><p class=\"\" data-start=\"1731\" data-end=\"1890\">With our entrance gates, you secure your property without sacrificing design. Manufactured to measure, they are the best way of <strong data-start=\"1855\" data-end=\"1889\">protect what's yours with elegance<\/strong>.<\/p>\t\t\t\t\t\t\t\t<\/div>\n\t\t\t\t<\/div>\n\t\t\t\t<\/div>\n\t\t<div class=\"elementor-element elementor-element-2f14ea25 e-con-full e-flex e-con e-child\" data-id=\"2f14ea25\" data-element_type=\"container\" data-e-type=\"container\" data-settings=\"{&quot;background_background&quot;:&quot;classic&quot;}\">\n\t\t\t\t<\/div>\n\t\t\t\t\t<\/div>\n\t\t\t\t<\/div>\n\t\t<div class=\"elementor-element elementor-element-7868886 e-flex e-con-boxed e-con e-parent\" data-id=\"7868886\" data-element_type=\"container\" data-e-type=\"container\">\n\t\t\t\t\t<div class=\"e-con-inner\">\n\t\t\t\t<div class=\"elementor-element elementor-element-40e9be10 elementor-widget elementor-widget-heading\" data-id=\"40e9be10\" data-element_type=\"widget\" data-e-type=\"widget\" data-widget_type=\"heading.default\">\n\t\t\t\t<div class=\"elementor-widget-container\">\n\t\t\t\t\t<h2 class=\"elementor-heading-title elementor-size-default\">Protect what matters most with a door that's tailor-made for you.<\/h2>\t\t\t\t<\/div>\n\t\t\t\t<\/div>\n\t\t\t\t<div class=\"elementor-element elementor-element-9dc919a elementor-widget__width-initial elementor-widget elementor-widget-text-editor\" data-id=\"9dc919a\" data-element_type=\"widget\" data-e-type=\"widget\" data-widget_type=\"text-editor.default\">\n\t\t\t\t<div class=\"elementor-widget-container\">\n\t\t\t\t\t\t\t\t\t<p>We design armoured doors that are secure, elegant and tailored to your style. Talk to our team and find out how we can help you strengthen your home or business.<\/p>\t\t\t\t\t\t\t\t<\/div>\n\t\t\t\t<\/div>\n\t\t\t\t<div class=\"elementor-element elementor-element-1d354ac1 elementor-align-center elementor-invisible elementor-widget elementor-widget-button\" data-id=\"1d354ac1\" data-element_type=\"widget\" data-e-type=\"widget\" data-settings=\"{&quot;_animation&quot;:&quot;fadeInDown&quot;}\" data-widget_type=\"button.default\">\n\t\t\t\t<div class=\"elementor-widget-container\">\n\t\t\t\t\t\t\t\t\t<div class=\"elementor-button-wrapper\">\n\t\t\t\t\t<a class=\"elementor-button elementor-button-link elementor-size-sm\" href=\"https:\/\/wa.me\/34621206049\">\n\t\t\t\t\t\t<span class=\"elementor-button-content-wrapper\">\n\t\t\t\t\t\t\t\t\t<span class=\"elementor-button-text\">Contact <\/span>\n\t\t\t\t\t<\/span>\n\t\t\t\t\t<\/a>\n\t\t\t\t<\/div>\n\t\t\t\t\t\t\t\t<\/div>\n\t\t\t\t<\/div>\n\t\t\t\t\t<\/div>\n\t\t\t\t<\/div>\n\t\t\t\t<\/div>","protected":false},"excerpt":{"rendered":"<p>Cancelas de Entrada: Seguridad, Elegancia y Primera Impresi\u00f3n Perfecta Nuestras cancelas de entrada combinan robustez y dise\u00f1o, ofreciendo una soluci\u00f3n [&hellip;]<\/p>\n","protected":false},"author":1,"featured_media":143,"parent":0,"menu_order":0,"comment_status":"closed","ping_status":"closed","template":"elementor_header_footer","meta":{"site-sidebar-layout":"default","site-content-layout":"","ast-site-content-layout":"default","site-content-style":"default","site-sidebar-style":"default","ast-global-header-display":"","ast-banner-title-visibility":"","ast-main-header-display":"","ast-hfb-above-header-display":"","ast-hfb-below-header-display":"","ast-hfb-mobile-header-display":"","site-post-title":"","ast-breadcrumbs-content":"","ast-featured-img":"","footer-sml-layout":"","ast-disable-related-posts":"","theme-transparent-header-meta":"","adv-header-id-meta":"","stick-header-meta":"","header-above-stick-meta":"","header-main-stick-meta":"","header-below-stick-meta":"","astra-migrate-meta-layouts":"default","ast-page-background-enabled":"default","ast-page-background-meta":{"desktop":{"background-color":"var(--ast-global-color-5)","background-image":"","background-repeat":"repeat","background-position":"center center","background-size":"auto","background-attachment":"scroll","background-type":"","background-media":"","overlay-type":"","overlay-color":"","overlay-opacity":"","overlay-gradient":""},"tablet":{"background-color":"","background-image":"","background-repeat":"repeat","background-position":"center center","background-size":"auto","background-attachment":"scroll","background-type":"","background-media":"","overlay-type":"","overlay-color":"","overlay-opacity":"","overlay-gradient":""},"mobile":{"background-color":"","background-image":"","background-repeat":"repeat","background-position":"center center","background-size":"auto","background-attachment":"scroll","background-type":"","background-media":"","overlay-type":"","overlay-color":"","overlay-opacity":"","overlay-gradient":""}},"ast-content-background-meta":{"desktop":{"background-color":"var(--ast-global-color-4)","background-image":"","background-repeat":"repeat","background-position":"center center","background-size":"auto","background-attachment":"scroll","background-type":"","background-media":"","overlay-type":"","overlay-color":"","overlay-opacity":"","overlay-gradient":""},"tablet":{"background-color":"var(--ast-global-color-4)","background-image":"","background-repeat":"repeat","background-position":"center center","background-size":"auto","background-attachment":"scroll","background-type":"","background-media":"","overlay-type":"","overlay-color":"","overlay-opacity":"","overlay-gradient":""},"mobile":{"background-color":"var(--ast-global-color-4)","background-image":"","background-repeat":"repeat","background-position":"center center","background-size":"auto","background-attachment":"scroll","background-type":"","background-media":"","overlay-type":"","overlay-color":"","overlay-opacity":"","overlay-gradient":""}},"footnotes":""},"class_list":["post-81","page","type-page","status-publish","has-post-thumbnail","hentry"],"yoast_head":"<!-- This site is optimized with the Yoast SEO plugin v27.5 - https:\/\/yoast.com\/product\/yoast-seo-wordpress\/ -->\n<title>Cancelas de Entrada - coindoors.com<\/title>\n<meta name=\"description\" content=\"Cancelas de entrada seguras, elegantes y personalizadas en aluminio o acero. Dise\u00f1adas a medida para viviendas, fincas y entradas principales.\" \/>\n<meta name=\"robots\" content=\"index, follow, max-snippet:-1, max-image-preview:large, max-video-preview:-1\" \/>\n<link rel=\"canonical\" href=\"https:\/\/coindoors.com\/en\/projects-gates-and-entrance-doors-for-houses-and-villas\/\" \/>\n<meta property=\"og:locale\" content=\"en_GB\" \/>\n<meta property=\"og:type\" content=\"article\" \/>\n<meta property=\"og:title\" content=\"Cancelas de Entrada - coindoors.com\" \/>\n<meta property=\"og:description\" content=\"Cancelas de entrada seguras, elegantes y personalizadas en aluminio o acero. Dise\u00f1adas a medida para viviendas, fincas y entradas principales.\" \/>\n<meta property=\"og:url\" content=\"https:\/\/coindoors.com\/en\/projects-gates-and-entrance-doors-for-houses-and-villas\/\" \/>\n<meta property=\"og:site_name\" content=\"coindoors.com\" \/>\n<meta property=\"article:modified_time\" content=\"2025-04-09T07:33:43+00:00\" \/>\n<meta property=\"og:image\" content=\"https:\/\/coindoors.com\/wp-content\/uploads\/2025\/04\/Cancelas-y-puertas-de-entrada-para-casas-y-chalets.jpg\" \/>\n\t<meta property=\"og:image:width\" content=\"251\" \/>\n\t<meta property=\"og:image:height\" content=\"188\" \/>\n\t<meta property=\"og:image:type\" content=\"image\/jpeg\" \/>\n<meta name=\"twitter:card\" content=\"summary_large_image\" \/>\n<meta name=\"twitter:label1\" content=\"Estimated reading time\" \/>\n\t<meta name=\"twitter:data1\" content=\"2 minutes\" \/>\n<script type=\"application\/ld+json\" class=\"yoast-schema-graph\">{\"@context\":\"https:\\\/\\\/schema.org\",\"@graph\":[{\"@type\":\"WebPage\",\"@id\":\"https:\\\/\\\/coindoors.com\\\/de\\\/projekte-tore-und-eingangsturen-fur-hauser-und-villen\\\/\",\"url\":\"https:\\\/\\\/coindoors.com\\\/de\\\/projekte-tore-und-eingangsturen-fur-hauser-und-villen\\\/\",\"name\":\"Cancelas de Entrada - coindoors.com\",\"isPartOf\":{\"@id\":\"https:\\\/\\\/www.coindoors.com\\\/#website\"},\"primaryImageOfPage\":{\"@id\":\"https:\\\/\\\/coindoors.com\\\/de\\\/projekte-tore-und-eingangsturen-fur-hauser-und-villen\\\/#primaryimage\"},\"image\":{\"@id\":\"https:\\\/\\\/coindoors.com\\\/de\\\/projekte-tore-und-eingangsturen-fur-hauser-und-villen\\\/#primaryimage\"},\"thumbnailUrl\":\"https:\\\/\\\/coindoors.com\\\/wp-content\\\/uploads\\\/2025\\\/04\\\/Cancelas-y-puertas-de-entrada-para-casas-y-chalets.jpg\",\"datePublished\":\"2025-04-08T08:18:04+00:00\",\"dateModified\":\"2025-04-09T07:33:43+00:00\",\"description\":\"Cancelas de entrada seguras, elegantes y personalizadas en aluminio o acero. Dise\u00f1adas a medida para viviendas, fincas y entradas principales.\",\"breadcrumb\":{\"@id\":\"https:\\\/\\\/coindoors.com\\\/de\\\/projekte-tore-und-eingangsturen-fur-hauser-und-villen\\\/#breadcrumb\"},\"inLanguage\":\"en-GB\",\"potentialAction\":[{\"@type\":\"ReadAction\",\"target\":[\"https:\\\/\\\/coindoors.com\\\/de\\\/projekte-tore-und-eingangsturen-fur-hauser-und-villen\\\/\"]}]},{\"@type\":\"ImageObject\",\"inLanguage\":\"en-GB\",\"@id\":\"https:\\\/\\\/coindoors.com\\\/de\\\/projekte-tore-und-eingangsturen-fur-hauser-und-villen\\\/#primaryimage\",\"url\":\"https:\\\/\\\/coindoors.com\\\/wp-content\\\/uploads\\\/2025\\\/04\\\/Cancelas-y-puertas-de-entrada-para-casas-y-chalets.jpg\",\"contentUrl\":\"https:\\\/\\\/coindoors.com\\\/wp-content\\\/uploads\\\/2025\\\/04\\\/Cancelas-y-puertas-de-entrada-para-casas-y-chalets.jpg\",\"width\":251,\"height\":188},{\"@type\":\"BreadcrumbList\",\"@id\":\"https:\\\/\\\/coindoors.com\\\/de\\\/projekte-tore-und-eingangsturen-fur-hauser-und-villen\\\/#breadcrumb\",\"itemListElement\":[{\"@type\":\"ListItem\",\"position\":1,\"name\":\"Home\",\"item\":\"https:\\\/\\\/www.coindoors.com\\\/\"},{\"@type\":\"ListItem\",\"position\":2,\"name\":\"Cancelas de Entrada\"}]},{\"@type\":\"WebSite\",\"@id\":\"https:\\\/\\\/www.coindoors.com\\\/#website\",\"url\":\"https:\\\/\\\/www.coindoors.com\\\/\",\"name\":\"coindoors.com\",\"description\":\"\",\"publisher\":{\"@id\":\"https:\\\/\\\/www.coindoors.com\\\/#organization\"},\"potentialAction\":[{\"@type\":\"SearchAction\",\"target\":{\"@type\":\"EntryPoint\",\"urlTemplate\":\"https:\\\/\\\/www.coindoors.com\\\/?s={search_term_string}\"},\"query-input\":{\"@type\":\"PropertyValueSpecification\",\"valueRequired\":true,\"valueName\":\"search_term_string\"}}],\"inLanguage\":\"en-GB\"},{\"@type\":\"Organization\",\"@id\":\"https:\\\/\\\/www.coindoors.com\\\/#organization\",\"name\":\"coindoors.com\",\"url\":\"https:\\\/\\\/www.coindoors.com\\\/\",\"logo\":{\"@type\":\"ImageObject\",\"inLanguage\":\"en-GB\",\"@id\":\"https:\\\/\\\/www.coindoors.com\\\/#\\\/schema\\\/logo\\\/image\\\/\",\"url\":\"https:\\\/\\\/coindoors.com\\\/wp-content\\\/uploads\\\/2025\\\/04\\\/Logo-Oscuro.png\",\"contentUrl\":\"https:\\\/\\\/coindoors.com\\\/wp-content\\\/uploads\\\/2025\\\/04\\\/Logo-Oscuro.png\",\"width\":350,\"height\":70,\"caption\":\"coindoors.com\"},\"image\":{\"@id\":\"https:\\\/\\\/www.coindoors.com\\\/#\\\/schema\\\/logo\\\/image\\\/\"}}]}<\/script>\n<!-- \/ Yoast SEO plugin. -->","yoast_head_json":{"title":"Entrance Gates - coindoors.com","description":"Secure, elegant and customised entrance gates in aluminium or steel. Custom designed for homes, estates and main entrances.","robots":{"index":"index","follow":"follow","max-snippet":"max-snippet:-1","max-image-preview":"max-image-preview:large","max-video-preview":"max-video-preview:-1"},"canonical":"https:\/\/coindoors.com\/en\/projects-gates-and-entrance-doors-for-houses-and-villas\/","og_locale":"en_GB","og_type":"article","og_title":"Cancelas de Entrada - coindoors.com","og_description":"Cancelas de entrada seguras, elegantes y personalizadas en aluminio o acero. Dise\u00f1adas a medida para viviendas, fincas y entradas principales.","og_url":"https:\/\/coindoors.com\/en\/projects-gates-and-entrance-doors-for-houses-and-villas\/","og_site_name":"coindoors.com","article_modified_time":"2025-04-09T07:33:43+00:00","og_image":[{"width":251,"height":188,"url":"https:\/\/coindoors.com\/wp-content\/uploads\/2025\/04\/Cancelas-y-puertas-de-entrada-para-casas-y-chalets.jpg","type":"image\/jpeg"}],"twitter_card":"summary_large_image","twitter_misc":{"Estimated reading time":"2 minutes"},"schema":{"@context":"https:\/\/schema.org","@graph":[{"@type":"WebPage","@id":"https:\/\/coindoors.com\/de\/projekte-tore-und-eingangsturen-fur-hauser-und-villen\/","url":"https:\/\/coindoors.com\/de\/projekte-tore-und-eingangsturen-fur-hauser-und-villen\/","name":"Entrance Gates - coindoors.com","isPartOf":{"@id":"https:\/\/www.coindoors.com\/#website"},"primaryImageOfPage":{"@id":"https:\/\/coindoors.com\/de\/projekte-tore-und-eingangsturen-fur-hauser-und-villen\/#primaryimage"},"image":{"@id":"https:\/\/coindoors.com\/de\/projekte-tore-und-eingangsturen-fur-hauser-und-villen\/#primaryimage"},"thumbnailUrl":"https:\/\/coindoors.com\/wp-content\/uploads\/2025\/04\/Cancelas-y-puertas-de-entrada-para-casas-y-chalets.jpg","datePublished":"2025-04-08T08:18:04+00:00","dateModified":"2025-04-09T07:33:43+00:00","description":"Secure, elegant and customised entrance gates in aluminium or steel. Custom designed for homes, estates and main entrances.","breadcrumb":{"@id":"https:\/\/coindoors.com\/de\/projekte-tore-und-eingangsturen-fur-hauser-und-villen\/#breadcrumb"},"inLanguage":"en-GB","potentialAction":[{"@type":"ReadAction","target":["https:\/\/coindoors.com\/de\/projekte-tore-und-eingangsturen-fur-hauser-und-villen\/"]}]},{"@type":"ImageObject","inLanguage":"en-GB","@id":"https:\/\/coindoors.com\/de\/projekte-tore-und-eingangsturen-fur-hauser-und-villen\/#primaryimage","url":"https:\/\/coindoors.com\/wp-content\/uploads\/2025\/04\/Cancelas-y-puertas-de-entrada-para-casas-y-chalets.jpg","contentUrl":"https:\/\/coindoors.com\/wp-content\/uploads\/2025\/04\/Cancelas-y-puertas-de-entrada-para-casas-y-chalets.jpg","width":251,"height":188},{"@type":"BreadcrumbList","@id":"https:\/\/coindoors.com\/de\/projekte-tore-und-eingangsturen-fur-hauser-und-villen\/#breadcrumb","itemListElement":[{"@type":"ListItem","position":1,"name":"Home","item":"https:\/\/www.coindoors.com\/"},{"@type":"ListItem","position":2,"name":"Cancelas de Entrada"}]},{"@type":"WebSite","@id":"https:\/\/www.coindoors.com\/#website","url":"https:\/\/www.coindoors.com\/","name":"coindoors.com","description":"","publisher":{"@id":"https:\/\/www.coindoors.com\/#organization"},"potentialAction":[{"@type":"SearchAction","target":{"@type":"EntryPoint","urlTemplate":"https:\/\/www.coindoors.com\/?s={search_term_string}"},"query-input":{"@type":"PropertyValueSpecification","valueRequired":true,"valueName":"search_term_string"}}],"inLanguage":"en-GB"},{"@type":"Organization","@id":"https:\/\/www.coindoors.com\/#organization","name":"coindoors.com","url":"https:\/\/www.coindoors.com\/","logo":{"@type":"ImageObject","inLanguage":"en-GB","@id":"https:\/\/www.coindoors.com\/#\/schema\/logo\/image\/","url":"https:\/\/coindoors.com\/wp-content\/uploads\/2025\/04\/Logo-Oscuro.png","contentUrl":"https:\/\/coindoors.com\/wp-content\/uploads\/2025\/04\/Logo-Oscuro.png","width":350,"height":70,"caption":"coindoors.com"},"image":{"@id":"https:\/\/www.coindoors.com\/#\/schema\/logo\/image\/"}}]}},"_links":{"self":[{"href":"https:\/\/coindoors.com\/en\/wp-json\/wp\/v2\/pages\/81","targetHints":{"allow":["GET"]}}],"collection":[{"href":"https:\/\/coindoors.com\/en\/wp-json\/wp\/v2\/pages"}],"about":[{"href":"https:\/\/coindoors.com\/en\/wp-json\/wp\/v2\/types\/page"}],"author":[{"embeddable":true,"href":"https:\/\/coindoors.com\/en\/wp-json\/wp\/v2\/users\/1"}],"replies":[{"embeddable":true,"href":"https:\/\/coindoors.com\/en\/wp-json\/wp\/v2\/comments?post=81"}],"version-history":[{"count":7,"href":"https:\/\/coindoors.com\/en\/wp-json\/wp\/v2\/pages\/81\/revisions"}],"predecessor-version":[{"id":243,"href":"https:\/\/coindoors.com\/en\/wp-json\/wp\/v2\/pages\/81\/revisions\/243"}],"wp:featuredmedia":[{"embeddable":true,"href":"https:\/\/coindoors.com\/en\/wp-json\/wp\/v2\/media\/143"}],"wp:attachment":[{"href":"https:\/\/coindoors.com\/en\/wp-json\/wp\/v2\/media?parent=81"}],"curies":[{"name":"wp","href":"https:\/\/api.w.org\/{rel}","templated":true}]}}