{"id":272,"date":"2025-04-21T08:15:38","date_gmt":"2025-04-21T08:15:38","guid":{"rendered":"https:\/\/coindoors.com\/politica-de-privacidad\/"},"modified":"2025-04-21T08:17:49","modified_gmt":"2025-04-21T08:17:49","slug":"privacy-policy-2","status":"publish","type":"page","link":"https:\/\/coindoors.com\/en\/privacy-policy-2\/","title":{"rendered":"Privacy Policy"},"content":{"rendered":"<p>Pol\u00edtica de Privacidad y Protecci\u00f3n de Datos de Coin Windows 2017 S.L CIF B-93543635 (\u201cla Empresa\u201d)<\/p>\n<p>1. Responsable del tratamiento<br \/>\nTus datos ser\u00e1n tratados por [name], con numero identificativo fiscal<br \/>\nB-93543635 y domicilio en\u00a0 C\/ Arqu\u00edmedes, Local 1, Coin, 29100. Puedes contactarnos v\u00eda correo electr\u00f3nico en info@coinwindows.com<\/p>\n<p>2. Finalidad del tratamiento y legitimaci\u00f3n<br \/>\n[name] utilizar\u00e1 tus datos para finalidades leg\u00edtimas, tales como:<\/p>\n<p>Comunicaciones con los socios y clientes.<br \/>\n3. \u00bfA qui\u00e9n facilitaremos tus datos?<br \/>\nTus datos podr\u00e1n ser cedidos o comunicados a entidades o administraciones a las que estemos legalmente obligados a hacerlo, as\u00ed como a aquellas a las que nos hayas autorizado expresamente.<\/p>\n<p>4. Plazo de conservaci\u00f3n de tus datos<br \/>\nConservaremos tus datos mientras dure nuestra relaci\u00f3n contractual y\/o comercial. En todo caso, procederemos a eliminarlos cuando nos solicites su supresi\u00f3n, en los t\u00e9rminos previstos por la ley.<\/p>\n<p>5. Tus derechos<br \/>\nPuedes ejercer cualquiera de los siguientes derechos enviando una solicitud escrita junto con una fotocopia de tu DNI\/pasaporte a la siguiente direcci\u00f3n de email [email]<\/p>\n<p>Informaci\u00f3n: Puedes solicitarnos que te informemos si tratamos tus datos personales.<br \/>\nAcceso: Puedes solicitar informaci\u00f3n sobre los datos personales incluidos en nuestros ficheros y las finalidades para las que fueron recabados.<br \/>\nRectificaci\u00f3n: Puedes pedirnos que modifiquemos tus datos personales cuando sean inexactos o que completemos los incompletos.<br \/>\nSupresi\u00f3n: Puedes solicitar la eliminaci\u00f3n de tus datos personales cuando, entre otros motivos, retires tu consentimiento y los datos ya no sean necesarios para los fines para los que fueron recabados.<br \/>\nOposici\u00f3n: Puedes solicitar que no se traten tus datos personales.<br \/>\nDerecho de Limitaci\u00f3n: Puedes solicitar la limitaci\u00f3n del tratamiento de tus datos si se cumple alguna de las siguientes condiciones:<br \/>\nEl interesado impugna la exactitud de los datos personales mientras se comprueba su exactitud.<br \/>\nEl tratamiento es il\u00edcito y el interesado se opone a la supresi\u00f3n de los datos personales y solicita en su lugar la limitaci\u00f3n de su uso.<br \/>\nEl responsable ya no necesita los datos personales para los fines del tratamiento, pero el interesado los necesita para formular, ejercer o defender reclamaciones.<br \/>\nEl interesado se ha opuesto al tratamiento mientras se verifica si los motivos leg\u00edtimos del responsable prevalecen sobre los del interesado.<br \/>\nDerecho de Portabilidad: Puedes recibir los datos que nos has facilitado en un formato estructurado, de uso com\u00fan y lectura mec\u00e1nica. Tambi\u00e9n puedes solicitar que los transmitamos a otro responsable.<br \/>\n6. Menores e incapaces<br \/>\nEn el caso de personas menores de 14 a\u00f1os o incapaces, deber\u00e1 otorgar el consentimiento para el tratamiento de los datos personales el padre, madre o tutor del menor o incapaz.<\/p>\n<p>7. Medidas de seguridad<br \/>\n[name] se compromete a implementar las medidas t\u00e9cnicas y organizativas necesarias para garantizar la seguridad de tus datos y evitar su alteraci\u00f3n, p\u00e9rdida o tratamiento no autorizado.<\/p>\n<p>8. Pol\u00edtica de cookies<br \/>\n[name] utiliza cookies que se almacenan en tu dispositivo. Las cookies no proporcionan informaci\u00f3n personal tuya. Cuando navegas por nuestro sitio web, nuestro servidor reconoce autom\u00e1ticamente la direcci\u00f3n IP de tu dispositivo y la duraci\u00f3n de tu visita.<\/p>\n<p>Puedes configurar tu navegador para que te avise cuando recibas una cookie o para evitar su instalaci\u00f3n. Sin embargo, algunas funcionalidades de nuestro sitio web pueden no estar disponibles si deshabilitas las cookies.<\/p>\n","protected":false},"excerpt":{"rendered":"<p>Pol\u00edtica de Privacidad y Protecci\u00f3n de Datos de Coin Windows 2017 S.L CIF B-93543635 (\u201cla Empresa\u201d) 1. Responsable del tratamiento [&hellip;]<\/p>\n","protected":false},"author":1,"featured_media":0,"parent":0,"menu_order":0,"comment_status":"closed","ping_status":"closed","template":"","meta":{"site-sidebar-layout":"default","site-content-layout":"","ast-site-content-layout":"default","site-content-style":"default","site-sidebar-style":"default","ast-global-header-display":"","ast-banner-title-visibility":"","ast-main-header-display":"","ast-hfb-above-header-display":"","ast-hfb-below-header-display":"","ast-hfb-mobile-header-display":"","site-post-title":"","ast-breadcrumbs-content":"","ast-featured-img":"","footer-sml-layout":"","ast-disable-related-posts":"","theme-transparent-header-meta":"","adv-header-id-meta":"","stick-header-meta":"","header-above-stick-meta":"","header-main-stick-meta":"","header-below-stick-meta":"","astra-migrate-meta-layouts":"default","ast-page-background-enabled":"default","ast-page-background-meta":{"desktop":{"background-color":"var(--ast-global-color-5)","background-image":"","background-repeat":"repeat","background-position":"center center","background-size":"auto","background-attachment":"scroll","background-type":"","background-media":"","overlay-type":"","overlay-color":"","overlay-opacity":"","overlay-gradient":""},"tablet":{"background-color":"","background-image":"","background-repeat":"repeat","background-position":"center center","background-size":"auto","background-attachment":"scroll","background-type":"","background-media":"","overlay-type":"","overlay-color":"","overlay-opacity":"","overlay-gradient":""},"mobile":{"background-color":"","background-image":"","background-repeat":"repeat","background-position":"center center","background-size":"auto","background-attachment":"scroll","background-type":"","background-media":"","overlay-type":"","overlay-color":"","overlay-opacity":"","overlay-gradient":""}},"ast-content-background-meta":{"desktop":{"background-color":"var(--ast-global-color-4)","background-image":"","background-repeat":"repeat","background-position":"center center","background-size":"auto","background-attachment":"scroll","background-type":"","background-media":"","overlay-type":"","overlay-color":"","overlay-opacity":"","overlay-gradient":""},"tablet":{"background-color":"var(--ast-global-color-4)","background-image":"","background-repeat":"repeat","background-position":"center center","background-size":"auto","background-attachment":"scroll","background-type":"","background-media":"","overlay-type":"","overlay-color":"","overlay-opacity":"","overlay-gradient":""},"mobile":{"background-color":"var(--ast-global-color-4)","background-image":"","background-repeat":"repeat","background-position":"center center","background-size":"auto","background-attachment":"scroll","background-type":"","background-media":"","overlay-type":"","overlay-color":"","overlay-opacity":"","overlay-gradient":""}},"footnotes":""},"class_list":["post-272","page","type-page","status-publish","hentry"],"yoast_head":"<!-- This site is optimized with the Yoast SEO plugin v27.5 - https:\/\/yoast.com\/product\/yoast-seo-wordpress\/ -->\n<title>Pol\u00edtica de Privacidad - coindoors.com<\/title>\n<meta name=\"robots\" content=\"index, follow, max-snippet:-1, max-image-preview:large, max-video-preview:-1\" \/>\n<link rel=\"canonical\" href=\"https:\/\/coindoors.com\/en\/privacy-policy-2\/\" \/>\n<meta property=\"og:locale\" content=\"en_GB\" \/>\n<meta property=\"og:type\" content=\"article\" \/>\n<meta property=\"og:title\" content=\"Pol\u00edtica de Privacidad - coindoors.com\" \/>\n<meta property=\"og:description\" content=\"Pol\u00edtica de Privacidad y Protecci\u00f3n de Datos de Coin Windows 2017 S.L CIF B-93543635 (\u201cla Empresa\u201d) 1. Responsable del tratamiento [&hellip;]\" \/>\n<meta property=\"og:url\" content=\"https:\/\/coindoors.com\/en\/privacy-policy-2\/\" \/>\n<meta property=\"og:site_name\" content=\"coindoors.com\" \/>\n<meta property=\"article:modified_time\" content=\"2025-04-21T08:17:49+00:00\" \/>\n<meta name=\"twitter:card\" content=\"summary_large_image\" \/>\n<meta name=\"twitter:label1\" content=\"Estimated reading time\" \/>\n\t<meta name=\"twitter:data1\" content=\"3 minutes\" \/>\n<script type=\"application\/ld+json\" class=\"yoast-schema-graph\">{\"@context\":\"https:\\\/\\\/schema.org\",\"@graph\":[{\"@type\":\"WebPage\",\"@id\":\"https:\\\/\\\/coindoors.com\\\/politica-de-privacidad\\\/\",\"url\":\"https:\\\/\\\/coindoors.com\\\/politica-de-privacidad\\\/\",\"name\":\"Pol\u00edtica de Privacidad - coindoors.com\",\"isPartOf\":{\"@id\":\"https:\\\/\\\/www.coindoors.com\\\/#website\"},\"datePublished\":\"2025-04-21T08:15:38+00:00\",\"dateModified\":\"2025-04-21T08:17:49+00:00\",\"breadcrumb\":{\"@id\":\"https:\\\/\\\/coindoors.com\\\/politica-de-privacidad\\\/#breadcrumb\"},\"inLanguage\":\"en-GB\",\"potentialAction\":[{\"@type\":\"ReadAction\",\"target\":[\"https:\\\/\\\/coindoors.com\\\/politica-de-privacidad\\\/\"]}]},{\"@type\":\"BreadcrumbList\",\"@id\":\"https:\\\/\\\/coindoors.com\\\/politica-de-privacidad\\\/#breadcrumb\",\"itemListElement\":[{\"@type\":\"ListItem\",\"position\":1,\"name\":\"Home\",\"item\":\"https:\\\/\\\/www.coindoors.com\\\/\"},{\"@type\":\"ListItem\",\"position\":2,\"name\":\"Pol\u00edtica de Privacidad\"}]},{\"@type\":\"WebSite\",\"@id\":\"https:\\\/\\\/www.coindoors.com\\\/#website\",\"url\":\"https:\\\/\\\/www.coindoors.com\\\/\",\"name\":\"coindoors.com\",\"description\":\"\",\"publisher\":{\"@id\":\"https:\\\/\\\/www.coindoors.com\\\/#organization\"},\"potentialAction\":[{\"@type\":\"SearchAction\",\"target\":{\"@type\":\"EntryPoint\",\"urlTemplate\":\"https:\\\/\\\/www.coindoors.com\\\/?s={search_term_string}\"},\"query-input\":{\"@type\":\"PropertyValueSpecification\",\"valueRequired\":true,\"valueName\":\"search_term_string\"}}],\"inLanguage\":\"en-GB\"},{\"@type\":\"Organization\",\"@id\":\"https:\\\/\\\/www.coindoors.com\\\/#organization\",\"name\":\"coindoors.com\",\"url\":\"https:\\\/\\\/www.coindoors.com\\\/\",\"logo\":{\"@type\":\"ImageObject\",\"inLanguage\":\"en-GB\",\"@id\":\"https:\\\/\\\/www.coindoors.com\\\/#\\\/schema\\\/logo\\\/image\\\/\",\"url\":\"https:\\\/\\\/coindoors.com\\\/wp-content\\\/uploads\\\/2025\\\/04\\\/Logo-Oscuro.png\",\"contentUrl\":\"https:\\\/\\\/coindoors.com\\\/wp-content\\\/uploads\\\/2025\\\/04\\\/Logo-Oscuro.png\",\"width\":350,\"height\":70,\"caption\":\"coindoors.com\"},\"image\":{\"@id\":\"https:\\\/\\\/www.coindoors.com\\\/#\\\/schema\\\/logo\\\/image\\\/\"}}]}<\/script>\n<!-- \/ Yoast SEO plugin. -->","yoast_head_json":{"title":"Privacy Policy - coindoors.com","robots":{"index":"index","follow":"follow","max-snippet":"max-snippet:-1","max-image-preview":"max-image-preview:large","max-video-preview":"max-video-preview:-1"},"canonical":"https:\/\/coindoors.com\/en\/privacy-policy-2\/","og_locale":"en_GB","og_type":"article","og_title":"Pol\u00edtica de Privacidad - coindoors.com","og_description":"Pol\u00edtica de Privacidad y Protecci\u00f3n de Datos de Coin Windows 2017 S.L CIF B-93543635 (\u201cla Empresa\u201d) 1. Responsable del tratamiento [&hellip;]","og_url":"https:\/\/coindoors.com\/en\/privacy-policy-2\/","og_site_name":"coindoors.com","article_modified_time":"2025-04-21T08:17:49+00:00","twitter_card":"summary_large_image","twitter_misc":{"Estimated reading time":"3 minutes"},"schema":{"@context":"https:\/\/schema.org","@graph":[{"@type":"WebPage","@id":"https:\/\/coindoors.com\/politica-de-privacidad\/","url":"https:\/\/coindoors.com\/politica-de-privacidad\/","name":"Privacy Policy - coindoors.com","isPartOf":{"@id":"https:\/\/www.coindoors.com\/#website"},"datePublished":"2025-04-21T08:15:38+00:00","dateModified":"2025-04-21T08:17:49+00:00","breadcrumb":{"@id":"https:\/\/coindoors.com\/politica-de-privacidad\/#breadcrumb"},"inLanguage":"en-GB","potentialAction":[{"@type":"ReadAction","target":["https:\/\/coindoors.com\/politica-de-privacidad\/"]}]},{"@type":"BreadcrumbList","@id":"https:\/\/coindoors.com\/politica-de-privacidad\/#breadcrumb","itemListElement":[{"@type":"ListItem","position":1,"name":"Home","item":"https:\/\/www.coindoors.com\/"},{"@type":"ListItem","position":2,"name":"Pol\u00edtica de Privacidad"}]},{"@type":"WebSite","@id":"https:\/\/www.coindoors.com\/#website","url":"https:\/\/www.coindoors.com\/","name":"coindoors.com","description":"","publisher":{"@id":"https:\/\/www.coindoors.com\/#organization"},"potentialAction":[{"@type":"SearchAction","target":{"@type":"EntryPoint","urlTemplate":"https:\/\/www.coindoors.com\/?s={search_term_string}"},"query-input":{"@type":"PropertyValueSpecification","valueRequired":true,"valueName":"search_term_string"}}],"inLanguage":"en-GB"},{"@type":"Organization","@id":"https:\/\/www.coindoors.com\/#organization","name":"coindoors.com","url":"https:\/\/www.coindoors.com\/","logo":{"@type":"ImageObject","inLanguage":"en-GB","@id":"https:\/\/www.coindoors.com\/#\/schema\/logo\/image\/","url":"https:\/\/coindoors.com\/wp-content\/uploads\/2025\/04\/Logo-Oscuro.png","contentUrl":"https:\/\/coindoors.com\/wp-content\/uploads\/2025\/04\/Logo-Oscuro.png","width":350,"height":70,"caption":"coindoors.com"},"image":{"@id":"https:\/\/www.coindoors.com\/#\/schema\/logo\/image\/"}}]}},"_links":{"self":[{"href":"https:\/\/coindoors.com\/en\/wp-json\/wp\/v2\/pages\/272","targetHints":{"allow":["GET"]}}],"collection":[{"href":"https:\/\/coindoors.com\/en\/wp-json\/wp\/v2\/pages"}],"about":[{"href":"https:\/\/coindoors.com\/en\/wp-json\/wp\/v2\/types\/page"}],"author":[{"embeddable":true,"href":"https:\/\/coindoors.com\/en\/wp-json\/wp\/v2\/users\/1"}],"replies":[{"embeddable":true,"href":"https:\/\/coindoors.com\/en\/wp-json\/wp\/v2\/comments?post=272"}],"version-history":[{"count":1,"href":"https:\/\/coindoors.com\/en\/wp-json\/wp\/v2\/pages\/272\/revisions"}],"predecessor-version":[{"id":278,"href":"https:\/\/coindoors.com\/en\/wp-json\/wp\/v2\/pages\/272\/revisions\/278"}],"wp:attachment":[{"href":"https:\/\/coindoors.com\/en\/wp-json\/wp\/v2\/media?parent=272"}],"curies":[{"name":"wp","href":"https:\/\/api.w.org\/{rel}","templated":true}]}}