{"id":79,"date":"2025-04-08T08:18:22","date_gmt":"2025-04-08T08:18:22","guid":{"rendered":"https:\/\/coindoors.com\/?page_id=79"},"modified":"2025-04-09T07:35:28","modified_gmt":"2025-04-09T07:35:28","slug":"projekte-aluminium-schrankfronten","status":"publish","type":"page","link":"https:\/\/coindoors.com\/de\/projekte-aluminium-schrankfronten\/","title":{"rendered":"Fronten f\u00fcr Schr\u00e4nke"},"content":{"rendered":"<div data-elementor-type=\"wp-page\" data-elementor-id=\"79\" class=\"elementor elementor-79\" data-elementor-post-type=\"page\">\n\t\t\t\t<div class=\"elementor-element elementor-element-79337ab3 e-flex e-con-boxed e-con e-parent\" data-id=\"79337ab3\" data-element_type=\"container\" data-e-type=\"container\">\n\t\t\t\t\t<div class=\"e-con-inner\">\n\t\t\t\t<div class=\"elementor-element elementor-element-194f2976 elementor-widget elementor-widget-heading\" data-id=\"194f2976\" data-element_type=\"widget\" data-e-type=\"widget\" data-widget_type=\"heading.default\">\n\t\t\t\t<div class=\"elementor-widget-container\">\n\t\t\t\t\t<h1 class=\"elementor-heading-title elementor-size-default\">Aluminium-Schrankfronten: Design, St\u00e4rke und Individualisierung<\/h1>\t\t\t\t<\/div>\n\t\t\t\t<\/div>\n\t\t\t\t<div class=\"elementor-element elementor-element-47d860d6 elementor-widget-divider--view-line elementor-widget elementor-widget-divider\" data-id=\"47d860d6\" data-element_type=\"widget\" data-e-type=\"widget\" data-widget_type=\"divider.default\">\n\t\t\t\t<div class=\"elementor-widget-container\">\n\t\t\t\t\t\t\t<div class=\"elementor-divider\">\n\t\t\t<span class=\"elementor-divider-separator\">\n\t\t\t\t\t\t<\/span>\n\t\t<\/div>\n\t\t\t\t\t\t<\/div>\n\t\t\t\t<\/div>\n\t\t\t\t<div class=\"elementor-element elementor-element-647280b7 elementor-widget__width-initial elementor-widget-tablet__width-initial elementor-widget elementor-widget-heading\" data-id=\"647280b7\" data-element_type=\"widget\" data-e-type=\"widget\" data-widget_type=\"heading.default\">\n\t\t\t\t<div class=\"elementor-widget-container\">\n\t\t\t\t\t<h5 class=\"elementor-heading-title elementor-size-default\">Unsere Schrankfronten verbinden zeitgem\u00e4\u00dfe \u00c4sthetik mit widerstandsf\u00e4higen Materialien wie Aluminium und bieten moderne und langlebige L\u00f6sungen f\u00fcr jeden Innenraum.<\/h5>\t\t\t\t<\/div>\n\t\t\t\t<\/div>\n\t\t\t\t\t<\/div>\n\t\t\t\t<\/div>\n\t\t<div class=\"elementor-element elementor-element-7e361ef8 e-flex e-con-boxed e-con e-parent\" data-id=\"7e361ef8\" data-element_type=\"container\" data-e-type=\"container\" id=\"service1\">\n\t\t\t\t\t<div class=\"e-con-inner\">\n\t\t<div class=\"elementor-element elementor-element-132928fd e-con-full e-flex e-con e-child\" data-id=\"132928fd\" data-element_type=\"container\" data-e-type=\"container\">\n\t\t\t\t<div class=\"elementor-element elementor-element-62b9e50a elementor-widget elementor-widget-heading\" data-id=\"62b9e50a\" data-element_type=\"widget\" data-e-type=\"widget\" data-widget_type=\"heading.default\">\n\t\t\t\t<div class=\"elementor-widget-container\">\n\t\t\t\t\t<h2 class=\"elementor-heading-title elementor-size-default\">Fronten f\u00fcr Schr\u00e4nke<\/h2>\t\t\t\t<\/div>\n\t\t\t\t<\/div>\n\t\t\t\t<div class=\"elementor-element elementor-element-7f0d478e elementor-widget elementor-widget-text-editor\" data-id=\"7f0d478e\" data-element_type=\"widget\" data-e-type=\"widget\" data-widget_type=\"text-editor.default\">\n\t\t\t\t<div class=\"elementor-widget-container\">\n\t\t\t\t\t\t\t\t\t<p class=\"\" data-start=\"441\" data-end=\"738\">Bei Co\u00ednDOORS bieten wir Kleiderschrankfronten aus hochwertigem Aluminium an, eine innovative Alternative zu traditionellen Holzmodellen. Sie sind f\u00fcr diejenigen gedacht, die eine elegante, langlebige und wartungsfreie Oberfl\u00e4che suchen, die sich perfekt an den Stil ihrer Wohnung anpasst.<\/p><p class=\"\" data-start=\"740\" data-end=\"995\">Jede Front wird nach Ma\u00df gefertigt, wobei du aus einer Vielzahl von Oberfl\u00e4chen w\u00e4hlen kannst: lackiert, eloxiert, in Holzoptik, strukturiert oder matt, so dass sie sich vollst\u00e4ndig in die Farbgebung und den Stil des Schlafzimmers, des Ankleidezimmers oder des Flurs einf\u00fcgt.<\/p><p class=\"\" data-start=\"997\" data-end=\"1287\">Dank der Widerstandsf\u00e4higkeit von Aluminium sind unsere Fronten ideal f\u00fcr R\u00e4ume mit hoher Luftfeuchtigkeit wie B\u00e4der oder Keller, da sie sich nicht verformen, keine Feuchtigkeit aufnehmen und nicht dem typischen Verfall von Holz unterliegen. Au\u00dferdem sind sie sehr widerstandsf\u00e4hig gegen St\u00f6\u00dfe, Kratzer und den Lauf der Zeit.<\/p><p class=\"\" data-start=\"1289\" data-end=\"1434\">Sie sind in verschiedenen Konfigurationen erh\u00e4ltlich - verschiebbar, klappbar oder faltbar - und passen sich jedem funktionalen Bedarf und architektonischen Design an.<\/p><h3 class=\"\" data-start=\"1441\" data-end=\"1497\"><strong data-start=\"1448\" data-end=\"1495\">Funktionale und \u00e4sthetische L\u00f6sung f\u00fcr dein Zuhause<\/strong><\/h3><p class=\"\" data-start=\"1498\" data-end=\"1700\">Die Schrankfronten von Co\u00ednDOORS verbessern die Funktionalit\u00e4t des Raums und verleihen ihm einen modernen, sauberen und widerstandsf\u00e4higen Touch. Die ideale L\u00f6sung f\u00fcr alle, die praktisch sein wollen, ohne auf Design zu verzichten.<\/p>\t\t\t\t\t\t\t\t<\/div>\n\t\t\t\t<\/div>\n\t\t\t\t<\/div>\n\t\t<div class=\"elementor-element elementor-element-2f14ea25 e-con-full e-flex e-con e-child\" data-id=\"2f14ea25\" data-element_type=\"container\" data-e-type=\"container\" data-settings=\"{&quot;background_background&quot;:&quot;classic&quot;}\">\n\t\t\t\t<\/div>\n\t\t\t\t\t<\/div>\n\t\t\t\t<\/div>\n\t\t<div class=\"elementor-element elementor-element-7868886 e-flex e-con-boxed e-con e-parent\" data-id=\"7868886\" data-element_type=\"container\" data-e-type=\"container\">\n\t\t\t\t\t<div class=\"e-con-inner\">\n\t\t\t\t<div class=\"elementor-element elementor-element-40e9be10 elementor-widget elementor-widget-heading\" data-id=\"40e9be10\" data-element_type=\"widget\" data-e-type=\"widget\" data-widget_type=\"heading.default\">\n\t\t\t\t<div class=\"elementor-widget-container\">\n\t\t\t\t\t<h2 class=\"elementor-heading-title elementor-size-default\">Sch\u00fctzen Sie das, was Ihnen am wichtigsten ist, mit einer T\u00fcr, die genau auf Sie zugeschnitten ist.<\/h2>\t\t\t\t<\/div>\n\t\t\t\t<\/div>\n\t\t\t\t<div class=\"elementor-element elementor-element-9dc919a elementor-widget__width-initial elementor-widget elementor-widget-text-editor\" data-id=\"9dc919a\" data-element_type=\"widget\" data-e-type=\"widget\" data-widget_type=\"text-editor.default\">\n\t\t\t\t<div class=\"elementor-widget-container\">\n\t\t\t\t\t\t\t\t\t<p>Wir entwerfen Panzert\u00fcren, die sicher und elegant sind und zu Ihrem Stil passen. Sprechen Sie mit unserem Team und finden Sie heraus, wie wir Ihnen helfen k\u00f6nnen, Ihr Zuhause oder Ihr Unternehmen zu st\u00e4rken.<\/p>\t\t\t\t\t\t\t\t<\/div>\n\t\t\t\t<\/div>\n\t\t\t\t<div class=\"elementor-element elementor-element-1d354ac1 elementor-align-center elementor-invisible elementor-widget elementor-widget-button\" data-id=\"1d354ac1\" data-element_type=\"widget\" data-e-type=\"widget\" data-settings=\"{&quot;_animation&quot;:&quot;fadeInDown&quot;}\" data-widget_type=\"button.default\">\n\t\t\t\t<div class=\"elementor-widget-container\">\n\t\t\t\t\t\t\t\t\t<div class=\"elementor-button-wrapper\">\n\t\t\t\t\t<a class=\"elementor-button elementor-button-link elementor-size-sm\" href=\"https:\/\/wa.me\/34621206049\">\n\t\t\t\t\t\t<span class=\"elementor-button-content-wrapper\">\n\t\t\t\t\t\t\t\t\t<span class=\"elementor-button-text\">Kontakt<\/span>\n\t\t\t\t\t<\/span>\n\t\t\t\t\t<\/a>\n\t\t\t\t<\/div>\n\t\t\t\t\t\t\t\t<\/div>\n\t\t\t\t<\/div>\n\t\t\t\t\t<\/div>\n\t\t\t\t<\/div>\n\t\t\t\t<\/div>","protected":false},"excerpt":{"rendered":"<p>Frentes de Armario en Aluminio: Dise\u00f1o, Resistencia y Personalizaci\u00f3n Nuestros frentes de armario combinan la est\u00e9tica contempor\u00e1nea con materiales resistentes [&hellip;]<\/p>\n","protected":false},"author":1,"featured_media":190,"parent":0,"menu_order":0,"comment_status":"closed","ping_status":"closed","template":"elementor_header_footer","meta":{"site-sidebar-layout":"default","site-content-layout":"","ast-site-content-layout":"default","site-content-style":"default","site-sidebar-style":"default","ast-global-header-display":"","ast-banner-title-visibility":"","ast-main-header-display":"","ast-hfb-above-header-display":"","ast-hfb-below-header-display":"","ast-hfb-mobile-header-display":"","site-post-title":"","ast-breadcrumbs-content":"","ast-featured-img":"","footer-sml-layout":"","ast-disable-related-posts":"","theme-transparent-header-meta":"","adv-header-id-meta":"","stick-header-meta":"","header-above-stick-meta":"","header-main-stick-meta":"","header-below-stick-meta":"","astra-migrate-meta-layouts":"default","ast-page-background-enabled":"default","ast-page-background-meta":{"desktop":{"background-color":"var(--ast-global-color-5)","background-image":"","background-repeat":"repeat","background-position":"center center","background-size":"auto","background-attachment":"scroll","background-type":"","background-media":"","overlay-type":"","overlay-color":"","overlay-opacity":"","overlay-gradient":""},"tablet":{"background-color":"","background-image":"","background-repeat":"repeat","background-position":"center center","background-size":"auto","background-attachment":"scroll","background-type":"","background-media":"","overlay-type":"","overlay-color":"","overlay-opacity":"","overlay-gradient":""},"mobile":{"background-color":"","background-image":"","background-repeat":"repeat","background-position":"center center","background-size":"auto","background-attachment":"scroll","background-type":"","background-media":"","overlay-type":"","overlay-color":"","overlay-opacity":"","overlay-gradient":""}},"ast-content-background-meta":{"desktop":{"background-color":"var(--ast-global-color-4)","background-image":"","background-repeat":"repeat","background-position":"center center","background-size":"auto","background-attachment":"scroll","background-type":"","background-media":"","overlay-type":"","overlay-color":"","overlay-opacity":"","overlay-gradient":""},"tablet":{"background-color":"var(--ast-global-color-4)","background-image":"","background-repeat":"repeat","background-position":"center center","background-size":"auto","background-attachment":"scroll","background-type":"","background-media":"","overlay-type":"","overlay-color":"","overlay-opacity":"","overlay-gradient":""},"mobile":{"background-color":"var(--ast-global-color-4)","background-image":"","background-repeat":"repeat","background-position":"center center","background-size":"auto","background-attachment":"scroll","background-type":"","background-media":"","overlay-type":"","overlay-color":"","overlay-opacity":"","overlay-gradient":""}},"footnotes":""},"class_list":["post-79","page","type-page","status-publish","has-post-thumbnail","hentry"],"yoast_head":"<!-- This site is optimized with the Yoast SEO plugin v27.5 - https:\/\/yoast.com\/product\/yoast-seo-wordpress\/ -->\n<title>Frentes de Armario - coindoors.com<\/title>\n<meta name=\"description\" content=\"Frentes de armario en aluminio resistentes a la humedad y golpes. Dise\u00f1o moderno, duradero y a medida para dormitorios, ba\u00f1os o vestidores.\" \/>\n<meta name=\"robots\" content=\"index, follow, max-snippet:-1, max-image-preview:large, max-video-preview:-1\" \/>\n<link rel=\"canonical\" href=\"https:\/\/coindoors.com\/de\/projekte-aluminium-schrankfronten\/\" \/>\n<meta property=\"og:locale\" content=\"de_DE\" \/>\n<meta property=\"og:type\" content=\"article\" \/>\n<meta property=\"og:title\" content=\"Frentes de Armario - coindoors.com\" \/>\n<meta property=\"og:description\" content=\"Frentes de armario en aluminio resistentes a la humedad y golpes. Dise\u00f1o moderno, duradero y a medida para dormitorios, ba\u00f1os o vestidores.\" \/>\n<meta property=\"og:url\" content=\"https:\/\/coindoors.com\/de\/projekte-aluminium-schrankfronten\/\" \/>\n<meta property=\"og:site_name\" content=\"coindoors.com\" \/>\n<meta property=\"article:modified_time\" content=\"2025-04-09T07:35:28+00:00\" \/>\n<meta property=\"og:image\" content=\"https:\/\/coindoors.com\/wp-content\/uploads\/2025\/04\/frentes-de-armario-de-aluminio.webp\" \/>\n\t<meta property=\"og:image:width\" content=\"1400\" \/>\n\t<meta property=\"og:image:height\" content=\"933\" \/>\n\t<meta property=\"og:image:type\" content=\"image\/webp\" \/>\n<meta name=\"twitter:card\" content=\"summary_large_image\" \/>\n<meta name=\"twitter:label1\" content=\"Gesch\u00e4tzte Lesezeit\" \/>\n\t<meta name=\"twitter:data1\" content=\"2\u00a0Minuten\" \/>\n<script type=\"application\/ld+json\" class=\"yoast-schema-graph\">{\"@context\":\"https:\\\/\\\/schema.org\",\"@graph\":[{\"@type\":\"WebPage\",\"@id\":\"https:\\\/\\\/coindoors.com\\\/en\\\/projects-aluminium-cabinet-fronts\\\/\",\"url\":\"https:\\\/\\\/coindoors.com\\\/en\\\/projects-aluminium-cabinet-fronts\\\/\",\"name\":\"Frentes de Armario - coindoors.com\",\"isPartOf\":{\"@id\":\"https:\\\/\\\/www.coindoors.com\\\/#website\"},\"primaryImageOfPage\":{\"@id\":\"https:\\\/\\\/coindoors.com\\\/en\\\/projects-aluminium-cabinet-fronts\\\/#primaryimage\"},\"image\":{\"@id\":\"https:\\\/\\\/coindoors.com\\\/en\\\/projects-aluminium-cabinet-fronts\\\/#primaryimage\"},\"thumbnailUrl\":\"https:\\\/\\\/coindoors.com\\\/wp-content\\\/uploads\\\/2025\\\/04\\\/frentes-de-armario-de-aluminio.webp\",\"datePublished\":\"2025-04-08T08:18:22+00:00\",\"dateModified\":\"2025-04-09T07:35:28+00:00\",\"description\":\"Frentes de armario en aluminio resistentes a la humedad y golpes. Dise\u00f1o moderno, duradero y a medida para dormitorios, ba\u00f1os o vestidores.\",\"breadcrumb\":{\"@id\":\"https:\\\/\\\/coindoors.com\\\/en\\\/projects-aluminium-cabinet-fronts\\\/#breadcrumb\"},\"inLanguage\":\"de\",\"potentialAction\":[{\"@type\":\"ReadAction\",\"target\":[\"https:\\\/\\\/coindoors.com\\\/en\\\/projects-aluminium-cabinet-fronts\\\/\"]}]},{\"@type\":\"ImageObject\",\"inLanguage\":\"de\",\"@id\":\"https:\\\/\\\/coindoors.com\\\/en\\\/projects-aluminium-cabinet-fronts\\\/#primaryimage\",\"url\":\"https:\\\/\\\/coindoors.com\\\/wp-content\\\/uploads\\\/2025\\\/04\\\/frentes-de-armario-de-aluminio.webp\",\"contentUrl\":\"https:\\\/\\\/coindoors.com\\\/wp-content\\\/uploads\\\/2025\\\/04\\\/frentes-de-armario-de-aluminio.webp\",\"width\":1400,\"height\":933,\"caption\":\"frentes-de-armario-de-aluminio\"},{\"@type\":\"BreadcrumbList\",\"@id\":\"https:\\\/\\\/coindoors.com\\\/en\\\/projects-aluminium-cabinet-fronts\\\/#breadcrumb\",\"itemListElement\":[{\"@type\":\"ListItem\",\"position\":1,\"name\":\"Home\",\"item\":\"https:\\\/\\\/www.coindoors.com\\\/\"},{\"@type\":\"ListItem\",\"position\":2,\"name\":\"Frentes de Armario\"}]},{\"@type\":\"WebSite\",\"@id\":\"https:\\\/\\\/www.coindoors.com\\\/#website\",\"url\":\"https:\\\/\\\/www.coindoors.com\\\/\",\"name\":\"coindoors.com\",\"description\":\"\",\"publisher\":{\"@id\":\"https:\\\/\\\/www.coindoors.com\\\/#organization\"},\"potentialAction\":[{\"@type\":\"SearchAction\",\"target\":{\"@type\":\"EntryPoint\",\"urlTemplate\":\"https:\\\/\\\/www.coindoors.com\\\/?s={search_term_string}\"},\"query-input\":{\"@type\":\"PropertyValueSpecification\",\"valueRequired\":true,\"valueName\":\"search_term_string\"}}],\"inLanguage\":\"de\"},{\"@type\":\"Organization\",\"@id\":\"https:\\\/\\\/www.coindoors.com\\\/#organization\",\"name\":\"coindoors.com\",\"url\":\"https:\\\/\\\/www.coindoors.com\\\/\",\"logo\":{\"@type\":\"ImageObject\",\"inLanguage\":\"de\",\"@id\":\"https:\\\/\\\/www.coindoors.com\\\/#\\\/schema\\\/logo\\\/image\\\/\",\"url\":\"https:\\\/\\\/coindoors.com\\\/wp-content\\\/uploads\\\/2025\\\/04\\\/Logo-Oscuro.png\",\"contentUrl\":\"https:\\\/\\\/coindoors.com\\\/wp-content\\\/uploads\\\/2025\\\/04\\\/Logo-Oscuro.png\",\"width\":350,\"height\":70,\"caption\":\"coindoors.com\"},\"image\":{\"@id\":\"https:\\\/\\\/www.coindoors.com\\\/#\\\/schema\\\/logo\\\/image\\\/\"}}]}<\/script>\n<!-- \/ Yoast SEO plugin. -->","yoast_head_json":{"title":"Garderobenfronten - coindoors.com","description":"Kleiderschrankfronten aus Aluminium, die gegen Feuchtigkeit und St\u00f6\u00dfe resistent sind. Modernes, langlebiges und individuelles Design f\u00fcr Schlafzimmer, Badezimmer oder Ankleidezimmer.","robots":{"index":"index","follow":"follow","max-snippet":"max-snippet:-1","max-image-preview":"max-image-preview:large","max-video-preview":"max-video-preview:-1"},"canonical":"https:\/\/coindoors.com\/de\/projekte-aluminium-schrankfronten\/","og_locale":"de_DE","og_type":"article","og_title":"Frentes de Armario - coindoors.com","og_description":"Frentes de armario en aluminio resistentes a la humedad y golpes. Dise\u00f1o moderno, duradero y a medida para dormitorios, ba\u00f1os o vestidores.","og_url":"https:\/\/coindoors.com\/de\/projekte-aluminium-schrankfronten\/","og_site_name":"coindoors.com","article_modified_time":"2025-04-09T07:35:28+00:00","og_image":[{"width":1400,"height":933,"url":"https:\/\/coindoors.com\/wp-content\/uploads\/2025\/04\/frentes-de-armario-de-aluminio.webp","type":"image\/webp"}],"twitter_card":"summary_large_image","twitter_misc":{"Gesch\u00e4tzte Lesezeit":"2\u00a0Minuten"},"schema":{"@context":"https:\/\/schema.org","@graph":[{"@type":"WebPage","@id":"https:\/\/coindoors.com\/en\/projects-aluminium-cabinet-fronts\/","url":"https:\/\/coindoors.com\/en\/projects-aluminium-cabinet-fronts\/","name":"Garderobenfronten - coindoors.com","isPartOf":{"@id":"https:\/\/www.coindoors.com\/#website"},"primaryImageOfPage":{"@id":"https:\/\/coindoors.com\/en\/projects-aluminium-cabinet-fronts\/#primaryimage"},"image":{"@id":"https:\/\/coindoors.com\/en\/projects-aluminium-cabinet-fronts\/#primaryimage"},"thumbnailUrl":"https:\/\/coindoors.com\/wp-content\/uploads\/2025\/04\/frentes-de-armario-de-aluminio.webp","datePublished":"2025-04-08T08:18:22+00:00","dateModified":"2025-04-09T07:35:28+00:00","description":"Kleiderschrankfronten aus Aluminium, die gegen Feuchtigkeit und St\u00f6\u00dfe resistent sind. Modernes, langlebiges und individuelles Design f\u00fcr Schlafzimmer, Badezimmer oder Ankleidezimmer.","breadcrumb":{"@id":"https:\/\/coindoors.com\/en\/projects-aluminium-cabinet-fronts\/#breadcrumb"},"inLanguage":"de","potentialAction":[{"@type":"ReadAction","target":["https:\/\/coindoors.com\/en\/projects-aluminium-cabinet-fronts\/"]}]},{"@type":"ImageObject","inLanguage":"de","@id":"https:\/\/coindoors.com\/en\/projects-aluminium-cabinet-fronts\/#primaryimage","url":"https:\/\/coindoors.com\/wp-content\/uploads\/2025\/04\/frentes-de-armario-de-aluminio.webp","contentUrl":"https:\/\/coindoors.com\/wp-content\/uploads\/2025\/04\/frentes-de-armario-de-aluminio.webp","width":1400,"height":933,"caption":"frentes-de-armario-de-aluminio"},{"@type":"BreadcrumbList","@id":"https:\/\/coindoors.com\/en\/projects-aluminium-cabinet-fronts\/#breadcrumb","itemListElement":[{"@type":"ListItem","position":1,"name":"Home","item":"https:\/\/www.coindoors.com\/"},{"@type":"ListItem","position":2,"name":"Frentes de Armario"}]},{"@type":"WebSite","@id":"https:\/\/www.coindoors.com\/#website","url":"https:\/\/www.coindoors.com\/","name":"coindoors.com","description":"","publisher":{"@id":"https:\/\/www.coindoors.com\/#organization"},"potentialAction":[{"@type":"SearchAction","target":{"@type":"EntryPoint","urlTemplate":"https:\/\/www.coindoors.com\/?s={search_term_string}"},"query-input":{"@type":"PropertyValueSpecification","valueRequired":true,"valueName":"search_term_string"}}],"inLanguage":"de"},{"@type":"Organization","@id":"https:\/\/www.coindoors.com\/#organization","name":"coindoors.com","url":"https:\/\/www.coindoors.com\/","logo":{"@type":"ImageObject","inLanguage":"de","@id":"https:\/\/www.coindoors.com\/#\/schema\/logo\/image\/","url":"https:\/\/coindoors.com\/wp-content\/uploads\/2025\/04\/Logo-Oscuro.png","contentUrl":"https:\/\/coindoors.com\/wp-content\/uploads\/2025\/04\/Logo-Oscuro.png","width":350,"height":70,"caption":"coindoors.com"},"image":{"@id":"https:\/\/www.coindoors.com\/#\/schema\/logo\/image\/"}}]}},"_links":{"self":[{"href":"https:\/\/coindoors.com\/de\/wp-json\/wp\/v2\/pages\/79","targetHints":{"allow":["GET"]}}],"collection":[{"href":"https:\/\/coindoors.com\/de\/wp-json\/wp\/v2\/pages"}],"about":[{"href":"https:\/\/coindoors.com\/de\/wp-json\/wp\/v2\/types\/page"}],"author":[{"embeddable":true,"href":"https:\/\/coindoors.com\/de\/wp-json\/wp\/v2\/users\/1"}],"replies":[{"embeddable":true,"href":"https:\/\/coindoors.com\/de\/wp-json\/wp\/v2\/comments?post=79"}],"version-history":[{"count":7,"href":"https:\/\/coindoors.com\/de\/wp-json\/wp\/v2\/pages\/79\/revisions"}],"predecessor-version":[{"id":255,"href":"https:\/\/coindoors.com\/de\/wp-json\/wp\/v2\/pages\/79\/revisions\/255"}],"wp:featuredmedia":[{"embeddable":true,"href":"https:\/\/coindoors.com\/de\/wp-json\/wp\/v2\/media\/190"}],"wp:attachment":[{"href":"https:\/\/coindoors.com\/de\/wp-json\/wp\/v2\/media?parent=79"}],"curies":[{"name":"wp","href":"https:\/\/api.w.org\/{rel}","templated":true}]}}