{"id":77,"date":"2025-04-08T08:18:50","date_gmt":"2025-04-08T08:18:50","guid":{"rendered":"https:\/\/coindoors.com\/?page_id=77"},"modified":"2025-04-09T07:37:36","modified_gmt":"2025-04-09T07:37:36","slug":"projekte-aluminium-innenturen","status":"publish","type":"page","link":"https:\/\/coindoors.com\/de\/projekte-aluminium-innenturen\/","title":{"rendered":"Innent\u00fcren"},"content":{"rendered":"<div data-elementor-type=\"wp-page\" data-elementor-id=\"77\" class=\"elementor elementor-77\" data-elementor-post-type=\"page\">\n\t\t\t\t<div class=\"elementor-element elementor-element-79337ab3 e-flex e-con-boxed e-con e-parent\" data-id=\"79337ab3\" data-element_type=\"container\" data-e-type=\"container\">\n\t\t\t\t\t<div class=\"e-con-inner\">\n\t\t\t\t<div class=\"elementor-element elementor-element-194f2976 elementor-widget elementor-widget-heading\" data-id=\"194f2976\" data-element_type=\"widget\" data-e-type=\"widget\" data-widget_type=\"heading.default\">\n\t\t\t\t<div class=\"elementor-widget-container\">\n\t\t\t\t\t<h1 class=\"elementor-heading-title elementor-size-default\">Innent\u00fcren: Stil, Komfort und Harmonie in jedem Raum<\/h1>\t\t\t\t<\/div>\n\t\t\t\t<\/div>\n\t\t\t\t<div class=\"elementor-element elementor-element-47d860d6 elementor-widget-divider--view-line elementor-widget elementor-widget-divider\" data-id=\"47d860d6\" data-element_type=\"widget\" data-e-type=\"widget\" data-widget_type=\"divider.default\">\n\t\t\t\t<div class=\"elementor-widget-container\">\n\t\t\t\t\t\t\t<div class=\"elementor-divider\">\n\t\t\t<span class=\"elementor-divider-separator\">\n\t\t\t\t\t\t<\/span>\n\t\t<\/div>\n\t\t\t\t\t\t<\/div>\n\t\t\t\t<\/div>\n\t\t\t\t<div class=\"elementor-element elementor-element-647280b7 elementor-widget__width-initial elementor-widget-tablet__width-initial elementor-widget elementor-widget-heading\" data-id=\"647280b7\" data-element_type=\"widget\" data-e-type=\"widget\" data-widget_type=\"heading.default\">\n\t\t\t\t<div class=\"elementor-widget-container\">\n\t\t\t\t\t<h5 class=\"elementor-heading-title elementor-size-default\">Die Innent\u00fcren von Co\u00ednDOORS sind so konzipiert, dass sie Funktionalit\u00e4t, Eleganz und visuelle Kontinuit\u00e4t im Inneren Ihrer Wohnung oder Ihres Gesch\u00e4fts bieten. Sie werden aus hochwertigen Materialien hergestellt und sind in einer breiten Palette von Ausf\u00fchrungen erh\u00e4ltlich, die sich perfekt in die Einrichtung und den Stil jedes Raumes einf\u00fcgen.<\/h5>\t\t\t\t<\/div>\n\t\t\t\t<\/div>\n\t\t\t\t\t<\/div>\n\t\t\t\t<\/div>\n\t\t<div class=\"elementor-element elementor-element-7e361ef8 e-flex e-con-boxed e-con e-parent\" data-id=\"7e361ef8\" data-element_type=\"container\" data-e-type=\"container\" id=\"service1\">\n\t\t\t\t\t<div class=\"e-con-inner\">\n\t\t<div class=\"elementor-element elementor-element-132928fd e-con-full e-flex e-con e-child\" data-id=\"132928fd\" data-element_type=\"container\" data-e-type=\"container\">\n\t\t\t\t<div class=\"elementor-element elementor-element-62b9e50a elementor-widget elementor-widget-heading\" data-id=\"62b9e50a\" data-element_type=\"widget\" data-e-type=\"widget\" data-widget_type=\"heading.default\">\n\t\t\t\t<div class=\"elementor-widget-container\">\n\t\t\t\t\t<h2 class=\"elementor-heading-title elementor-size-default\">Obere T\u00fcren<\/h2>\t\t\t\t<\/div>\n\t\t\t\t<\/div>\n\t\t\t\t<div class=\"elementor-element elementor-element-7f0d478e elementor-widget elementor-widget-text-editor\" data-id=\"7f0d478e\" data-element_type=\"widget\" data-e-type=\"widget\" data-widget_type=\"text-editor.default\">\n\t\t\t\t<div class=\"elementor-widget-container\">\n\t\t\t\t\t\t\t\t\t<h3 class=\"\" data-start=\"591\" data-end=\"635\"><strong data-start=\"595\" data-end=\"635\">Individuelle Gestaltung und Personalisierung<\/strong><\/h3><p class=\"\" data-start=\"637\" data-end=\"954\">Jede Innent\u00fcr wird nach Ma\u00df angefertigt, um sie an die <strong data-start=\"697\" data-end=\"720\">genaue Abmessungen<\/strong> des Raumes und unter Ber\u00fccksichtigung der \u00e4sthetischen Vorlieben des Kunden. Sie k\u00f6nnen aus mehreren Kombinationen w\u00e4hlen von <strong data-start=\"833\" data-end=\"889\">Naturholz, lackierte, PVC- oder strukturierte Oberfl\u00e4chen<\/strong>sowie eine breite Palette von <strong data-start=\"921\" data-end=\"953\">Farben, Leisten und Beschl\u00e4ge<\/strong>.<\/p><p class=\"\" data-start=\"956\" data-end=\"1157\">Ob Sie eine moderne, minimalistische oder klassische T\u00fcr suchen, bei Co\u00ednDOORS bieten wir Ihnen L\u00f6sungen, die mit jedem Raum harmonieren und Folgendes garantieren <strong data-start=\"1112\" data-end=\"1156\">Einheitlichkeit und Eleganz im gesamten Haus<\/strong>.<\/p><h3 class=\"\" data-start=\"1164\" data-end=\"1203\"><strong data-start=\"1168\" data-end=\"1203\">Ger\u00e4uschlosigkeit, Komfort und Langlebigkeit<\/strong><\/h3><p class=\"\" data-start=\"1205\" data-end=\"1475\">Unsere Innent\u00fcren zeichnen sich nicht nur durch ihr Design aus, sondern auch durch ihre <strong data-start=\"1285\" data-end=\"1319\">Schall- und W\u00e4rmed\u00e4mmung<\/strong>Die Fliesen sind so behandelt, dass sie dem t\u00e4glichen Gebrauch, der Feuchtigkeit und den St\u00f6\u00dfen standhalten und eine lange Lebensdauer gew\u00e4hrleisten. Dar\u00fcber hinaus sind sie so behandelt, dass sie dem t\u00e4glichen Gebrauch, Feuchtigkeit und St\u00f6\u00dfen standhalten und so eine lange Lebensdauer gew\u00e4hrleisten.<\/p><h3 class=\"\" data-start=\"1482\" data-end=\"1533\">\ud83c\udfe0 <strong data-start=\"1489\" data-end=\"1533\">Schlie\u00dfen Sie jeden Raum mit Stil und Qualit\u00e4t<\/strong><\/h3><p class=\"\" data-start=\"1535\" data-end=\"1720\">Verleihen Sie Ihrem Zuhause eine echte \u00e4sthetische Koh\u00e4renz mit Innent\u00fcren, die mit viel Liebe zum Detail, edlen Materialien und einer professionellen Verarbeitung hergestellt werden. Bei Co\u00ednDOORS k\u00fcmmern wir uns um jeden Winkel Ihres Raumes.<\/p>\t\t\t\t\t\t\t\t<\/div>\n\t\t\t\t<\/div>\n\t\t\t\t<\/div>\n\t\t<div class=\"elementor-element elementor-element-2f14ea25 e-con-full e-flex e-con e-child\" data-id=\"2f14ea25\" data-element_type=\"container\" data-e-type=\"container\" data-settings=\"{&quot;background_background&quot;:&quot;classic&quot;}\">\n\t\t\t\t<\/div>\n\t\t\t\t\t<\/div>\n\t\t\t\t<\/div>\n\t\t<div class=\"elementor-element elementor-element-7868886 e-flex e-con-boxed e-con e-parent\" data-id=\"7868886\" data-element_type=\"container\" data-e-type=\"container\">\n\t\t\t\t\t<div class=\"e-con-inner\">\n\t\t\t\t<div class=\"elementor-element elementor-element-40e9be10 elementor-widget elementor-widget-heading\" data-id=\"40e9be10\" data-element_type=\"widget\" data-e-type=\"widget\" data-widget_type=\"heading.default\">\n\t\t\t\t<div class=\"elementor-widget-container\">\n\t\t\t\t\t<h2 class=\"elementor-heading-title elementor-size-default\">Sch\u00fctzen Sie das, was Ihnen am wichtigsten ist, mit einer T\u00fcr, die genau auf Sie zugeschnitten ist.<\/h2>\t\t\t\t<\/div>\n\t\t\t\t<\/div>\n\t\t\t\t<div class=\"elementor-element elementor-element-9dc919a elementor-widget__width-initial elementor-widget elementor-widget-text-editor\" data-id=\"9dc919a\" data-element_type=\"widget\" data-e-type=\"widget\" data-widget_type=\"text-editor.default\">\n\t\t\t\t<div class=\"elementor-widget-container\">\n\t\t\t\t\t\t\t\t\t<p>Wir entwerfen Panzert\u00fcren, die sicher und elegant sind und zu Ihrem Stil passen. Sprechen Sie mit unserem Team und finden Sie heraus, wie wir Ihnen helfen k\u00f6nnen, Ihr Zuhause oder Ihr Unternehmen zu st\u00e4rken.<\/p>\t\t\t\t\t\t\t\t<\/div>\n\t\t\t\t<\/div>\n\t\t\t\t<div class=\"elementor-element elementor-element-1d354ac1 elementor-align-center elementor-invisible elementor-widget elementor-widget-button\" data-id=\"1d354ac1\" data-element_type=\"widget\" data-e-type=\"widget\" data-settings=\"{&quot;_animation&quot;:&quot;fadeInDown&quot;}\" data-widget_type=\"button.default\">\n\t\t\t\t<div class=\"elementor-widget-container\">\n\t\t\t\t\t\t\t\t\t<div class=\"elementor-button-wrapper\">\n\t\t\t\t\t<a class=\"elementor-button elementor-button-link elementor-size-sm\" href=\"https:\/\/wa.me\/34621206049\">\n\t\t\t\t\t\t<span class=\"elementor-button-content-wrapper\">\n\t\t\t\t\t\t\t\t\t<span class=\"elementor-button-text\">Kontakt <\/span>\n\t\t\t\t\t<\/span>\n\t\t\t\t\t<\/a>\n\t\t\t\t<\/div>\n\t\t\t\t\t\t\t\t<\/div>\n\t\t\t\t<\/div>\n\t\t\t\t\t<\/div>\n\t\t\t\t<\/div>\n\t\t\t\t<\/div>","protected":false},"excerpt":{"rendered":"<p>Puertas Interiores: Estilo, Comodidad y Armon\u00eda en Cada Espacio Las puertas interiores de Co\u00ednDOORS est\u00e1n dise\u00f1adas para ofrecer funcionalidad, elegancia [&hellip;]<\/p>\n","protected":false},"author":1,"featured_media":185,"parent":0,"menu_order":0,"comment_status":"closed","ping_status":"closed","template":"elementor_header_footer","meta":{"site-sidebar-layout":"default","site-content-layout":"","ast-site-content-layout":"default","site-content-style":"default","site-sidebar-style":"default","ast-global-header-display":"","ast-banner-title-visibility":"","ast-main-header-display":"","ast-hfb-above-header-display":"","ast-hfb-below-header-display":"","ast-hfb-mobile-header-display":"","site-post-title":"","ast-breadcrumbs-content":"","ast-featured-img":"","footer-sml-layout":"","ast-disable-related-posts":"","theme-transparent-header-meta":"","adv-header-id-meta":"","stick-header-meta":"","header-above-stick-meta":"","header-main-stick-meta":"","header-below-stick-meta":"","astra-migrate-meta-layouts":"default","ast-page-background-enabled":"default","ast-page-background-meta":{"desktop":{"background-color":"var(--ast-global-color-5)","background-image":"","background-repeat":"repeat","background-position":"center center","background-size":"auto","background-attachment":"scroll","background-type":"","background-media":"","overlay-type":"","overlay-color":"","overlay-opacity":"","overlay-gradient":""},"tablet":{"background-color":"","background-image":"","background-repeat":"repeat","background-position":"center center","background-size":"auto","background-attachment":"scroll","background-type":"","background-media":"","overlay-type":"","overlay-color":"","overlay-opacity":"","overlay-gradient":""},"mobile":{"background-color":"","background-image":"","background-repeat":"repeat","background-position":"center center","background-size":"auto","background-attachment":"scroll","background-type":"","background-media":"","overlay-type":"","overlay-color":"","overlay-opacity":"","overlay-gradient":""}},"ast-content-background-meta":{"desktop":{"background-color":"var(--ast-global-color-4)","background-image":"","background-repeat":"repeat","background-position":"center center","background-size":"auto","background-attachment":"scroll","background-type":"","background-media":"","overlay-type":"","overlay-color":"","overlay-opacity":"","overlay-gradient":""},"tablet":{"background-color":"var(--ast-global-color-4)","background-image":"","background-repeat":"repeat","background-position":"center center","background-size":"auto","background-attachment":"scroll","background-type":"","background-media":"","overlay-type":"","overlay-color":"","overlay-opacity":"","overlay-gradient":""},"mobile":{"background-color":"var(--ast-global-color-4)","background-image":"","background-repeat":"repeat","background-position":"center center","background-size":"auto","background-attachment":"scroll","background-type":"","background-media":"","overlay-type":"","overlay-color":"","overlay-opacity":"","overlay-gradient":""}},"footnotes":""},"class_list":["post-77","page","type-page","status-publish","has-post-thumbnail","hentry"],"yoast_head":"<!-- This site is optimized with the Yoast SEO plugin v27.5 - https:\/\/yoast.com\/product\/yoast-seo-wordpress\/ -->\n<title>Puertas Interiores - coindoors.com<\/title>\n<meta name=\"description\" content=\"Puertas interiores a medida con acabados modernos y elegantes. M\u00e1ximo confort, aislamiento ac\u00fastico y durabilidad para cada espacio.\" \/>\n<meta name=\"robots\" content=\"index, follow, max-snippet:-1, max-image-preview:large, max-video-preview:-1\" \/>\n<link rel=\"canonical\" href=\"https:\/\/www.coindoors.com\/projects-puertas-interiores-aluminio\/\" \/>\n<meta property=\"og:locale\" content=\"de_DE\" \/>\n<meta property=\"og:type\" content=\"article\" \/>\n<meta property=\"og:title\" content=\"Puertas Interiores - coindoors.com\" \/>\n<meta property=\"og:description\" content=\"Puertas interiores a medida con acabados modernos y elegantes. M\u00e1ximo confort, aislamiento ac\u00fastico y durabilidad para cada espacio.\" \/>\n<meta property=\"og:url\" content=\"https:\/\/www.coindoors.com\/projects-puertas-interiores-aluminio\/\" \/>\n<meta property=\"og:site_name\" content=\"coindoors.com\" \/>\n<meta property=\"article:modified_time\" content=\"2025-04-09T07:37:36+00:00\" \/>\n<meta property=\"og:image\" content=\"https:\/\/www.coindoors.com\/wp-content\/uploads\/2025\/04\/Puertas-interiores.jpg\" \/>\n\t<meta property=\"og:image:width\" content=\"474\" \/>\n\t<meta property=\"og:image:height\" content=\"474\" \/>\n\t<meta property=\"og:image:type\" content=\"image\/jpeg\" \/>\n<meta name=\"twitter:card\" content=\"summary_large_image\" \/>\n<meta name=\"twitter:label1\" content=\"Gesch\u00e4tzte Lesezeit\" \/>\n\t<meta name=\"twitter:data1\" content=\"2\u00a0Minuten\" \/>\n<script type=\"application\/ld+json\" class=\"yoast-schema-graph\">{\"@context\":\"https:\\\/\\\/schema.org\",\"@graph\":[{\"@type\":\"WebPage\",\"@id\":\"https:\\\/\\\/www.coindoors.com\\\/projects-puertas-interiores-aluminio\\\/\",\"url\":\"https:\\\/\\\/www.coindoors.com\\\/projects-puertas-interiores-aluminio\\\/\",\"name\":\"Puertas Interiores - coindoors.com\",\"isPartOf\":{\"@id\":\"https:\\\/\\\/www.coindoors.com\\\/#website\"},\"primaryImageOfPage\":{\"@id\":\"https:\\\/\\\/www.coindoors.com\\\/projects-puertas-interiores-aluminio\\\/#primaryimage\"},\"image\":{\"@id\":\"https:\\\/\\\/www.coindoors.com\\\/projects-puertas-interiores-aluminio\\\/#primaryimage\"},\"thumbnailUrl\":\"https:\\\/\\\/coindoors.com\\\/wp-content\\\/uploads\\\/2025\\\/04\\\/Puertas-interiores.jpg\",\"datePublished\":\"2025-04-08T08:18:50+00:00\",\"dateModified\":\"2025-04-09T07:37:36+00:00\",\"description\":\"Puertas interiores a medida con acabados modernos y elegantes. M\u00e1ximo confort, aislamiento ac\u00fastico y durabilidad para cada espacio.\",\"breadcrumb\":{\"@id\":\"https:\\\/\\\/www.coindoors.com\\\/projects-puertas-interiores-aluminio\\\/#breadcrumb\"},\"inLanguage\":\"de\",\"potentialAction\":[{\"@type\":\"ReadAction\",\"target\":[\"https:\\\/\\\/www.coindoors.com\\\/projects-puertas-interiores-aluminio\\\/\"]}]},{\"@type\":\"ImageObject\",\"inLanguage\":\"de\",\"@id\":\"https:\\\/\\\/www.coindoors.com\\\/projects-puertas-interiores-aluminio\\\/#primaryimage\",\"url\":\"https:\\\/\\\/coindoors.com\\\/wp-content\\\/uploads\\\/2025\\\/04\\\/Puertas-interiores.jpg\",\"contentUrl\":\"https:\\\/\\\/coindoors.com\\\/wp-content\\\/uploads\\\/2025\\\/04\\\/Puertas-interiores.jpg\",\"width\":474,\"height\":474,\"caption\":\"Puertas interiores\"},{\"@type\":\"BreadcrumbList\",\"@id\":\"https:\\\/\\\/www.coindoors.com\\\/projects-puertas-interiores-aluminio\\\/#breadcrumb\",\"itemListElement\":[{\"@type\":\"ListItem\",\"position\":1,\"name\":\"Home\",\"item\":\"https:\\\/\\\/www.coindoors.com\\\/\"},{\"@type\":\"ListItem\",\"position\":2,\"name\":\"Puertas Interiores\"}]},{\"@type\":\"WebSite\",\"@id\":\"https:\\\/\\\/www.coindoors.com\\\/#website\",\"url\":\"https:\\\/\\\/www.coindoors.com\\\/\",\"name\":\"coindoors.com\",\"description\":\"\",\"publisher\":{\"@id\":\"https:\\\/\\\/www.coindoors.com\\\/#organization\"},\"potentialAction\":[{\"@type\":\"SearchAction\",\"target\":{\"@type\":\"EntryPoint\",\"urlTemplate\":\"https:\\\/\\\/www.coindoors.com\\\/?s={search_term_string}\"},\"query-input\":{\"@type\":\"PropertyValueSpecification\",\"valueRequired\":true,\"valueName\":\"search_term_string\"}}],\"inLanguage\":\"de\"},{\"@type\":\"Organization\",\"@id\":\"https:\\\/\\\/www.coindoors.com\\\/#organization\",\"name\":\"coindoors.com\",\"url\":\"https:\\\/\\\/www.coindoors.com\\\/\",\"logo\":{\"@type\":\"ImageObject\",\"inLanguage\":\"de\",\"@id\":\"https:\\\/\\\/www.coindoors.com\\\/#\\\/schema\\\/logo\\\/image\\\/\",\"url\":\"https:\\\/\\\/coindoors.com\\\/wp-content\\\/uploads\\\/2025\\\/04\\\/Logo-Oscuro.png\",\"contentUrl\":\"https:\\\/\\\/coindoors.com\\\/wp-content\\\/uploads\\\/2025\\\/04\\\/Logo-Oscuro.png\",\"width\":350,\"height\":70,\"caption\":\"coindoors.com\"},\"image\":{\"@id\":\"https:\\\/\\\/www.coindoors.com\\\/#\\\/schema\\\/logo\\\/image\\\/\"}}]}<\/script>\n<!-- \/ Yoast SEO plugin. -->","yoast_head_json":{"title":"Innent\u00fcren - coindoors.com","description":"Ma\u00dfgeschneiderte Innent\u00fcren mit modernen und eleganten Oberfl\u00e4chen. Maximaler Komfort, Schalld\u00e4mmung und Langlebigkeit f\u00fcr jeden Raum.","robots":{"index":"index","follow":"follow","max-snippet":"max-snippet:-1","max-image-preview":"max-image-preview:large","max-video-preview":"max-video-preview:-1"},"canonical":"https:\/\/www.coindoors.com\/projects-puertas-interiores-aluminio\/","og_locale":"de_DE","og_type":"article","og_title":"Puertas Interiores - coindoors.com","og_description":"Puertas interiores a medida con acabados modernos y elegantes. M\u00e1ximo confort, aislamiento ac\u00fastico y durabilidad para cada espacio.","og_url":"https:\/\/www.coindoors.com\/projects-puertas-interiores-aluminio\/","og_site_name":"coindoors.com","article_modified_time":"2025-04-09T07:37:36+00:00","og_image":[{"width":474,"height":474,"url":"https:\/\/www.coindoors.com\/wp-content\/uploads\/2025\/04\/Puertas-interiores.jpg","type":"image\/jpeg"}],"twitter_card":"summary_large_image","twitter_misc":{"Gesch\u00e4tzte Lesezeit":"2\u00a0Minuten"},"schema":{"@context":"https:\/\/schema.org","@graph":[{"@type":"WebPage","@id":"https:\/\/www.coindoors.com\/projects-puertas-interiores-aluminio\/","url":"https:\/\/www.coindoors.com\/projects-puertas-interiores-aluminio\/","name":"Innent\u00fcren - coindoors.com","isPartOf":{"@id":"https:\/\/www.coindoors.com\/#website"},"primaryImageOfPage":{"@id":"https:\/\/www.coindoors.com\/projects-puertas-interiores-aluminio\/#primaryimage"},"image":{"@id":"https:\/\/www.coindoors.com\/projects-puertas-interiores-aluminio\/#primaryimage"},"thumbnailUrl":"https:\/\/coindoors.com\/wp-content\/uploads\/2025\/04\/Puertas-interiores.jpg","datePublished":"2025-04-08T08:18:50+00:00","dateModified":"2025-04-09T07:37:36+00:00","description":"Ma\u00dfgeschneiderte Innent\u00fcren mit modernen und eleganten Oberfl\u00e4chen. Maximaler Komfort, Schalld\u00e4mmung und Langlebigkeit f\u00fcr jeden Raum.","breadcrumb":{"@id":"https:\/\/www.coindoors.com\/projects-puertas-interiores-aluminio\/#breadcrumb"},"inLanguage":"de","potentialAction":[{"@type":"ReadAction","target":["https:\/\/www.coindoors.com\/projects-puertas-interiores-aluminio\/"]}]},{"@type":"ImageObject","inLanguage":"de","@id":"https:\/\/www.coindoors.com\/projects-puertas-interiores-aluminio\/#primaryimage","url":"https:\/\/coindoors.com\/wp-content\/uploads\/2025\/04\/Puertas-interiores.jpg","contentUrl":"https:\/\/coindoors.com\/wp-content\/uploads\/2025\/04\/Puertas-interiores.jpg","width":474,"height":474,"caption":"Puertas interiores"},{"@type":"BreadcrumbList","@id":"https:\/\/www.coindoors.com\/projects-puertas-interiores-aluminio\/#breadcrumb","itemListElement":[{"@type":"ListItem","position":1,"name":"Home","item":"https:\/\/www.coindoors.com\/"},{"@type":"ListItem","position":2,"name":"Puertas Interiores"}]},{"@type":"WebSite","@id":"https:\/\/www.coindoors.com\/#website","url":"https:\/\/www.coindoors.com\/","name":"coindoors.com","description":"","publisher":{"@id":"https:\/\/www.coindoors.com\/#organization"},"potentialAction":[{"@type":"SearchAction","target":{"@type":"EntryPoint","urlTemplate":"https:\/\/www.coindoors.com\/?s={search_term_string}"},"query-input":{"@type":"PropertyValueSpecification","valueRequired":true,"valueName":"search_term_string"}}],"inLanguage":"de"},{"@type":"Organization","@id":"https:\/\/www.coindoors.com\/#organization","name":"coindoors.com","url":"https:\/\/www.coindoors.com\/","logo":{"@type":"ImageObject","inLanguage":"de","@id":"https:\/\/www.coindoors.com\/#\/schema\/logo\/image\/","url":"https:\/\/coindoors.com\/wp-content\/uploads\/2025\/04\/Logo-Oscuro.png","contentUrl":"https:\/\/coindoors.com\/wp-content\/uploads\/2025\/04\/Logo-Oscuro.png","width":350,"height":70,"caption":"coindoors.com"},"image":{"@id":"https:\/\/www.coindoors.com\/#\/schema\/logo\/image\/"}}]}},"_links":{"self":[{"href":"https:\/\/coindoors.com\/de\/wp-json\/wp\/v2\/pages\/77","targetHints":{"allow":["GET"]}}],"collection":[{"href":"https:\/\/coindoors.com\/de\/wp-json\/wp\/v2\/pages"}],"about":[{"href":"https:\/\/coindoors.com\/de\/wp-json\/wp\/v2\/types\/page"}],"author":[{"embeddable":true,"href":"https:\/\/coindoors.com\/de\/wp-json\/wp\/v2\/users\/1"}],"replies":[{"embeddable":true,"href":"https:\/\/coindoors.com\/de\/wp-json\/wp\/v2\/comments?post=77"}],"version-history":[{"count":13,"href":"https:\/\/coindoors.com\/de\/wp-json\/wp\/v2\/pages\/77\/revisions"}],"predecessor-version":[{"id":267,"href":"https:\/\/coindoors.com\/de\/wp-json\/wp\/v2\/pages\/77\/revisions\/267"}],"wp:featuredmedia":[{"embeddable":true,"href":"https:\/\/coindoors.com\/de\/wp-json\/wp\/v2\/media\/185"}],"wp:attachment":[{"href":"https:\/\/coindoors.com\/de\/wp-json\/wp\/v2\/media?parent=77"}],"curies":[{"name":"wp","href":"https:\/\/api.w.org\/{rel}","templated":true}]}}