{"id":73,"date":"2025-04-08T08:18:55","date_gmt":"2025-04-08T08:18:55","guid":{"rendered":"https:\/\/coindoors.com\/?page_id=73"},"modified":"2025-04-09T07:38:01","modified_gmt":"2025-04-09T07:38:01","slug":"projekte-gepanzerte-turen-obere-tur","status":"publish","type":"page","link":"https:\/\/coindoors.com\/de\/projekte-gepanzerte-turen-obere-tur\/","title":{"rendered":"Obere T\u00fcr"},"content":{"rendered":"<div data-elementor-type=\"wp-page\" data-elementor-id=\"73\" class=\"elementor elementor-73\" data-elementor-post-type=\"page\">\n\t\t\t\t<div class=\"elementor-element elementor-element-79337ab3 e-flex e-con-boxed e-con e-parent\" data-id=\"79337ab3\" data-element_type=\"container\" data-e-type=\"container\">\n\t\t\t\t\t<div class=\"e-con-inner\">\n\t\t\t\t<div class=\"elementor-element elementor-element-194f2976 elementor-widget elementor-widget-heading\" data-id=\"194f2976\" data-element_type=\"widget\" data-e-type=\"widget\" data-widget_type=\"heading.default\">\n\t\t\t\t<div class=\"elementor-widget-container\">\n\t\t\t\t\t<h1 class=\"elementor-heading-title elementor-size-default\">TOP DOOR-T\u00fcren: Technologie, Stil und maximale Sicherheit<\/h1>\t\t\t\t<\/div>\n\t\t\t\t<\/div>\n\t\t\t\t<div class=\"elementor-element elementor-element-47d860d6 elementor-widget-divider--view-line elementor-widget elementor-widget-divider\" data-id=\"47d860d6\" data-element_type=\"widget\" data-e-type=\"widget\" data-widget_type=\"divider.default\">\n\t\t\t\t<div class=\"elementor-widget-container\">\n\t\t\t\t\t\t\t<div class=\"elementor-divider\">\n\t\t\t<span class=\"elementor-divider-separator\">\n\t\t\t\t\t\t<\/span>\n\t\t<\/div>\n\t\t\t\t\t\t<\/div>\n\t\t\t\t<\/div>\n\t\t\t\t<div class=\"elementor-element elementor-element-647280b7 elementor-widget__width-initial elementor-widget-tablet__width-initial elementor-widget elementor-widget-heading\" data-id=\"647280b7\" data-element_type=\"widget\" data-e-type=\"widget\" data-widget_type=\"heading.default\">\n\t\t\t\t<div class=\"elementor-widget-container\">\n\t\t\t\t\t<h5 class=\"elementor-heading-title elementor-size-default\">Unsere TOP DOOR-T\u00fcren kombinieren automatische Verriegelungstechnik mit hochwertigen Oberfl\u00e4chen wie Keramik, Holz oder Schiefer. Nach Ma\u00df gefertigt, passen sie sich perfekt an den Stil Ihres Hauses an, ohne dabei auf maximale Sicherheit zu verzichten.<\/h5>\t\t\t\t<\/div>\n\t\t\t\t<\/div>\n\t\t\t\t\t<\/div>\n\t\t\t\t<\/div>\n\t\t<div class=\"elementor-element elementor-element-7e361ef8 e-flex e-con-boxed e-con e-parent\" data-id=\"7e361ef8\" data-element_type=\"container\" data-e-type=\"container\" id=\"service1\">\n\t\t\t\t\t<div class=\"e-con-inner\">\n\t\t<div class=\"elementor-element elementor-element-132928fd e-con-full e-flex e-con e-child\" data-id=\"132928fd\" data-element_type=\"container\" data-e-type=\"container\">\n\t\t\t\t<div class=\"elementor-element elementor-element-62b9e50a elementor-widget elementor-widget-heading\" data-id=\"62b9e50a\" data-element_type=\"widget\" data-e-type=\"widget\" data-widget_type=\"heading.default\">\n\t\t\t\t<div class=\"elementor-widget-container\">\n\t\t\t\t\t<h2 class=\"elementor-heading-title elementor-size-default\">Obere T\u00fcr<\/h2>\t\t\t\t<\/div>\n\t\t\t\t<\/div>\n\t\t\t\t<div class=\"elementor-element elementor-element-7f0d478e elementor-widget elementor-widget-text-editor\" data-id=\"7f0d478e\" data-element_type=\"widget\" data-e-type=\"widget\" data-widget_type=\"text-editor.default\">\n\t\t\t\t<div class=\"elementor-widget-container\">\n\t\t\t\t\t\t\t\t\t<p class=\"\" data-start=\"186\" data-end=\"467\">Unsere Linie <strong data-start=\"200\" data-end=\"212\">T\u00dcR OBEN<\/strong> steht f\u00fcr die perfekte Verschmelzung zwischen <strong data-start=\"249\" data-end=\"294\">erweiterte Sicherheit und individuelles Design<\/strong>. Diese gepanzerten und gepanzerten T\u00fcren sind f\u00fcr diejenigen gedacht, die auf der Suche nach <strong data-start=\"369\" data-end=\"404\">das h\u00f6chste Ma\u00df an Schutz<\/strong>ohne auf eine sorgf\u00e4ltige \u00c4sthetik zu verzichten und sich an seine Umgebung anzupassen.<\/p><p class=\"\" data-start=\"469\" data-end=\"839\">Jede TOP DOOR wird nach Ma\u00df angefertigt, wobei die M\u00f6glichkeit besteht, aus einer breiten Palette von Au\u00dfenausf\u00fchrungen zu w\u00e4hlen, wie z. B. <strong data-start=\"590\" data-end=\"627\">Keramik, Schiefer, Metall oder Holz<\/strong>und eine gro\u00dfe Auswahl an Farben und Texturen, die zum Stil Ihres Hauses oder Gesch\u00e4fts passen. F\u00fcr den Innenbereich bieten wir Metallic-Optionen in verschiedenen Farbt\u00f6nen an, die ideal mit Ihrer Einrichtung harmonieren.<\/p><p class=\"\" data-start=\"841\" data-end=\"1037\">Dar\u00fcber hinaus sind diese T\u00fcren mit Schlie\u00dfsystemen ausgestattet <strong data-start=\"893\" data-end=\"918\">Mehrpunkt-Automatik<\/strong> und k\u00f6nnen umfassen <strong data-start=\"936\" data-end=\"972\">intelligente Zugangstechnik<\/strong>Die T\u00fcr kann per Fingerabdruck, numerischem Code oder Smartphone ge\u00f6ffnet werden.<\/p><p class=\"\" data-start=\"1039\" data-end=\"1260\">Ob f\u00fcr ein gehobenes Wohnhaus, eine moderne Villa oder R\u00e4umlichkeiten, die maximalen Schutz und ein professionelles Erscheinungsbild erfordern, <strong data-start=\"1163\" data-end=\"1175\">T\u00dcR OBEN<\/strong> ist die ideale Wahl f\u00fcr alle, die weder bei der Sicherheit noch beim Design Kompromisse eingehen wollen.<\/p>\t\t\t\t\t\t\t\t<\/div>\n\t\t\t\t<\/div>\n\t\t\t\t<\/div>\n\t\t<div class=\"elementor-element elementor-element-2f14ea25 e-con-full e-flex e-con e-child\" data-id=\"2f14ea25\" data-element_type=\"container\" data-e-type=\"container\" data-settings=\"{&quot;background_background&quot;:&quot;classic&quot;}\">\n\t\t\t\t<\/div>\n\t\t\t\t\t<\/div>\n\t\t\t\t<\/div>\n\t\t<div class=\"elementor-element elementor-element-7868886 e-flex e-con-boxed e-con e-parent\" data-id=\"7868886\" data-element_type=\"container\" data-e-type=\"container\">\n\t\t\t\t\t<div class=\"e-con-inner\">\n\t\t\t\t<div class=\"elementor-element elementor-element-40e9be10 elementor-widget elementor-widget-heading\" data-id=\"40e9be10\" data-element_type=\"widget\" data-e-type=\"widget\" data-widget_type=\"heading.default\">\n\t\t\t\t<div class=\"elementor-widget-container\">\n\t\t\t\t\t<h2 class=\"elementor-heading-title elementor-size-default\">Sch\u00fctzen Sie das, was Ihnen am wichtigsten ist, mit einer T\u00fcr, die genau auf Sie zugeschnitten ist.<\/h2>\t\t\t\t<\/div>\n\t\t\t\t<\/div>\n\t\t\t\t<div class=\"elementor-element elementor-element-9dc919a elementor-widget__width-initial elementor-widget elementor-widget-text-editor\" data-id=\"9dc919a\" data-element_type=\"widget\" data-e-type=\"widget\" data-widget_type=\"text-editor.default\">\n\t\t\t\t<div class=\"elementor-widget-container\">\n\t\t\t\t\t\t\t\t\t<p>Wir entwerfen Panzert\u00fcren, die sicher und elegant sind und zu Ihrem Stil passen. Sprechen Sie mit unserem Team und finden Sie heraus, wie wir Ihnen helfen k\u00f6nnen, Ihr Zuhause oder Ihr Unternehmen zu st\u00e4rken.<\/p>\t\t\t\t\t\t\t\t<\/div>\n\t\t\t\t<\/div>\n\t\t\t\t<div class=\"elementor-element elementor-element-1d354ac1 elementor-align-center elementor-invisible elementor-widget elementor-widget-button\" data-id=\"1d354ac1\" data-element_type=\"widget\" data-e-type=\"widget\" data-settings=\"{&quot;_animation&quot;:&quot;fadeInDown&quot;}\" data-widget_type=\"button.default\">\n\t\t\t\t<div class=\"elementor-widget-container\">\n\t\t\t\t\t\t\t\t\t<div class=\"elementor-button-wrapper\">\n\t\t\t\t\t<a class=\"elementor-button elementor-button-link elementor-size-sm\" href=\"https:\/\/wa.me\/34621206049\">\n\t\t\t\t\t\t<span class=\"elementor-button-content-wrapper\">\n\t\t\t\t\t\t\t\t\t<span class=\"elementor-button-text\">Kontakt <\/span>\n\t\t\t\t\t<\/span>\n\t\t\t\t\t<\/a>\n\t\t\t\t<\/div>\n\t\t\t\t\t\t\t\t<\/div>\n\t\t\t\t<\/div>\n\t\t\t\t\t<\/div>\n\t\t\t\t<\/div>\n\t\t\t\t<\/div>","protected":false},"excerpt":{"rendered":"<p>Puertas TOP DOOR: Tecnolog\u00eda, Estilo y M\u00e1xima Seguridad Nuestras puertas TOP DOOR combinan tecnolog\u00eda de cierre autom\u00e1tico con acabados de [&hellip;]<\/p>\n","protected":false},"author":1,"featured_media":165,"parent":0,"menu_order":0,"comment_status":"closed","ping_status":"closed","template":"elementor_header_footer","meta":{"site-sidebar-layout":"default","site-content-layout":"","ast-site-content-layout":"default","site-content-style":"default","site-sidebar-style":"default","ast-global-header-display":"","ast-banner-title-visibility":"","ast-main-header-display":"","ast-hfb-above-header-display":"","ast-hfb-below-header-display":"","ast-hfb-mobile-header-display":"","site-post-title":"","ast-breadcrumbs-content":"","ast-featured-img":"","footer-sml-layout":"","ast-disable-related-posts":"","theme-transparent-header-meta":"","adv-header-id-meta":"","stick-header-meta":"","header-above-stick-meta":"","header-main-stick-meta":"","header-below-stick-meta":"","astra-migrate-meta-layouts":"default","ast-page-background-enabled":"default","ast-page-background-meta":{"desktop":{"background-color":"var(--ast-global-color-5)","background-image":"","background-repeat":"repeat","background-position":"center center","background-size":"auto","background-attachment":"scroll","background-type":"","background-media":"","overlay-type":"","overlay-color":"","overlay-opacity":"","overlay-gradient":""},"tablet":{"background-color":"","background-image":"","background-repeat":"repeat","background-position":"center center","background-size":"auto","background-attachment":"scroll","background-type":"","background-media":"","overlay-type":"","overlay-color":"","overlay-opacity":"","overlay-gradient":""},"mobile":{"background-color":"","background-image":"","background-repeat":"repeat","background-position":"center center","background-size":"auto","background-attachment":"scroll","background-type":"","background-media":"","overlay-type":"","overlay-color":"","overlay-opacity":"","overlay-gradient":""}},"ast-content-background-meta":{"desktop":{"background-color":"var(--ast-global-color-4)","background-image":"","background-repeat":"repeat","background-position":"center center","background-size":"auto","background-attachment":"scroll","background-type":"","background-media":"","overlay-type":"","overlay-color":"","overlay-opacity":"","overlay-gradient":""},"tablet":{"background-color":"var(--ast-global-color-4)","background-image":"","background-repeat":"repeat","background-position":"center center","background-size":"auto","background-attachment":"scroll","background-type":"","background-media":"","overlay-type":"","overlay-color":"","overlay-opacity":"","overlay-gradient":""},"mobile":{"background-color":"var(--ast-global-color-4)","background-image":"","background-repeat":"repeat","background-position":"center center","background-size":"auto","background-attachment":"scroll","background-type":"","background-media":"","overlay-type":"","overlay-color":"","overlay-opacity":"","overlay-gradient":""}},"footnotes":""},"class_list":["post-73","page","type-page","status-publish","has-post-thumbnail","hentry"],"yoast_head":"<!-- This site is optimized with the Yoast SEO plugin v27.5 - https:\/\/yoast.com\/product\/yoast-seo-wordpress\/ -->\n<title>Puertas Top Door - coindoors.com<\/title>\n<meta name=\"description\" content=\"Puertas TOP DOOR de alta seguridad con cierre autom\u00e1tico y dise\u00f1o personalizado en cer\u00e1mica, madera o pizarra. Seguridad con estilo.\" \/>\n<meta name=\"robots\" content=\"index, follow, max-snippet:-1, max-image-preview:large, max-video-preview:-1\" \/>\n<link rel=\"canonical\" href=\"https:\/\/www.coindoors.com\/projects-puertas-blindadas-top-door\/\" \/>\n<meta property=\"og:locale\" content=\"de_DE\" \/>\n<meta property=\"og:type\" content=\"article\" \/>\n<meta property=\"og:title\" content=\"Puertas Top Door - coindoors.com\" \/>\n<meta property=\"og:description\" content=\"Puertas TOP DOOR de alta seguridad con cierre autom\u00e1tico y dise\u00f1o personalizado en cer\u00e1mica, madera o pizarra. Seguridad con estilo.\" \/>\n<meta property=\"og:url\" content=\"https:\/\/www.coindoors.com\/projects-puertas-blindadas-top-door\/\" \/>\n<meta property=\"og:site_name\" content=\"coindoors.com\" \/>\n<meta property=\"article:modified_time\" content=\"2025-04-09T07:38:01+00:00\" \/>\n<meta property=\"og:image\" content=\"https:\/\/www.coindoors.com\/wp-content\/uploads\/2025\/04\/Puertas-Top-Door.jpg\" \/>\n\t<meta property=\"og:image:width\" content=\"474\" \/>\n\t<meta property=\"og:image:height\" content=\"474\" \/>\n\t<meta property=\"og:image:type\" content=\"image\/jpeg\" \/>\n<meta name=\"twitter:card\" content=\"summary_large_image\" \/>\n<meta name=\"twitter:label1\" content=\"Gesch\u00e4tzte Lesezeit\" \/>\n\t<meta name=\"twitter:data1\" content=\"2\u00a0Minuten\" \/>\n<script type=\"application\/ld+json\" class=\"yoast-schema-graph\">{\"@context\":\"https:\\\/\\\/schema.org\",\"@graph\":[{\"@type\":\"WebPage\",\"@id\":\"https:\\\/\\\/www.coindoors.com\\\/projects-puertas-blindadas-top-door\\\/\",\"url\":\"https:\\\/\\\/www.coindoors.com\\\/projects-puertas-blindadas-top-door\\\/\",\"name\":\"Puertas Top Door - coindoors.com\",\"isPartOf\":{\"@id\":\"https:\\\/\\\/www.coindoors.com\\\/#website\"},\"primaryImageOfPage\":{\"@id\":\"https:\\\/\\\/www.coindoors.com\\\/projects-puertas-blindadas-top-door\\\/#primaryimage\"},\"image\":{\"@id\":\"https:\\\/\\\/www.coindoors.com\\\/projects-puertas-blindadas-top-door\\\/#primaryimage\"},\"thumbnailUrl\":\"https:\\\/\\\/coindoors.com\\\/wp-content\\\/uploads\\\/2025\\\/04\\\/Puertas-Top-Door.jpg\",\"datePublished\":\"2025-04-08T08:18:55+00:00\",\"dateModified\":\"2025-04-09T07:38:01+00:00\",\"description\":\"Puertas TOP DOOR de alta seguridad con cierre autom\u00e1tico y dise\u00f1o personalizado en cer\u00e1mica, madera o pizarra. Seguridad con estilo.\",\"breadcrumb\":{\"@id\":\"https:\\\/\\\/www.coindoors.com\\\/projects-puertas-blindadas-top-door\\\/#breadcrumb\"},\"inLanguage\":\"de\",\"potentialAction\":[{\"@type\":\"ReadAction\",\"target\":[\"https:\\\/\\\/www.coindoors.com\\\/projects-puertas-blindadas-top-door\\\/\"]}]},{\"@type\":\"ImageObject\",\"inLanguage\":\"de\",\"@id\":\"https:\\\/\\\/www.coindoors.com\\\/projects-puertas-blindadas-top-door\\\/#primaryimage\",\"url\":\"https:\\\/\\\/coindoors.com\\\/wp-content\\\/uploads\\\/2025\\\/04\\\/Puertas-Top-Door.jpg\",\"contentUrl\":\"https:\\\/\\\/coindoors.com\\\/wp-content\\\/uploads\\\/2025\\\/04\\\/Puertas-Top-Door.jpg\",\"width\":474,\"height\":474,\"caption\":\"Puertas Top Door\"},{\"@type\":\"BreadcrumbList\",\"@id\":\"https:\\\/\\\/www.coindoors.com\\\/projects-puertas-blindadas-top-door\\\/#breadcrumb\",\"itemListElement\":[{\"@type\":\"ListItem\",\"position\":1,\"name\":\"Home\",\"item\":\"https:\\\/\\\/www.coindoors.com\\\/\"},{\"@type\":\"ListItem\",\"position\":2,\"name\":\"Puertas Top Door\"}]},{\"@type\":\"WebSite\",\"@id\":\"https:\\\/\\\/www.coindoors.com\\\/#website\",\"url\":\"https:\\\/\\\/www.coindoors.com\\\/\",\"name\":\"coindoors.com\",\"description\":\"\",\"publisher\":{\"@id\":\"https:\\\/\\\/www.coindoors.com\\\/#organization\"},\"potentialAction\":[{\"@type\":\"SearchAction\",\"target\":{\"@type\":\"EntryPoint\",\"urlTemplate\":\"https:\\\/\\\/www.coindoors.com\\\/?s={search_term_string}\"},\"query-input\":{\"@type\":\"PropertyValueSpecification\",\"valueRequired\":true,\"valueName\":\"search_term_string\"}}],\"inLanguage\":\"de\"},{\"@type\":\"Organization\",\"@id\":\"https:\\\/\\\/www.coindoors.com\\\/#organization\",\"name\":\"coindoors.com\",\"url\":\"https:\\\/\\\/www.coindoors.com\\\/\",\"logo\":{\"@type\":\"ImageObject\",\"inLanguage\":\"de\",\"@id\":\"https:\\\/\\\/www.coindoors.com\\\/#\\\/schema\\\/logo\\\/image\\\/\",\"url\":\"https:\\\/\\\/coindoors.com\\\/wp-content\\\/uploads\\\/2025\\\/04\\\/Logo-Oscuro.png\",\"contentUrl\":\"https:\\\/\\\/coindoors.com\\\/wp-content\\\/uploads\\\/2025\\\/04\\\/Logo-Oscuro.png\",\"width\":350,\"height\":70,\"caption\":\"coindoors.com\"},\"image\":{\"@id\":\"https:\\\/\\\/www.coindoors.com\\\/#\\\/schema\\\/logo\\\/image\\\/\"}}]}<\/script>\n<!-- \/ Yoast SEO plugin. -->","yoast_head_json":{"title":"Obenliegende T\u00fcren - coindoors.com","description":"TOP DOOR Hochsicherheitst\u00fcren mit automatischer Verriegelung und individuellem Design in Keramik, Holz oder Schiefer. Sicherheit mit Stil.","robots":{"index":"index","follow":"follow","max-snippet":"max-snippet:-1","max-image-preview":"max-image-preview:large","max-video-preview":"max-video-preview:-1"},"canonical":"https:\/\/www.coindoors.com\/projects-puertas-blindadas-top-door\/","og_locale":"de_DE","og_type":"article","og_title":"Puertas Top Door - coindoors.com","og_description":"Puertas TOP DOOR de alta seguridad con cierre autom\u00e1tico y dise\u00f1o personalizado en cer\u00e1mica, madera o pizarra. Seguridad con estilo.","og_url":"https:\/\/www.coindoors.com\/projects-puertas-blindadas-top-door\/","og_site_name":"coindoors.com","article_modified_time":"2025-04-09T07:38:01+00:00","og_image":[{"width":474,"height":474,"url":"https:\/\/www.coindoors.com\/wp-content\/uploads\/2025\/04\/Puertas-Top-Door.jpg","type":"image\/jpeg"}],"twitter_card":"summary_large_image","twitter_misc":{"Gesch\u00e4tzte Lesezeit":"2\u00a0Minuten"},"schema":{"@context":"https:\/\/schema.org","@graph":[{"@type":"WebPage","@id":"https:\/\/www.coindoors.com\/projects-puertas-blindadas-top-door\/","url":"https:\/\/www.coindoors.com\/projects-puertas-blindadas-top-door\/","name":"Obenliegende T\u00fcren - coindoors.com","isPartOf":{"@id":"https:\/\/www.coindoors.com\/#website"},"primaryImageOfPage":{"@id":"https:\/\/www.coindoors.com\/projects-puertas-blindadas-top-door\/#primaryimage"},"image":{"@id":"https:\/\/www.coindoors.com\/projects-puertas-blindadas-top-door\/#primaryimage"},"thumbnailUrl":"https:\/\/coindoors.com\/wp-content\/uploads\/2025\/04\/Puertas-Top-Door.jpg","datePublished":"2025-04-08T08:18:55+00:00","dateModified":"2025-04-09T07:38:01+00:00","description":"TOP DOOR Hochsicherheitst\u00fcren mit automatischer Verriegelung und individuellem Design in Keramik, Holz oder Schiefer. Sicherheit mit Stil.","breadcrumb":{"@id":"https:\/\/www.coindoors.com\/projects-puertas-blindadas-top-door\/#breadcrumb"},"inLanguage":"de","potentialAction":[{"@type":"ReadAction","target":["https:\/\/www.coindoors.com\/projects-puertas-blindadas-top-door\/"]}]},{"@type":"ImageObject","inLanguage":"de","@id":"https:\/\/www.coindoors.com\/projects-puertas-blindadas-top-door\/#primaryimage","url":"https:\/\/coindoors.com\/wp-content\/uploads\/2025\/04\/Puertas-Top-Door.jpg","contentUrl":"https:\/\/coindoors.com\/wp-content\/uploads\/2025\/04\/Puertas-Top-Door.jpg","width":474,"height":474,"caption":"Puertas Top Door"},{"@type":"BreadcrumbList","@id":"https:\/\/www.coindoors.com\/projects-puertas-blindadas-top-door\/#breadcrumb","itemListElement":[{"@type":"ListItem","position":1,"name":"Home","item":"https:\/\/www.coindoors.com\/"},{"@type":"ListItem","position":2,"name":"Puertas Top Door"}]},{"@type":"WebSite","@id":"https:\/\/www.coindoors.com\/#website","url":"https:\/\/www.coindoors.com\/","name":"coindoors.com","description":"","publisher":{"@id":"https:\/\/www.coindoors.com\/#organization"},"potentialAction":[{"@type":"SearchAction","target":{"@type":"EntryPoint","urlTemplate":"https:\/\/www.coindoors.com\/?s={search_term_string}"},"query-input":{"@type":"PropertyValueSpecification","valueRequired":true,"valueName":"search_term_string"}}],"inLanguage":"de"},{"@type":"Organization","@id":"https:\/\/www.coindoors.com\/#organization","name":"coindoors.com","url":"https:\/\/www.coindoors.com\/","logo":{"@type":"ImageObject","inLanguage":"de","@id":"https:\/\/www.coindoors.com\/#\/schema\/logo\/image\/","url":"https:\/\/coindoors.com\/wp-content\/uploads\/2025\/04\/Logo-Oscuro.png","contentUrl":"https:\/\/coindoors.com\/wp-content\/uploads\/2025\/04\/Logo-Oscuro.png","width":350,"height":70,"caption":"coindoors.com"},"image":{"@id":"https:\/\/www.coindoors.com\/#\/schema\/logo\/image\/"}}]}},"_links":{"self":[{"href":"https:\/\/coindoors.com\/de\/wp-json\/wp\/v2\/pages\/73","targetHints":{"allow":["GET"]}}],"collection":[{"href":"https:\/\/coindoors.com\/de\/wp-json\/wp\/v2\/pages"}],"about":[{"href":"https:\/\/coindoors.com\/de\/wp-json\/wp\/v2\/types\/page"}],"author":[{"embeddable":true,"href":"https:\/\/coindoors.com\/de\/wp-json\/wp\/v2\/users\/1"}],"replies":[{"embeddable":true,"href":"https:\/\/coindoors.com\/de\/wp-json\/wp\/v2\/comments?post=73"}],"version-history":[{"count":7,"href":"https:\/\/coindoors.com\/de\/wp-json\/wp\/v2\/pages\/73\/revisions"}],"predecessor-version":[{"id":270,"href":"https:\/\/coindoors.com\/de\/wp-json\/wp\/v2\/pages\/73\/revisions\/270"}],"wp:featuredmedia":[{"embeddable":true,"href":"https:\/\/coindoors.com\/de\/wp-json\/wp\/v2\/media\/165"}],"wp:attachment":[{"href":"https:\/\/coindoors.com\/de\/wp-json\/wp\/v2\/media?parent=73"}],"curies":[{"name":"wp","href":"https:\/\/api.w.org\/{rel}","templated":true}]}}