{"id":69,"date":"2025-04-08T08:17:58","date_gmt":"2025-04-08T08:17:58","guid":{"rendered":"https:\/\/coindoors.com\/?page_id=69"},"modified":"2025-04-09T07:32:33","modified_gmt":"2025-04-09T07:32:33","slug":"projiziert-standardmasige-zweiflugelige-metallpanzerturen","status":"publish","type":"page","link":"https:\/\/coindoors.com\/de\/projiziert-standardmasige-zweiflugelige-metallpanzerturen\/","title":{"rendered":"Gepanzertes Doppelblatt"},"content":{"rendered":"<div data-elementor-type=\"wp-page\" data-elementor-id=\"69\" class=\"elementor elementor-69\" data-elementor-post-type=\"page\">\n\t\t\t\t<div class=\"elementor-element elementor-element-79337ab3 e-flex e-con-boxed e-con e-parent\" data-id=\"79337ab3\" data-element_type=\"container\" data-e-type=\"container\">\n\t\t\t\t\t<div class=\"e-con-inner\">\n\t\t\t\t<div class=\"elementor-element elementor-element-194f2976 elementor-widget elementor-widget-heading\" data-id=\"194f2976\" data-element_type=\"widget\" data-e-type=\"widget\" data-widget_type=\"heading.default\">\n\t\t\t\t<div class=\"elementor-widget-container\">\n\t\t\t\t\t<h1 class=\"elementor-heading-title elementor-size-default\">Zweifl\u00fcgelige, verst\u00e4rkte T\u00fcren: Gro\u00dfartigkeit, Sicherheit und Stil<\/h1>\t\t\t\t<\/div>\n\t\t\t\t<\/div>\n\t\t\t\t<div class=\"elementor-element elementor-element-47d860d6 elementor-widget-divider--view-line elementor-widget elementor-widget-divider\" data-id=\"47d860d6\" data-element_type=\"widget\" data-e-type=\"widget\" data-widget_type=\"divider.default\">\n\t\t\t\t<div class=\"elementor-widget-container\">\n\t\t\t\t\t\t\t<div class=\"elementor-divider\">\n\t\t\t<span class=\"elementor-divider-separator\">\n\t\t\t\t\t\t<\/span>\n\t\t<\/div>\n\t\t\t\t\t\t<\/div>\n\t\t\t\t<\/div>\n\t\t\t\t<div class=\"elementor-element elementor-element-647280b7 elementor-widget__width-initial elementor-widget-tablet__width-initial elementor-widget elementor-widget-heading\" data-id=\"647280b7\" data-element_type=\"widget\" data-e-type=\"widget\" data-widget_type=\"heading.default\">\n\t\t\t\t<div class=\"elementor-widget-container\">\n\t\t\t\t\t<h5 class=\"elementor-heading-title elementor-size-default\">Die zweifl\u00fcgeligen Panzert\u00fcren von Co\u00ednDOORS sind f\u00fcr gro\u00dfe Eing\u00e4nge konzipiert, die eine imposante Pr\u00e4senz erfordern, ohne dabei auf Sicherheit und Eleganz zu verzichten. <\/h5>\t\t\t\t<\/div>\n\t\t\t\t<\/div>\n\t\t\t\t\t<\/div>\n\t\t\t\t<\/div>\n\t\t<div class=\"elementor-element elementor-element-7e361ef8 e-flex e-con-boxed e-con e-parent\" data-id=\"7e361ef8\" data-element_type=\"container\" data-e-type=\"container\" id=\"service1\">\n\t\t\t\t\t<div class=\"e-con-inner\">\n\t\t<div class=\"elementor-element elementor-element-132928fd e-con-full e-flex e-con e-child\" data-id=\"132928fd\" data-element_type=\"container\" data-e-type=\"container\">\n\t\t\t\t<div class=\"elementor-element elementor-element-62b9e50a elementor-widget elementor-widget-heading\" data-id=\"62b9e50a\" data-element_type=\"widget\" data-e-type=\"widget\" data-widget_type=\"heading.default\">\n\t\t\t\t<div class=\"elementor-widget-container\">\n\t\t\t\t\t<h2 class=\"elementor-heading-title elementor-size-default\">Vielseitigkeit und Widerstandsf\u00e4higkeit im Gro\u00dfformat<\/h2>\t\t\t\t<\/div>\n\t\t\t\t<\/div>\n\t\t\t\t<div class=\"elementor-element elementor-element-7f0d478e elementor-widget elementor-widget-text-editor\" data-id=\"7f0d478e\" data-element_type=\"widget\" data-e-type=\"widget\" data-widget_type=\"text-editor.default\">\n\t\t\t\t<div class=\"elementor-widget-container\">\n\t\t\t\t\t\t\t\t\t<p class=\"\" data-start=\"561\" data-end=\"844\">Diese T\u00fcren kombinieren eine <strong data-start=\"588\" data-end=\"631\">innere Struktur aus verzinktem Stahl<\/strong> mit vollst\u00e4ndig anpassbaren Au\u00dfenverkleidungen. Erh\u00e4ltlich in Materialien wie <strong data-start=\"715\" data-end=\"756\">Naturholz, lackiertes Aluminium oder PVC<\/strong>kann an jeden architektonischen Stil angepasst werden, von klassisch bis modern.<\/p><p class=\"\" data-start=\"846\" data-end=\"1194\">Der doppelte Fl\u00fcgel sorgt nicht nur f\u00fcr einen breiten und bequemen Eingang, sondern verst\u00e4rkt auch die optische Wirkung von Robustheit und Eleganz. Perfekt in Kombination mit <strong data-start=\"1005\" data-end=\"1049\">Sicherheitsglas, Designer-Beschl\u00e4ge<\/strong> o <strong data-start=\"1052\" data-end=\"1077\">automatisierter Zugang<\/strong>Diese T\u00fcren bieten eine umfassende L\u00f6sung f\u00fcr alle, die Funktionalit\u00e4t, \u00c4sthetik und ein hohes Ma\u00df an Schutz suchen.<\/p><h3 class=\"\" data-start=\"1201\" data-end=\"1230\"><strong data-start=\"1205\" data-end=\"1230\">Dein Eintrag, dein Stil<\/strong><\/h3><p class=\"\" data-start=\"1232\" data-end=\"1538\">Jede T\u00fcr wird nach Ma\u00df gefertigt, wobei die genauen Ma\u00dfe und W\u00fcnsche des Kunden ber\u00fccksichtigt werden. Ob du eine T\u00fcr brauchst <strong data-start=\"1372\" data-end=\"1398\">symmetrisch oder asymmetrisch<\/strong>Egal, ob du eine traditionelle oder moderne \u00d6ffnung hast, unser Team ber\u00e4t dich jederzeit, um ein Ergebnis zu erzielen, das deinen Erwartungen entspricht.<\/p><h3 class=\"\" data-start=\"1545\" data-end=\"1598\"><strong data-start=\"1552\" data-end=\"1598\">Schutz und Pr\u00e4senz, in einer T\u00fcr<\/strong><\/h3><p class=\"\" data-start=\"1600\" data-end=\"1851\">Wir entwerfen <strong data-start=\"1610\" data-end=\"1645\">zweifl\u00fcgelige Panzert\u00fcren<\/strong> die deinen Eingang in einen eleganten, sicheren und funktionalen Raum verwandeln. Kontaktiere uns und finde heraus, wie eine gro\u00dfe T\u00fcr dir Folgendes bieten kann <strong data-start=\"1795\" data-end=\"1850\">den Stil, den du suchst, mit der Sicherheit, die du brauchst<\/strong>.<\/p>\t\t\t\t\t\t\t\t<\/div>\n\t\t\t\t<\/div>\n\t\t\t\t<\/div>\n\t\t<div class=\"elementor-element elementor-element-2f14ea25 e-con-full e-flex e-con e-child\" data-id=\"2f14ea25\" data-element_type=\"container\" data-e-type=\"container\" data-settings=\"{&quot;background_background&quot;:&quot;classic&quot;}\">\n\t\t\t\t<\/div>\n\t\t\t\t\t<\/div>\n\t\t\t\t<\/div>\n\t\t<div class=\"elementor-element elementor-element-7868886 e-flex e-con-boxed e-con e-parent\" data-id=\"7868886\" data-element_type=\"container\" data-e-type=\"container\">\n\t\t\t\t\t<div class=\"e-con-inner\">\n\t\t\t\t<div class=\"elementor-element elementor-element-40e9be10 elementor-widget elementor-widget-heading\" data-id=\"40e9be10\" data-element_type=\"widget\" data-e-type=\"widget\" data-widget_type=\"heading.default\">\n\t\t\t\t<div class=\"elementor-widget-container\">\n\t\t\t\t\t<h2 class=\"elementor-heading-title elementor-size-default\">Sch\u00fctzen Sie das, was Ihnen am wichtigsten ist, mit einer T\u00fcr, die genau auf Sie zugeschnitten ist.<\/h2>\t\t\t\t<\/div>\n\t\t\t\t<\/div>\n\t\t\t\t<div class=\"elementor-element elementor-element-9dc919a elementor-widget__width-initial elementor-widget elementor-widget-text-editor\" data-id=\"9dc919a\" data-element_type=\"widget\" data-e-type=\"widget\" data-widget_type=\"text-editor.default\">\n\t\t\t\t<div class=\"elementor-widget-container\">\n\t\t\t\t\t\t\t\t\t<p>Wir entwerfen Panzert\u00fcren, die sicher und elegant sind und zu Ihrem Stil passen. Sprechen Sie mit unserem Team und finden Sie heraus, wie wir Ihnen helfen k\u00f6nnen, Ihr Zuhause oder Ihr Unternehmen zu st\u00e4rken.<\/p>\t\t\t\t\t\t\t\t<\/div>\n\t\t\t\t<\/div>\n\t\t\t\t<div class=\"elementor-element elementor-element-1d354ac1 elementor-align-center elementor-invisible elementor-widget elementor-widget-button\" data-id=\"1d354ac1\" data-element_type=\"widget\" data-e-type=\"widget\" data-settings=\"{&quot;_animation&quot;:&quot;fadeInDown&quot;}\" data-widget_type=\"button.default\">\n\t\t\t\t<div class=\"elementor-widget-container\">\n\t\t\t\t\t\t\t\t\t<div class=\"elementor-button-wrapper\">\n\t\t\t\t\t<a class=\"elementor-button elementor-button-link elementor-size-sm\" href=\"https:\/\/wa.me\/34621206049\">\n\t\t\t\t\t\t<span class=\"elementor-button-content-wrapper\">\n\t\t\t\t\t\t\t\t\t<span class=\"elementor-button-text\">Kontakt <\/span>\n\t\t\t\t\t<\/span>\n\t\t\t\t\t<\/a>\n\t\t\t\t<\/div>\n\t\t\t\t\t\t\t\t<\/div>\n\t\t\t\t<\/div>\n\t\t\t\t\t<\/div>\n\t\t\t\t<\/div>\n\t\t\t\t<\/div>","protected":false},"excerpt":{"rendered":"<p>Puertas Blindadas de Doble Hoja: Grandeza, Seguridad y Estilo Las puertas blindadas de doble hoja de Co\u00ednDOORS est\u00e1n pensadas para [&hellip;]<\/p>\n","protected":false},"author":1,"featured_media":176,"parent":0,"menu_order":0,"comment_status":"closed","ping_status":"closed","template":"elementor_header_footer","meta":{"site-sidebar-layout":"default","site-content-layout":"","ast-site-content-layout":"default","site-content-style":"default","site-sidebar-style":"default","ast-global-header-display":"","ast-banner-title-visibility":"","ast-main-header-display":"","ast-hfb-above-header-display":"","ast-hfb-below-header-display":"","ast-hfb-mobile-header-display":"","site-post-title":"","ast-breadcrumbs-content":"","ast-featured-img":"","footer-sml-layout":"","ast-disable-related-posts":"","theme-transparent-header-meta":"","adv-header-id-meta":"","stick-header-meta":"","header-above-stick-meta":"","header-main-stick-meta":"","header-below-stick-meta":"","astra-migrate-meta-layouts":"default","ast-page-background-enabled":"default","ast-page-background-meta":{"desktop":{"background-color":"var(--ast-global-color-5)","background-image":"","background-repeat":"repeat","background-position":"center center","background-size":"auto","background-attachment":"scroll","background-type":"","background-media":"","overlay-type":"","overlay-color":"","overlay-opacity":"","overlay-gradient":""},"tablet":{"background-color":"","background-image":"","background-repeat":"repeat","background-position":"center center","background-size":"auto","background-attachment":"scroll","background-type":"","background-media":"","overlay-type":"","overlay-color":"","overlay-opacity":"","overlay-gradient":""},"mobile":{"background-color":"","background-image":"","background-repeat":"repeat","background-position":"center center","background-size":"auto","background-attachment":"scroll","background-type":"","background-media":"","overlay-type":"","overlay-color":"","overlay-opacity":"","overlay-gradient":""}},"ast-content-background-meta":{"desktop":{"background-color":"var(--ast-global-color-4)","background-image":"","background-repeat":"repeat","background-position":"center center","background-size":"auto","background-attachment":"scroll","background-type":"","background-media":"","overlay-type":"","overlay-color":"","overlay-opacity":"","overlay-gradient":""},"tablet":{"background-color":"var(--ast-global-color-4)","background-image":"","background-repeat":"repeat","background-position":"center center","background-size":"auto","background-attachment":"scroll","background-type":"","background-media":"","overlay-type":"","overlay-color":"","overlay-opacity":"","overlay-gradient":""},"mobile":{"background-color":"var(--ast-global-color-4)","background-image":"","background-repeat":"repeat","background-position":"center center","background-size":"auto","background-attachment":"scroll","background-type":"","background-media":"","overlay-type":"","overlay-color":"","overlay-opacity":"","overlay-gradient":""}},"footnotes":""},"class_list":["post-69","page","type-page","status-publish","has-post-thumbnail","hentry"],"yoast_head":"<!-- This site is optimized with the Yoast SEO plugin v27.5 - https:\/\/yoast.com\/product\/yoast-seo-wordpress\/ -->\n<title>Blindadas Doble Hoja - coindoors.com<\/title>\n<meta name=\"description\" content=\"Puertas blindadas de doble hoja a medida. Seguridad reforzada, dise\u00f1o elegante y apertura amplia para viviendas, chalets y negocios.\" \/>\n<meta name=\"robots\" content=\"index, follow, max-snippet:-1, max-image-preview:large, max-video-preview:-1\" \/>\n<link rel=\"canonical\" href=\"https:\/\/www.coindoors.com\/projects-puertas-blindadas-metalicas-estandar-doble-hoja\/\" \/>\n<meta property=\"og:locale\" content=\"de_DE\" \/>\n<meta property=\"og:type\" content=\"article\" \/>\n<meta property=\"og:title\" content=\"Blindadas Doble Hoja - coindoors.com\" \/>\n<meta property=\"og:description\" content=\"Puertas blindadas de doble hoja a medida. Seguridad reforzada, dise\u00f1o elegante y apertura amplia para viviendas, chalets y negocios.\" \/>\n<meta property=\"og:url\" content=\"https:\/\/www.coindoors.com\/projects-puertas-blindadas-metalicas-estandar-doble-hoja\/\" \/>\n<meta property=\"og:site_name\" content=\"coindoors.com\" \/>\n<meta property=\"article:modified_time\" content=\"2025-04-09T07:32:33+00:00\" \/>\n<meta property=\"og:image\" content=\"https:\/\/www.coindoors.com\/wp-content\/uploads\/2025\/04\/Puertas-doble-hoja.jpg\" \/>\n\t<meta property=\"og:image:width\" content=\"355\" \/>\n\t<meta property=\"og:image:height\" content=\"355\" \/>\n\t<meta property=\"og:image:type\" content=\"image\/jpeg\" \/>\n<meta name=\"twitter:card\" content=\"summary_large_image\" \/>\n<meta name=\"twitter:label1\" content=\"Gesch\u00e4tzte Lesezeit\" \/>\n\t<meta name=\"twitter:data1\" content=\"2\u00a0Minuten\" \/>\n<script type=\"application\/ld+json\" class=\"yoast-schema-graph\">{\"@context\":\"https:\\\/\\\/schema.org\",\"@graph\":[{\"@type\":\"WebPage\",\"@id\":\"https:\\\/\\\/www.coindoors.com\\\/projects-puertas-blindadas-metalicas-estandar-doble-hoja\\\/\",\"url\":\"https:\\\/\\\/www.coindoors.com\\\/projects-puertas-blindadas-metalicas-estandar-doble-hoja\\\/\",\"name\":\"Blindadas Doble Hoja - coindoors.com\",\"isPartOf\":{\"@id\":\"https:\\\/\\\/www.coindoors.com\\\/#website\"},\"primaryImageOfPage\":{\"@id\":\"https:\\\/\\\/www.coindoors.com\\\/projects-puertas-blindadas-metalicas-estandar-doble-hoja\\\/#primaryimage\"},\"image\":{\"@id\":\"https:\\\/\\\/www.coindoors.com\\\/projects-puertas-blindadas-metalicas-estandar-doble-hoja\\\/#primaryimage\"},\"thumbnailUrl\":\"https:\\\/\\\/coindoors.com\\\/wp-content\\\/uploads\\\/2025\\\/04\\\/Puertas-doble-hoja.jpg\",\"datePublished\":\"2025-04-08T08:17:58+00:00\",\"dateModified\":\"2025-04-09T07:32:33+00:00\",\"description\":\"Puertas blindadas de doble hoja a medida. Seguridad reforzada, dise\u00f1o elegante y apertura amplia para viviendas, chalets y negocios.\",\"breadcrumb\":{\"@id\":\"https:\\\/\\\/www.coindoors.com\\\/projects-puertas-blindadas-metalicas-estandar-doble-hoja\\\/#breadcrumb\"},\"inLanguage\":\"de\",\"potentialAction\":[{\"@type\":\"ReadAction\",\"target\":[\"https:\\\/\\\/www.coindoors.com\\\/projects-puertas-blindadas-metalicas-estandar-doble-hoja\\\/\"]}]},{\"@type\":\"ImageObject\",\"inLanguage\":\"de\",\"@id\":\"https:\\\/\\\/www.coindoors.com\\\/projects-puertas-blindadas-metalicas-estandar-doble-hoja\\\/#primaryimage\",\"url\":\"https:\\\/\\\/coindoors.com\\\/wp-content\\\/uploads\\\/2025\\\/04\\\/Puertas-doble-hoja.jpg\",\"contentUrl\":\"https:\\\/\\\/coindoors.com\\\/wp-content\\\/uploads\\\/2025\\\/04\\\/Puertas-doble-hoja.jpg\",\"width\":355,\"height\":355,\"caption\":\"Puertas doble hoja\"},{\"@type\":\"BreadcrumbList\",\"@id\":\"https:\\\/\\\/www.coindoors.com\\\/projects-puertas-blindadas-metalicas-estandar-doble-hoja\\\/#breadcrumb\",\"itemListElement\":[{\"@type\":\"ListItem\",\"position\":1,\"name\":\"Home\",\"item\":\"https:\\\/\\\/www.coindoors.com\\\/\"},{\"@type\":\"ListItem\",\"position\":2,\"name\":\"Blindadas Doble Hoja\"}]},{\"@type\":\"WebSite\",\"@id\":\"https:\\\/\\\/www.coindoors.com\\\/#website\",\"url\":\"https:\\\/\\\/www.coindoors.com\\\/\",\"name\":\"coindoors.com\",\"description\":\"\",\"publisher\":{\"@id\":\"https:\\\/\\\/www.coindoors.com\\\/#organization\"},\"potentialAction\":[{\"@type\":\"SearchAction\",\"target\":{\"@type\":\"EntryPoint\",\"urlTemplate\":\"https:\\\/\\\/www.coindoors.com\\\/?s={search_term_string}\"},\"query-input\":{\"@type\":\"PropertyValueSpecification\",\"valueRequired\":true,\"valueName\":\"search_term_string\"}}],\"inLanguage\":\"de\"},{\"@type\":\"Organization\",\"@id\":\"https:\\\/\\\/www.coindoors.com\\\/#organization\",\"name\":\"coindoors.com\",\"url\":\"https:\\\/\\\/www.coindoors.com\\\/\",\"logo\":{\"@type\":\"ImageObject\",\"inLanguage\":\"de\",\"@id\":\"https:\\\/\\\/www.coindoors.com\\\/#\\\/schema\\\/logo\\\/image\\\/\",\"url\":\"https:\\\/\\\/coindoors.com\\\/wp-content\\\/uploads\\\/2025\\\/04\\\/Logo-Oscuro.png\",\"contentUrl\":\"https:\\\/\\\/coindoors.com\\\/wp-content\\\/uploads\\\/2025\\\/04\\\/Logo-Oscuro.png\",\"width\":350,\"height\":70,\"caption\":\"coindoors.com\"},\"image\":{\"@id\":\"https:\\\/\\\/www.coindoors.com\\\/#\\\/schema\\\/logo\\\/image\\\/\"}}]}<\/script>\n<!-- \/ Yoast SEO plugin. -->","yoast_head_json":{"title":"Gepanzertes Doppelblatt - coindoors.com","description":"Ma\u00dfgeschneiderte zweifl\u00fcgelige Panzert\u00fcren. Verst\u00e4rkte Sicherheit, elegantes Design und gro\u00dfe \u00d6ffnungsweite f\u00fcr H\u00e4user, Villen und Unternehmen.","robots":{"index":"index","follow":"follow","max-snippet":"max-snippet:-1","max-image-preview":"max-image-preview:large","max-video-preview":"max-video-preview:-1"},"canonical":"https:\/\/www.coindoors.com\/projects-puertas-blindadas-metalicas-estandar-doble-hoja\/","og_locale":"de_DE","og_type":"article","og_title":"Blindadas Doble Hoja - coindoors.com","og_description":"Puertas blindadas de doble hoja a medida. Seguridad reforzada, dise\u00f1o elegante y apertura amplia para viviendas, chalets y negocios.","og_url":"https:\/\/www.coindoors.com\/projects-puertas-blindadas-metalicas-estandar-doble-hoja\/","og_site_name":"coindoors.com","article_modified_time":"2025-04-09T07:32:33+00:00","og_image":[{"width":355,"height":355,"url":"https:\/\/www.coindoors.com\/wp-content\/uploads\/2025\/04\/Puertas-doble-hoja.jpg","type":"image\/jpeg"}],"twitter_card":"summary_large_image","twitter_misc":{"Gesch\u00e4tzte Lesezeit":"2\u00a0Minuten"},"schema":{"@context":"https:\/\/schema.org","@graph":[{"@type":"WebPage","@id":"https:\/\/www.coindoors.com\/projects-puertas-blindadas-metalicas-estandar-doble-hoja\/","url":"https:\/\/www.coindoors.com\/projects-puertas-blindadas-metalicas-estandar-doble-hoja\/","name":"Gepanzertes Doppelblatt - coindoors.com","isPartOf":{"@id":"https:\/\/www.coindoors.com\/#website"},"primaryImageOfPage":{"@id":"https:\/\/www.coindoors.com\/projects-puertas-blindadas-metalicas-estandar-doble-hoja\/#primaryimage"},"image":{"@id":"https:\/\/www.coindoors.com\/projects-puertas-blindadas-metalicas-estandar-doble-hoja\/#primaryimage"},"thumbnailUrl":"https:\/\/coindoors.com\/wp-content\/uploads\/2025\/04\/Puertas-doble-hoja.jpg","datePublished":"2025-04-08T08:17:58+00:00","dateModified":"2025-04-09T07:32:33+00:00","description":"Ma\u00dfgeschneiderte zweifl\u00fcgelige Panzert\u00fcren. Verst\u00e4rkte Sicherheit, elegantes Design und gro\u00dfe \u00d6ffnungsweite f\u00fcr H\u00e4user, Villen und Unternehmen.","breadcrumb":{"@id":"https:\/\/www.coindoors.com\/projects-puertas-blindadas-metalicas-estandar-doble-hoja\/#breadcrumb"},"inLanguage":"de","potentialAction":[{"@type":"ReadAction","target":["https:\/\/www.coindoors.com\/projects-puertas-blindadas-metalicas-estandar-doble-hoja\/"]}]},{"@type":"ImageObject","inLanguage":"de","@id":"https:\/\/www.coindoors.com\/projects-puertas-blindadas-metalicas-estandar-doble-hoja\/#primaryimage","url":"https:\/\/coindoors.com\/wp-content\/uploads\/2025\/04\/Puertas-doble-hoja.jpg","contentUrl":"https:\/\/coindoors.com\/wp-content\/uploads\/2025\/04\/Puertas-doble-hoja.jpg","width":355,"height":355,"caption":"Puertas doble hoja"},{"@type":"BreadcrumbList","@id":"https:\/\/www.coindoors.com\/projects-puertas-blindadas-metalicas-estandar-doble-hoja\/#breadcrumb","itemListElement":[{"@type":"ListItem","position":1,"name":"Home","item":"https:\/\/www.coindoors.com\/"},{"@type":"ListItem","position":2,"name":"Blindadas Doble Hoja"}]},{"@type":"WebSite","@id":"https:\/\/www.coindoors.com\/#website","url":"https:\/\/www.coindoors.com\/","name":"coindoors.com","description":"","publisher":{"@id":"https:\/\/www.coindoors.com\/#organization"},"potentialAction":[{"@type":"SearchAction","target":{"@type":"EntryPoint","urlTemplate":"https:\/\/www.coindoors.com\/?s={search_term_string}"},"query-input":{"@type":"PropertyValueSpecification","valueRequired":true,"valueName":"search_term_string"}}],"inLanguage":"de"},{"@type":"Organization","@id":"https:\/\/www.coindoors.com\/#organization","name":"coindoors.com","url":"https:\/\/www.coindoors.com\/","logo":{"@type":"ImageObject","inLanguage":"de","@id":"https:\/\/www.coindoors.com\/#\/schema\/logo\/image\/","url":"https:\/\/coindoors.com\/wp-content\/uploads\/2025\/04\/Logo-Oscuro.png","contentUrl":"https:\/\/coindoors.com\/wp-content\/uploads\/2025\/04\/Logo-Oscuro.png","width":350,"height":70,"caption":"coindoors.com"},"image":{"@id":"https:\/\/www.coindoors.com\/#\/schema\/logo\/image\/"}}]}},"_links":{"self":[{"href":"https:\/\/coindoors.com\/de\/wp-json\/wp\/v2\/pages\/69","targetHints":{"allow":["GET"]}}],"collection":[{"href":"https:\/\/coindoors.com\/de\/wp-json\/wp\/v2\/pages"}],"about":[{"href":"https:\/\/coindoors.com\/de\/wp-json\/wp\/v2\/types\/page"}],"author":[{"embeddable":true,"href":"https:\/\/coindoors.com\/de\/wp-json\/wp\/v2\/users\/1"}],"replies":[{"embeddable":true,"href":"https:\/\/coindoors.com\/de\/wp-json\/wp\/v2\/comments?post=69"}],"version-history":[{"count":11,"href":"https:\/\/coindoors.com\/de\/wp-json\/wp\/v2\/pages\/69\/revisions"}],"predecessor-version":[{"id":238,"href":"https:\/\/coindoors.com\/de\/wp-json\/wp\/v2\/pages\/69\/revisions\/238"}],"wp:featuredmedia":[{"embeddable":true,"href":"https:\/\/coindoors.com\/de\/wp-json\/wp\/v2\/media\/176"}],"wp:attachment":[{"href":"https:\/\/coindoors.com\/de\/wp-json\/wp\/v2\/media?parent=69"}],"curies":[{"name":"wp","href":"https:\/\/api.w.org\/{rel}","templated":true}]}}