{"id":66,"date":"2025-04-08T08:18:17","date_gmt":"2025-04-08T08:18:17","guid":{"rendered":"https:\/\/coindoors.com\/?page_id=66"},"modified":"2025-04-09T07:35:01","modified_gmt":"2025-04-09T07:35:01","slug":"projekte-gepanzerte-metallturen-tursturze-und-seitenwande","status":"publish","type":"page","link":"https:\/\/coindoors.com\/de\/projekte-gepanzerte-metallturen-tursturze-und-seitenwande\/","title":{"rendered":"T\u00fcrst\u00fcrze und Seitenw\u00e4nde"},"content":{"rendered":"<div data-elementor-type=\"wp-page\" data-elementor-id=\"66\" class=\"elementor elementor-66\" data-elementor-post-type=\"page\">\n\t\t\t\t<div class=\"elementor-element elementor-element-79337ab3 e-flex e-con-boxed e-con e-parent\" data-id=\"79337ab3\" data-element_type=\"container\" data-e-type=\"container\">\n\t\t\t\t\t<div class=\"e-con-inner\">\n\t\t\t\t<div class=\"elementor-element elementor-element-194f2976 elementor-widget elementor-widget-heading\" data-id=\"194f2976\" data-element_type=\"widget\" data-e-type=\"widget\" data-widget_type=\"heading.default\">\n\t\t\t\t<div class=\"elementor-widget-container\">\n\t\t\t\t\t<h1 class=\"elementor-heading-title elementor-size-default\">T\u00fcrst\u00fcrze und Seitenfenster: Licht, Stil und visuelle Kontinuit\u00e4t<\/h1>\t\t\t\t<\/div>\n\t\t\t\t<\/div>\n\t\t\t\t<div class=\"elementor-element elementor-element-47d860d6 elementor-widget-divider--view-line elementor-widget elementor-widget-divider\" data-id=\"47d860d6\" data-element_type=\"widget\" data-e-type=\"widget\" data-widget_type=\"divider.default\">\n\t\t\t\t<div class=\"elementor-widget-container\">\n\t\t\t\t\t\t\t<div class=\"elementor-divider\">\n\t\t\t<span class=\"elementor-divider-separator\">\n\t\t\t\t\t\t<\/span>\n\t\t<\/div>\n\t\t\t\t\t\t<\/div>\n\t\t\t\t<\/div>\n\t\t\t\t<div class=\"elementor-element elementor-element-647280b7 elementor-widget__width-initial elementor-widget-tablet__width-initial elementor-widget elementor-widget-heading\" data-id=\"647280b7\" data-element_type=\"widget\" data-e-type=\"widget\" data-widget_type=\"heading.default\">\n\t\t\t\t<div class=\"elementor-widget-container\">\n\t\t\t\t\t<h5 class=\"elementor-heading-title elementor-size-default\">Co\u00ednDOORS verglaste St\u00fcrze und Seitenteile sind die perfekte Erg\u00e4nzung zu unseren Sicherheitst\u00fcren. Sie sorgen f\u00fcr nat\u00fcrliches Licht, architektonische Pr\u00e4senz und eine umh\u00fcllende \u00c4sthetik, die das Design jedes Eingangs aufwertet.<\/h5>\t\t\t\t<\/div>\n\t\t\t\t<\/div>\n\t\t\t\t\t<\/div>\n\t\t\t\t<\/div>\n\t\t<div class=\"elementor-element elementor-element-7e361ef8 e-flex e-con-boxed e-con e-parent\" data-id=\"7e361ef8\" data-element_type=\"container\" data-e-type=\"container\" id=\"service1\">\n\t\t\t\t\t<div class=\"e-con-inner\">\n\t\t<div class=\"elementor-element elementor-element-132928fd e-con-full e-flex e-con e-child\" data-id=\"132928fd\" data-element_type=\"container\" data-e-type=\"container\">\n\t\t\t\t<div class=\"elementor-element elementor-element-62b9e50a elementor-widget elementor-widget-heading\" data-id=\"62b9e50a\" data-element_type=\"widget\" data-e-type=\"widget\" data-widget_type=\"heading.default\">\n\t\t\t\t<div class=\"elementor-widget-container\">\n\t\t\t\t\t<h2 class=\"elementor-heading-title elementor-size-default\">Jenseits der T\u00fcr: Harmonie im Ensemble<\/h2>\t\t\t\t<\/div>\n\t\t\t\t<\/div>\n\t\t\t\t<div class=\"elementor-element elementor-element-7f0d478e elementor-widget elementor-widget-text-editor\" data-id=\"7f0d478e\" data-element_type=\"widget\" data-e-type=\"widget\" data-widget_type=\"text-editor.default\">\n\t\t\t\t<div class=\"elementor-widget-container\">\n\t\t\t\t\t\t\t\t\t<p class=\"\" data-start=\"538\" data-end=\"837\">Mit unserem Angebot an T\u00fcrst\u00fcrzen und Seitenteilen kannst du deine Haust\u00fcr ganz individuell gestalten. Ob mit <strong data-start=\"657\" data-end=\"704\">transparente, undurchsichtige oder dekorative Gl\u00e4ser<\/strong>Diese Elemente sind so konzipiert, dass sie die gleichen hohen Standards f\u00fcr Sicherheit und Zuverl\u00e4ssigkeit erf\u00fcllen. <strong data-start=\"777\" data-end=\"814\">St\u00e4rke, Isolierung und Design<\/strong> als die zentrale T\u00fcr.<\/p><p class=\"\" data-start=\"839\" data-end=\"1080\">Hergestellt aus denselben hochwertigen Materialien - wie <strong data-start=\"898\" data-end=\"923\">Stahl, Aluminium oder PVC<\/strong>und mit mehreren Farboptionen - die St\u00fcrze und Seitenw\u00e4nde sind perfekt integriert und bilden ein harmonisches und sicheres Ensemble, das deinem Eingang Charakter verleiht.<\/p><p class=\"\" data-start=\"1082\" data-end=\"1230\">Dar\u00fcber hinaus k\u00f6nnen sie enthalten <strong data-start=\"1105\" data-end=\"1137\">Verbundsicherheitsglas<\/strong>Die Verwendung von Sonnenschutz, Sonnenschutz oder sogar Jalousien, um Privatsph\u00e4re zu gew\u00e4hrleisten, ohne an Eleganz zu verlieren.<\/p><h3 class=\"\" data-start=\"1237\" data-end=\"1284\"><strong data-start=\"1241\" data-end=\"1282\">Gro\u00dfe R\u00e4ume, imposante Eing\u00e4nge<\/strong><\/h3><p class=\"\" data-start=\"1285\" data-end=\"1516\">Unsere T\u00fcrst\u00fcrze und Seitenfenster sind ideal f\u00fcr moderne H\u00e4user, repr\u00e4sentative Geb\u00e4ude oder Eing\u00e4nge, die sich von anderen abheben sollen. Sie werden nach Ma\u00df gefertigt und passen sich jeder Form und Gr\u00f6\u00dfe an, einschlie\u00dflich gebogener, gerader oder abgewinkelter Optionen.<\/p><h3 class=\"\" data-start=\"1523\" data-end=\"1579\"><strong data-start=\"1530\" data-end=\"1577\">Deine T\u00fcr, eingerahmt mit Stil und Sicherheit<\/strong><\/h3><p class=\"\" data-start=\"1580\" data-end=\"1755\">Vervollst\u00e4ndige deinen Eintrag mit <strong data-start=\"1604\" data-end=\"1628\">St\u00fcrze und Seitenw\u00e4nde<\/strong> die die \u00c4sthetik deiner Panzert\u00fcr verbessern, ohne den Schutz zu beeintr\u00e4chtigen. Bei Co\u00ednDOORS z\u00e4hlt jedes Detail.<\/p>\t\t\t\t\t\t\t\t<\/div>\n\t\t\t\t<\/div>\n\t\t\t\t<\/div>\n\t\t<div class=\"elementor-element elementor-element-2f14ea25 e-con-full e-flex e-con e-child\" data-id=\"2f14ea25\" data-element_type=\"container\" data-e-type=\"container\" data-settings=\"{&quot;background_background&quot;:&quot;classic&quot;}\">\n\t\t\t\t<\/div>\n\t\t\t\t\t<\/div>\n\t\t\t\t<\/div>\n\t\t<div class=\"elementor-element elementor-element-7868886 e-flex e-con-boxed e-con e-parent\" data-id=\"7868886\" data-element_type=\"container\" data-e-type=\"container\">\n\t\t\t\t\t<div class=\"e-con-inner\">\n\t\t\t\t<div class=\"elementor-element elementor-element-40e9be10 elementor-widget elementor-widget-heading\" data-id=\"40e9be10\" data-element_type=\"widget\" data-e-type=\"widget\" data-widget_type=\"heading.default\">\n\t\t\t\t<div class=\"elementor-widget-container\">\n\t\t\t\t\t<h2 class=\"elementor-heading-title elementor-size-default\">Sch\u00fctzen Sie das, was Ihnen am wichtigsten ist, mit einer T\u00fcr, die genau auf Sie zugeschnitten ist.<\/h2>\t\t\t\t<\/div>\n\t\t\t\t<\/div>\n\t\t\t\t<div class=\"elementor-element elementor-element-9dc919a elementor-widget__width-initial elementor-widget elementor-widget-text-editor\" data-id=\"9dc919a\" data-element_type=\"widget\" data-e-type=\"widget\" data-widget_type=\"text-editor.default\">\n\t\t\t\t<div class=\"elementor-widget-container\">\n\t\t\t\t\t\t\t\t\t<p>Wir entwerfen Panzert\u00fcren, die sicher und elegant sind und zu Ihrem Stil passen. Sprechen Sie mit unserem Team und finden Sie heraus, wie wir Ihnen helfen k\u00f6nnen, Ihr Zuhause oder Ihr Unternehmen zu st\u00e4rken.<\/p>\t\t\t\t\t\t\t\t<\/div>\n\t\t\t\t<\/div>\n\t\t\t\t<div class=\"elementor-element elementor-element-1d354ac1 elementor-align-center elementor-invisible elementor-widget elementor-widget-button\" data-id=\"1d354ac1\" data-element_type=\"widget\" data-e-type=\"widget\" data-settings=\"{&quot;_animation&quot;:&quot;fadeInDown&quot;}\" data-widget_type=\"button.default\">\n\t\t\t\t<div class=\"elementor-widget-container\">\n\t\t\t\t\t\t\t\t\t<div class=\"elementor-button-wrapper\">\n\t\t\t\t\t<a class=\"elementor-button elementor-button-link elementor-size-sm\" href=\"https:\/\/wa.me\/34621206049\">\n\t\t\t\t\t\t<span class=\"elementor-button-content-wrapper\">\n\t\t\t\t\t\t\t\t\t<span class=\"elementor-button-text\">Kontakt <\/span>\n\t\t\t\t\t<\/span>\n\t\t\t\t\t<\/a>\n\t\t\t\t<\/div>\n\t\t\t\t\t\t\t\t<\/div>\n\t\t\t\t<\/div>\n\t\t\t\t\t<\/div>\n\t\t\t\t<\/div>\n\t\t\t\t<\/div>","protected":false},"excerpt":{"rendered":"<p>Dinteles y Laterales: Luz, Estilo y Continuidad Visual Los dinteles y laterales acristalados de Co\u00ednDOORS son el complemento perfecto para [&hellip;]<\/p>\n","protected":false},"author":1,"featured_media":181,"parent":0,"menu_order":0,"comment_status":"closed","ping_status":"closed","template":"elementor_header_footer","meta":{"site-sidebar-layout":"default","site-content-layout":"","ast-site-content-layout":"default","site-content-style":"default","site-sidebar-style":"default","ast-global-header-display":"","ast-banner-title-visibility":"","ast-main-header-display":"","ast-hfb-above-header-display":"","ast-hfb-below-header-display":"","ast-hfb-mobile-header-display":"","site-post-title":"","ast-breadcrumbs-content":"","ast-featured-img":"","footer-sml-layout":"","ast-disable-related-posts":"","theme-transparent-header-meta":"","adv-header-id-meta":"","stick-header-meta":"","header-above-stick-meta":"","header-main-stick-meta":"","header-below-stick-meta":"","astra-migrate-meta-layouts":"default","ast-page-background-enabled":"default","ast-page-background-meta":{"desktop":{"background-color":"var(--ast-global-color-5)","background-image":"","background-repeat":"repeat","background-position":"center center","background-size":"auto","background-attachment":"scroll","background-type":"","background-media":"","overlay-type":"","overlay-color":"","overlay-opacity":"","overlay-gradient":""},"tablet":{"background-color":"","background-image":"","background-repeat":"repeat","background-position":"center center","background-size":"auto","background-attachment":"scroll","background-type":"","background-media":"","overlay-type":"","overlay-color":"","overlay-opacity":"","overlay-gradient":""},"mobile":{"background-color":"","background-image":"","background-repeat":"repeat","background-position":"center center","background-size":"auto","background-attachment":"scroll","background-type":"","background-media":"","overlay-type":"","overlay-color":"","overlay-opacity":"","overlay-gradient":""}},"ast-content-background-meta":{"desktop":{"background-color":"var(--ast-global-color-4)","background-image":"","background-repeat":"repeat","background-position":"center center","background-size":"auto","background-attachment":"scroll","background-type":"","background-media":"","overlay-type":"","overlay-color":"","overlay-opacity":"","overlay-gradient":""},"tablet":{"background-color":"var(--ast-global-color-4)","background-image":"","background-repeat":"repeat","background-position":"center center","background-size":"auto","background-attachment":"scroll","background-type":"","background-media":"","overlay-type":"","overlay-color":"","overlay-opacity":"","overlay-gradient":""},"mobile":{"background-color":"var(--ast-global-color-4)","background-image":"","background-repeat":"repeat","background-position":"center center","background-size":"auto","background-attachment":"scroll","background-type":"","background-media":"","overlay-type":"","overlay-color":"","overlay-opacity":"","overlay-gradient":""}},"footnotes":""},"class_list":["post-66","page","type-page","status-publish","has-post-thumbnail","hentry"],"yoast_head":"<!-- This site is optimized with the Yoast SEO plugin v27.5 - https:\/\/yoast.com\/product\/yoast-seo-wordpress\/ -->\n<title>Dinteles y Laterales - coindoors.com<\/title>\n<meta name=\"description\" content=\"Dinteles y laterales acristalados que aportan luz natural, elegancia y seguridad a tu entrada. Hechos a medida para combinar con tu puerta.\" \/>\n<meta name=\"robots\" content=\"index, follow, max-snippet:-1, max-image-preview:large, max-video-preview:-1\" \/>\n<link rel=\"canonical\" href=\"https:\/\/www.coindoors.com\/projects-puertas-blindadas-metalicas-dinteles-y-laterales\/\" \/>\n<meta property=\"og:locale\" content=\"de_DE\" \/>\n<meta property=\"og:type\" content=\"article\" \/>\n<meta property=\"og:title\" content=\"Dinteles y Laterales - coindoors.com\" \/>\n<meta property=\"og:description\" content=\"Dinteles y laterales acristalados que aportan luz natural, elegancia y seguridad a tu entrada. Hechos a medida para combinar con tu puerta.\" \/>\n<meta property=\"og:url\" content=\"https:\/\/www.coindoors.com\/projects-puertas-blindadas-metalicas-dinteles-y-laterales\/\" \/>\n<meta property=\"og:site_name\" content=\"coindoors.com\" \/>\n<meta property=\"article:modified_time\" content=\"2025-04-09T07:35:01+00:00\" \/>\n<meta property=\"og:image\" content=\"https:\/\/www.coindoors.com\/wp-content\/uploads\/2025\/04\/Dinteles-y-Laterales.jpg\" \/>\n\t<meta property=\"og:image:width\" content=\"474\" \/>\n\t<meta property=\"og:image:height\" content=\"567\" \/>\n\t<meta property=\"og:image:type\" content=\"image\/jpeg\" \/>\n<meta name=\"twitter:card\" content=\"summary_large_image\" \/>\n<meta name=\"twitter:label1\" content=\"Gesch\u00e4tzte Lesezeit\" \/>\n\t<meta name=\"twitter:data1\" content=\"2\u00a0Minuten\" \/>\n<script type=\"application\/ld+json\" class=\"yoast-schema-graph\">{\"@context\":\"https:\\\/\\\/schema.org\",\"@graph\":[{\"@type\":\"WebPage\",\"@id\":\"https:\\\/\\\/www.coindoors.com\\\/projects-puertas-blindadas-metalicas-dinteles-y-laterales\\\/\",\"url\":\"https:\\\/\\\/www.coindoors.com\\\/projects-puertas-blindadas-metalicas-dinteles-y-laterales\\\/\",\"name\":\"Dinteles y Laterales - coindoors.com\",\"isPartOf\":{\"@id\":\"https:\\\/\\\/www.coindoors.com\\\/#website\"},\"primaryImageOfPage\":{\"@id\":\"https:\\\/\\\/www.coindoors.com\\\/projects-puertas-blindadas-metalicas-dinteles-y-laterales\\\/#primaryimage\"},\"image\":{\"@id\":\"https:\\\/\\\/www.coindoors.com\\\/projects-puertas-blindadas-metalicas-dinteles-y-laterales\\\/#primaryimage\"},\"thumbnailUrl\":\"https:\\\/\\\/coindoors.com\\\/wp-content\\\/uploads\\\/2025\\\/04\\\/Dinteles-y-Laterales.jpg\",\"datePublished\":\"2025-04-08T08:18:17+00:00\",\"dateModified\":\"2025-04-09T07:35:01+00:00\",\"description\":\"Dinteles y laterales acristalados que aportan luz natural, elegancia y seguridad a tu entrada. Hechos a medida para combinar con tu puerta.\",\"breadcrumb\":{\"@id\":\"https:\\\/\\\/www.coindoors.com\\\/projects-puertas-blindadas-metalicas-dinteles-y-laterales\\\/#breadcrumb\"},\"inLanguage\":\"de\",\"potentialAction\":[{\"@type\":\"ReadAction\",\"target\":[\"https:\\\/\\\/www.coindoors.com\\\/projects-puertas-blindadas-metalicas-dinteles-y-laterales\\\/\"]}]},{\"@type\":\"ImageObject\",\"inLanguage\":\"de\",\"@id\":\"https:\\\/\\\/www.coindoors.com\\\/projects-puertas-blindadas-metalicas-dinteles-y-laterales\\\/#primaryimage\",\"url\":\"https:\\\/\\\/coindoors.com\\\/wp-content\\\/uploads\\\/2025\\\/04\\\/Dinteles-y-Laterales.jpg\",\"contentUrl\":\"https:\\\/\\\/coindoors.com\\\/wp-content\\\/uploads\\\/2025\\\/04\\\/Dinteles-y-Laterales.jpg\",\"width\":474,\"height\":567,\"caption\":\"Dinteles y Laterales\"},{\"@type\":\"BreadcrumbList\",\"@id\":\"https:\\\/\\\/www.coindoors.com\\\/projects-puertas-blindadas-metalicas-dinteles-y-laterales\\\/#breadcrumb\",\"itemListElement\":[{\"@type\":\"ListItem\",\"position\":1,\"name\":\"Home\",\"item\":\"https:\\\/\\\/www.coindoors.com\\\/\"},{\"@type\":\"ListItem\",\"position\":2,\"name\":\"Dinteles y Laterales\"}]},{\"@type\":\"WebSite\",\"@id\":\"https:\\\/\\\/www.coindoors.com\\\/#website\",\"url\":\"https:\\\/\\\/www.coindoors.com\\\/\",\"name\":\"coindoors.com\",\"description\":\"\",\"publisher\":{\"@id\":\"https:\\\/\\\/www.coindoors.com\\\/#organization\"},\"potentialAction\":[{\"@type\":\"SearchAction\",\"target\":{\"@type\":\"EntryPoint\",\"urlTemplate\":\"https:\\\/\\\/www.coindoors.com\\\/?s={search_term_string}\"},\"query-input\":{\"@type\":\"PropertyValueSpecification\",\"valueRequired\":true,\"valueName\":\"search_term_string\"}}],\"inLanguage\":\"de\"},{\"@type\":\"Organization\",\"@id\":\"https:\\\/\\\/www.coindoors.com\\\/#organization\",\"name\":\"coindoors.com\",\"url\":\"https:\\\/\\\/www.coindoors.com\\\/\",\"logo\":{\"@type\":\"ImageObject\",\"inLanguage\":\"de\",\"@id\":\"https:\\\/\\\/www.coindoors.com\\\/#\\\/schema\\\/logo\\\/image\\\/\",\"url\":\"https:\\\/\\\/coindoors.com\\\/wp-content\\\/uploads\\\/2025\\\/04\\\/Logo-Oscuro.png\",\"contentUrl\":\"https:\\\/\\\/coindoors.com\\\/wp-content\\\/uploads\\\/2025\\\/04\\\/Logo-Oscuro.png\",\"width\":350,\"height\":70,\"caption\":\"coindoors.com\"},\"image\":{\"@id\":\"https:\\\/\\\/www.coindoors.com\\\/#\\\/schema\\\/logo\\\/image\\\/\"}}]}<\/script>\n<!-- \/ Yoast SEO plugin. -->","yoast_head_json":{"title":"St\u00fcrze und Seitenw\u00e4nde - coindoors.com","description":"T\u00fcrst\u00fcrze und verglaste Seitenw\u00e4nde, die nat\u00fcrliches Licht, Eleganz und Sicherheit in deinen Eingang bringen. Nach Ma\u00df gefertigt, passend zu deiner T\u00fcr.","robots":{"index":"index","follow":"follow","max-snippet":"max-snippet:-1","max-image-preview":"max-image-preview:large","max-video-preview":"max-video-preview:-1"},"canonical":"https:\/\/www.coindoors.com\/projects-puertas-blindadas-metalicas-dinteles-y-laterales\/","og_locale":"de_DE","og_type":"article","og_title":"Dinteles y Laterales - coindoors.com","og_description":"Dinteles y laterales acristalados que aportan luz natural, elegancia y seguridad a tu entrada. Hechos a medida para combinar con tu puerta.","og_url":"https:\/\/www.coindoors.com\/projects-puertas-blindadas-metalicas-dinteles-y-laterales\/","og_site_name":"coindoors.com","article_modified_time":"2025-04-09T07:35:01+00:00","og_image":[{"width":474,"height":567,"url":"https:\/\/www.coindoors.com\/wp-content\/uploads\/2025\/04\/Dinteles-y-Laterales.jpg","type":"image\/jpeg"}],"twitter_card":"summary_large_image","twitter_misc":{"Gesch\u00e4tzte Lesezeit":"2\u00a0Minuten"},"schema":{"@context":"https:\/\/schema.org","@graph":[{"@type":"WebPage","@id":"https:\/\/www.coindoors.com\/projects-puertas-blindadas-metalicas-dinteles-y-laterales\/","url":"https:\/\/www.coindoors.com\/projects-puertas-blindadas-metalicas-dinteles-y-laterales\/","name":"St\u00fcrze und Seitenw\u00e4nde - coindoors.com","isPartOf":{"@id":"https:\/\/www.coindoors.com\/#website"},"primaryImageOfPage":{"@id":"https:\/\/www.coindoors.com\/projects-puertas-blindadas-metalicas-dinteles-y-laterales\/#primaryimage"},"image":{"@id":"https:\/\/www.coindoors.com\/projects-puertas-blindadas-metalicas-dinteles-y-laterales\/#primaryimage"},"thumbnailUrl":"https:\/\/coindoors.com\/wp-content\/uploads\/2025\/04\/Dinteles-y-Laterales.jpg","datePublished":"2025-04-08T08:18:17+00:00","dateModified":"2025-04-09T07:35:01+00:00","description":"T\u00fcrst\u00fcrze und verglaste Seitenw\u00e4nde, die nat\u00fcrliches Licht, Eleganz und Sicherheit in deinen Eingang bringen. Nach Ma\u00df gefertigt, passend zu deiner T\u00fcr.","breadcrumb":{"@id":"https:\/\/www.coindoors.com\/projects-puertas-blindadas-metalicas-dinteles-y-laterales\/#breadcrumb"},"inLanguage":"de","potentialAction":[{"@type":"ReadAction","target":["https:\/\/www.coindoors.com\/projects-puertas-blindadas-metalicas-dinteles-y-laterales\/"]}]},{"@type":"ImageObject","inLanguage":"de","@id":"https:\/\/www.coindoors.com\/projects-puertas-blindadas-metalicas-dinteles-y-laterales\/#primaryimage","url":"https:\/\/coindoors.com\/wp-content\/uploads\/2025\/04\/Dinteles-y-Laterales.jpg","contentUrl":"https:\/\/coindoors.com\/wp-content\/uploads\/2025\/04\/Dinteles-y-Laterales.jpg","width":474,"height":567,"caption":"Dinteles y Laterales"},{"@type":"BreadcrumbList","@id":"https:\/\/www.coindoors.com\/projects-puertas-blindadas-metalicas-dinteles-y-laterales\/#breadcrumb","itemListElement":[{"@type":"ListItem","position":1,"name":"Home","item":"https:\/\/www.coindoors.com\/"},{"@type":"ListItem","position":2,"name":"Dinteles y Laterales"}]},{"@type":"WebSite","@id":"https:\/\/www.coindoors.com\/#website","url":"https:\/\/www.coindoors.com\/","name":"coindoors.com","description":"","publisher":{"@id":"https:\/\/www.coindoors.com\/#organization"},"potentialAction":[{"@type":"SearchAction","target":{"@type":"EntryPoint","urlTemplate":"https:\/\/www.coindoors.com\/?s={search_term_string}"},"query-input":{"@type":"PropertyValueSpecification","valueRequired":true,"valueName":"search_term_string"}}],"inLanguage":"de"},{"@type":"Organization","@id":"https:\/\/www.coindoors.com\/#organization","name":"coindoors.com","url":"https:\/\/www.coindoors.com\/","logo":{"@type":"ImageObject","inLanguage":"de","@id":"https:\/\/www.coindoors.com\/#\/schema\/logo\/image\/","url":"https:\/\/coindoors.com\/wp-content\/uploads\/2025\/04\/Logo-Oscuro.png","contentUrl":"https:\/\/coindoors.com\/wp-content\/uploads\/2025\/04\/Logo-Oscuro.png","width":350,"height":70,"caption":"coindoors.com"},"image":{"@id":"https:\/\/www.coindoors.com\/#\/schema\/logo\/image\/"}}]}},"_links":{"self":[{"href":"https:\/\/coindoors.com\/de\/wp-json\/wp\/v2\/pages\/66","targetHints":{"allow":["GET"]}}],"collection":[{"href":"https:\/\/coindoors.com\/de\/wp-json\/wp\/v2\/pages"}],"about":[{"href":"https:\/\/coindoors.com\/de\/wp-json\/wp\/v2\/types\/page"}],"author":[{"embeddable":true,"href":"https:\/\/coindoors.com\/de\/wp-json\/wp\/v2\/users\/1"}],"replies":[{"embeddable":true,"href":"https:\/\/coindoors.com\/de\/wp-json\/wp\/v2\/comments?post=66"}],"version-history":[{"count":8,"href":"https:\/\/coindoors.com\/de\/wp-json\/wp\/v2\/pages\/66\/revisions"}],"predecessor-version":[{"id":252,"href":"https:\/\/coindoors.com\/de\/wp-json\/wp\/v2\/pages\/66\/revisions\/252"}],"wp:featuredmedia":[{"embeddable":true,"href":"https:\/\/coindoors.com\/de\/wp-json\/wp\/v2\/media\/181"}],"wp:attachment":[{"href":"https:\/\/coindoors.com\/de\/wp-json\/wp\/v2\/media?parent=66"}],"curies":[{"name":"wp","href":"https:\/\/api.w.org\/{rel}","templated":true}]}}