{"id":274,"date":"2025-04-21T08:15:39","date_gmt":"2025-04-21T08:15:39","guid":{"rendered":"https:\/\/coindoors.com\/aviso-legal\/"},"modified":"2025-04-21T08:17:32","modified_gmt":"2025-04-21T08:17:32","slug":"rechtshinweis","status":"publish","type":"page","link":"https:\/\/coindoors.com\/de\/rechtshinweis\/","title":{"rendered":"Rechtlicher Hinweis"},"content":{"rendered":"<p>Rechtlicher Hinweis<\/p>\n<p>1. einleitung<br \/>\nCoin Windows 2017 S.L CIF B-93543635 (\"das Unternehmen\"), mit der Steueridentifikationsnummer B-93543635 Adresse: C\/ Arqu\u00edmedes, Local 1, Coin, 29100, Correo info@coinwindows.com Telefon: +34655864379.<\/p>\n<p>Diese Nutzungsbedingungen (im Folgenden \"Nutzungsbedingungen\") regeln die Nutzung (einschlie\u00dflich des blo\u00dfen Zugriffs) dieser Website einschlie\u00dflich aller auf ihr verf\u00fcgbaren Inhalte und Dienste (im Folgenden \"Website\"). Jede Person, die auf diese Website zugreift, gilt als Nutzer (im Folgenden als \"Nutzer\" oder \"Nutzer\" bezeichnet).<\/p>\n<p>Bitte lies diese Nutzungsbedingungen sorgf\u00e4ltig durch. Indem du auf die Website zugreifst und die darin enthaltenen Materialien nutzt, best\u00e4tigst du, dass du diese Nutzungsbedingungen gelesen und verstanden hast und ihnen zustimmst. Wenn du mit diesen Nutzungsbedingungen ganz oder teilweise nicht einverstanden bist, solltest du von der Nutzung der Website absehen.<\/p>\n<p>Der\/die Nutzer\/in muss beachten, dass die Produkte, Dienstleistungen oder Inhalte, die den Nutzer\/innen auf der Website zur Verf\u00fcgung gestellt werden, besonderen Bedingungen unterliegen k\u00f6nnen, die im Falle eines Konflikts Vorrang vor diesen Nutzungsbedingungen haben.<\/p>\n<p>2. Objekt<br \/>\nDer Zweck der Website ist es, Informationen \u00fcber verschiedene Aktivit\u00e4ten, Veranstaltungen und Dienstleistungen bereitzustellen. Die auf der Website bereitgestellten Informationen sind allgemeiner Natur und erheben keinen Anspruch auf Vollst\u00e4ndigkeit.<br \/>\n3. Geistiges und gewerbliches Eigentum<br \/>\nDie Texte, Bilder, T\u00f6ne, Animationen, Videos und sonstigen Inhalte dieser Website sind das ausschlie\u00dfliche Eigentum des Unternehmens oder gegebenenfalls von Dritten, die eine Lizenz oder Genehmigung f\u00fcr ihre Nutzung erteilt haben.<\/p>\n<p>In diesem Zusammenhang gew\u00e4hrt das Unternehmen den Nutzern eine nicht ausschlie\u00dfliche, nicht unterlizenzierbare und nicht \u00fcbertragbare Lizenz zur Nutzung der Website, ihrer jeweiligen Funktionalit\u00e4ten, Inhalte und anderen verf\u00fcgbaren Funktionen. Der\/die Nutzer\/in ist nur berechtigt, eine vor\u00fcbergehende Privatkopie der Inhalte f\u00fcr seinen\/ihren ausschlie\u00dflichen pers\u00f6nlichen und privaten Gebrauch auf seinen\/ihren Computersystemen anzusehen und zu erhalten, nicht aber f\u00fcr eine anschlie\u00dfende Weitergabe an Dritte.<\/p>\n<p>4. Engagement der Nutzer<br \/>\nDer\/die Nutzer\/in erkennt freiwillig und ausdr\u00fccklich an und akzeptiert, dass die Nutzung der Website unter seiner\/ihrer alleinigen und ausschlie\u00dflichen Verantwortung erfolgt.<\/p>\n<p>Die Nutzerinnen und Nutzer verpflichten sich, die Website nicht zu missbrauchen und keine Informationen zu verbreiten oder sie f\u00fcr andere Zwecke zu nutzen:<\/p>\n<p>Aktivit\u00e4ten, die gegen das Gesetz, diese Nutzungsbedingungen, die Moral oder die \u00f6ffentliche Ordnung versto\u00dfen.<br \/>\ndie Website oder einen Teil davon auf anderen privaten oder kommerziellen Websites zu verwenden oder die Website kommerziell zu nutzen.<br \/>\ndie Website oder ihren Inhalt zu ver\u00e4ndern, zu kopieren, zu modifizieren, zu dekompilieren, zur\u00fcckzuentwickeln usw.<br \/>\nProgramme, Viren, Codes oder andere Vorrichtungen einzuf\u00fchren, die die Website besch\u00e4digen.<br \/>\nDas Unternehmen beh\u00e4lt sich das Recht vor, Inhalte, die gegen diese Nutzungsbedingungen, die Rechte Dritter oder geltendes Recht versto\u00dfen, von der Website zu entfernen.<\/p>\n<p>5. Datenschutz<br \/>\nDas Unternehmen sch\u00fctzt die personenbezogenen Daten der Nutzer\/innen und verwendet sie nur in dem gesetzlich zul\u00e4ssigen Umfang oder sofern die Nutzer\/innen ihre Zustimmung gegeben haben. Weitere Informationen finden die Nutzer\/innen in der Datenschutzrichtlinie.<\/p>\n<p>6. Links zu anderen Websites und sozialen Netzwerken<br \/>\nDiese Nutzungsbedingungen beziehen sich nur auf die Website und die Inhalte des Unternehmens. Sie gelten nicht f\u00fcr Links, Webseiten und soziale Netzwerke von Dritten, die \u00fcber die Website zug\u00e4nglich sind.<\/p>\n<p>7. \u00c4nderungen der Nutzungsbedingungen<br \/>\nDas Unternehmen beh\u00e4lt sich das Recht vor, Dienstleistungen, Inhalte oder die Bedingungen f\u00fcr den Zugang und\/oder die Nutzung der Website jederzeit und ohne vorherige Ank\u00fcndigung zu \u00e4ndern oder zu streichen. Der\/die Nutzer\/in sollte diese Nutzungsbedingungen regelm\u00e4\u00dfig lesen.<\/p>\n<p>8. Benachrichtigung \u00fcber Vorf\u00e4lle und m\u00f6gliche Verst\u00f6\u00dfe<br \/>\nDer\/die Nutzer\/in kann sich per E-Mail info@coinwindows.com an das Unternehmen wenden, wenn es zu technischen St\u00f6rungen beim Betrieb der Website kommt oder wenn er\/sie Fehler, Ungenauigkeiten oder gesetzeswidrige Inhalte feststellt.<\/p>\n<p>9. Unabh\u00e4ngigkeit und Integration von Klauseln<br \/>\nDie Rechtswidrigkeit, Ung\u00fcltigkeit oder Unwirksamkeit einer der Klauseln dieser Nutzungsbedingungen ber\u00fchrt nicht die Wirksamkeit der \u00fcbrigen. Die Klauseln sind durch andere zu ersetzen oder zu integrieren, die im Einklang mit dem Gesetz stehen und dem Zweck der ersetzten Klauseln entsprechen.<\/p>\n<p>10. Schlussbestimmungen, anwendbares Recht, zust\u00e4ndige Gerichte<br \/>\nDiese Nutzungsbedingungen unterliegen dem spanischen Recht. Alle Streitigkeiten, die sich aus der Nutzung der Website ergeben k\u00f6nnen, werden den zust\u00e4ndigen Gerichten am Sitz des Unternehmens vorgelegt.<\/p>","protected":false},"excerpt":{"rendered":"<p>Aviso Legal 1. Introducci\u00f3n Coin Windows 2017 S.L CIF B-93543635 (\u201cla Empresa\u201d), con el n\u00famero de identificaci\u00f3n fiscal B-93543635 Domicilio: [&hellip;]<\/p>\n","protected":false},"author":1,"featured_media":0,"parent":0,"menu_order":0,"comment_status":"closed","ping_status":"closed","template":"","meta":{"site-sidebar-layout":"default","site-content-layout":"","ast-site-content-layout":"default","site-content-style":"default","site-sidebar-style":"default","ast-global-header-display":"","ast-banner-title-visibility":"","ast-main-header-display":"","ast-hfb-above-header-display":"","ast-hfb-below-header-display":"","ast-hfb-mobile-header-display":"","site-post-title":"","ast-breadcrumbs-content":"","ast-featured-img":"","footer-sml-layout":"","ast-disable-related-posts":"","theme-transparent-header-meta":"","adv-header-id-meta":"","stick-header-meta":"","header-above-stick-meta":"","header-main-stick-meta":"","header-below-stick-meta":"","astra-migrate-meta-layouts":"default","ast-page-background-enabled":"default","ast-page-background-meta":{"desktop":{"background-color":"var(--ast-global-color-5)","background-image":"","background-repeat":"repeat","background-position":"center center","background-size":"auto","background-attachment":"scroll","background-type":"","background-media":"","overlay-type":"","overlay-color":"","overlay-opacity":"","overlay-gradient":""},"tablet":{"background-color":"","background-image":"","background-repeat":"repeat","background-position":"center center","background-size":"auto","background-attachment":"scroll","background-type":"","background-media":"","overlay-type":"","overlay-color":"","overlay-opacity":"","overlay-gradient":""},"mobile":{"background-color":"","background-image":"","background-repeat":"repeat","background-position":"center center","background-size":"auto","background-attachment":"scroll","background-type":"","background-media":"","overlay-type":"","overlay-color":"","overlay-opacity":"","overlay-gradient":""}},"ast-content-background-meta":{"desktop":{"background-color":"var(--ast-global-color-4)","background-image":"","background-repeat":"repeat","background-position":"center center","background-size":"auto","background-attachment":"scroll","background-type":"","background-media":"","overlay-type":"","overlay-color":"","overlay-opacity":"","overlay-gradient":""},"tablet":{"background-color":"var(--ast-global-color-4)","background-image":"","background-repeat":"repeat","background-position":"center center","background-size":"auto","background-attachment":"scroll","background-type":"","background-media":"","overlay-type":"","overlay-color":"","overlay-opacity":"","overlay-gradient":""},"mobile":{"background-color":"var(--ast-global-color-4)","background-image":"","background-repeat":"repeat","background-position":"center center","background-size":"auto","background-attachment":"scroll","background-type":"","background-media":"","overlay-type":"","overlay-color":"","overlay-opacity":"","overlay-gradient":""}},"footnotes":""},"class_list":["post-274","page","type-page","status-publish","hentry"],"yoast_head":"<!-- This site is optimized with the Yoast SEO plugin v27.5 - https:\/\/yoast.com\/product\/yoast-seo-wordpress\/ -->\n<title>Aviso Legal - coindoors.com<\/title>\n<meta name=\"robots\" content=\"index, follow, max-snippet:-1, max-image-preview:large, max-video-preview:-1\" \/>\n<link rel=\"canonical\" href=\"https:\/\/coindoors.com\/de\/rechtshinweis\/\" \/>\n<meta property=\"og:locale\" content=\"de_DE\" \/>\n<meta property=\"og:type\" content=\"article\" \/>\n<meta property=\"og:title\" content=\"Aviso Legal - coindoors.com\" \/>\n<meta property=\"og:description\" content=\"Aviso Legal 1. Introducci\u00f3n Coin Windows 2017 S.L CIF B-93543635 (\u201cla Empresa\u201d), con el n\u00famero de identificaci\u00f3n fiscal B-93543635 Domicilio: [&hellip;]\" \/>\n<meta property=\"og:url\" content=\"https:\/\/coindoors.com\/de\/rechtshinweis\/\" \/>\n<meta property=\"og:site_name\" content=\"coindoors.com\" \/>\n<meta property=\"article:modified_time\" content=\"2025-04-21T08:17:32+00:00\" \/>\n<meta name=\"twitter:card\" content=\"summary_large_image\" \/>\n<meta name=\"twitter:label1\" content=\"Gesch\u00e4tzte Lesezeit\" \/>\n\t<meta name=\"twitter:data1\" content=\"4\u00a0Minuten\" \/>\n<script type=\"application\/ld+json\" class=\"yoast-schema-graph\">{\"@context\":\"https:\\\/\\\/schema.org\",\"@graph\":[{\"@type\":\"WebPage\",\"@id\":\"https:\\\/\\\/coindoors.com\\\/aviso-legal\\\/\",\"url\":\"https:\\\/\\\/coindoors.com\\\/aviso-legal\\\/\",\"name\":\"Aviso Legal - coindoors.com\",\"isPartOf\":{\"@id\":\"https:\\\/\\\/www.coindoors.com\\\/#website\"},\"datePublished\":\"2025-04-21T08:15:39+00:00\",\"dateModified\":\"2025-04-21T08:17:32+00:00\",\"breadcrumb\":{\"@id\":\"https:\\\/\\\/coindoors.com\\\/aviso-legal\\\/#breadcrumb\"},\"inLanguage\":\"de\",\"potentialAction\":[{\"@type\":\"ReadAction\",\"target\":[\"https:\\\/\\\/coindoors.com\\\/aviso-legal\\\/\"]}]},{\"@type\":\"BreadcrumbList\",\"@id\":\"https:\\\/\\\/coindoors.com\\\/aviso-legal\\\/#breadcrumb\",\"itemListElement\":[{\"@type\":\"ListItem\",\"position\":1,\"name\":\"Home\",\"item\":\"https:\\\/\\\/www.coindoors.com\\\/\"},{\"@type\":\"ListItem\",\"position\":2,\"name\":\"Aviso Legal\"}]},{\"@type\":\"WebSite\",\"@id\":\"https:\\\/\\\/www.coindoors.com\\\/#website\",\"url\":\"https:\\\/\\\/www.coindoors.com\\\/\",\"name\":\"coindoors.com\",\"description\":\"\",\"publisher\":{\"@id\":\"https:\\\/\\\/www.coindoors.com\\\/#organization\"},\"potentialAction\":[{\"@type\":\"SearchAction\",\"target\":{\"@type\":\"EntryPoint\",\"urlTemplate\":\"https:\\\/\\\/www.coindoors.com\\\/?s={search_term_string}\"},\"query-input\":{\"@type\":\"PropertyValueSpecification\",\"valueRequired\":true,\"valueName\":\"search_term_string\"}}],\"inLanguage\":\"de\"},{\"@type\":\"Organization\",\"@id\":\"https:\\\/\\\/www.coindoors.com\\\/#organization\",\"name\":\"coindoors.com\",\"url\":\"https:\\\/\\\/www.coindoors.com\\\/\",\"logo\":{\"@type\":\"ImageObject\",\"inLanguage\":\"de\",\"@id\":\"https:\\\/\\\/www.coindoors.com\\\/#\\\/schema\\\/logo\\\/image\\\/\",\"url\":\"https:\\\/\\\/coindoors.com\\\/wp-content\\\/uploads\\\/2025\\\/04\\\/Logo-Oscuro.png\",\"contentUrl\":\"https:\\\/\\\/coindoors.com\\\/wp-content\\\/uploads\\\/2025\\\/04\\\/Logo-Oscuro.png\",\"width\":350,\"height\":70,\"caption\":\"coindoors.com\"},\"image\":{\"@id\":\"https:\\\/\\\/www.coindoors.com\\\/#\\\/schema\\\/logo\\\/image\\\/\"}}]}<\/script>\n<!-- \/ Yoast SEO plugin. -->","yoast_head_json":{"title":"Rechtliche Hinweise - coindoors.com","robots":{"index":"index","follow":"follow","max-snippet":"max-snippet:-1","max-image-preview":"max-image-preview:large","max-video-preview":"max-video-preview:-1"},"canonical":"https:\/\/coindoors.com\/de\/rechtshinweis\/","og_locale":"de_DE","og_type":"article","og_title":"Aviso Legal - coindoors.com","og_description":"Aviso Legal 1. Introducci\u00f3n Coin Windows 2017 S.L CIF B-93543635 (\u201cla Empresa\u201d), con el n\u00famero de identificaci\u00f3n fiscal B-93543635 Domicilio: [&hellip;]","og_url":"https:\/\/coindoors.com\/de\/rechtshinweis\/","og_site_name":"coindoors.com","article_modified_time":"2025-04-21T08:17:32+00:00","twitter_card":"summary_large_image","twitter_misc":{"Gesch\u00e4tzte Lesezeit":"4\u00a0Minuten"},"schema":{"@context":"https:\/\/schema.org","@graph":[{"@type":"WebPage","@id":"https:\/\/coindoors.com\/aviso-legal\/","url":"https:\/\/coindoors.com\/aviso-legal\/","name":"Rechtliche Hinweise - coindoors.com","isPartOf":{"@id":"https:\/\/www.coindoors.com\/#website"},"datePublished":"2025-04-21T08:15:39+00:00","dateModified":"2025-04-21T08:17:32+00:00","breadcrumb":{"@id":"https:\/\/coindoors.com\/aviso-legal\/#breadcrumb"},"inLanguage":"de","potentialAction":[{"@type":"ReadAction","target":["https:\/\/coindoors.com\/aviso-legal\/"]}]},{"@type":"BreadcrumbList","@id":"https:\/\/coindoors.com\/aviso-legal\/#breadcrumb","itemListElement":[{"@type":"ListItem","position":1,"name":"Home","item":"https:\/\/www.coindoors.com\/"},{"@type":"ListItem","position":2,"name":"Aviso Legal"}]},{"@type":"WebSite","@id":"https:\/\/www.coindoors.com\/#website","url":"https:\/\/www.coindoors.com\/","name":"coindoors.com","description":"","publisher":{"@id":"https:\/\/www.coindoors.com\/#organization"},"potentialAction":[{"@type":"SearchAction","target":{"@type":"EntryPoint","urlTemplate":"https:\/\/www.coindoors.com\/?s={search_term_string}"},"query-input":{"@type":"PropertyValueSpecification","valueRequired":true,"valueName":"search_term_string"}}],"inLanguage":"de"},{"@type":"Organization","@id":"https:\/\/www.coindoors.com\/#organization","name":"coindoors.com","url":"https:\/\/www.coindoors.com\/","logo":{"@type":"ImageObject","inLanguage":"de","@id":"https:\/\/www.coindoors.com\/#\/schema\/logo\/image\/","url":"https:\/\/coindoors.com\/wp-content\/uploads\/2025\/04\/Logo-Oscuro.png","contentUrl":"https:\/\/coindoors.com\/wp-content\/uploads\/2025\/04\/Logo-Oscuro.png","width":350,"height":70,"caption":"coindoors.com"},"image":{"@id":"https:\/\/www.coindoors.com\/#\/schema\/logo\/image\/"}}]}},"_links":{"self":[{"href":"https:\/\/coindoors.com\/de\/wp-json\/wp\/v2\/pages\/274","targetHints":{"allow":["GET"]}}],"collection":[{"href":"https:\/\/coindoors.com\/de\/wp-json\/wp\/v2\/pages"}],"about":[{"href":"https:\/\/coindoors.com\/de\/wp-json\/wp\/v2\/types\/page"}],"author":[{"embeddable":true,"href":"https:\/\/coindoors.com\/de\/wp-json\/wp\/v2\/users\/1"}],"replies":[{"embeddable":true,"href":"https:\/\/coindoors.com\/de\/wp-json\/wp\/v2\/comments?post=274"}],"version-history":[{"count":2,"href":"https:\/\/coindoors.com\/de\/wp-json\/wp\/v2\/pages\/274\/revisions"}],"predecessor-version":[{"id":277,"href":"https:\/\/coindoors.com\/de\/wp-json\/wp\/v2\/pages\/274\/revisions\/277"}],"wp:attachment":[{"href":"https:\/\/coindoors.com\/de\/wp-json\/wp\/v2\/media?parent=274"}],"curies":[{"name":"wp","href":"https:\/\/api.w.org\/{rel}","templated":true}]}}