{"id":273,"date":"2025-04-21T08:15:38","date_gmt":"2025-04-21T08:15:38","guid":{"rendered":"https:\/\/coindoors.com\/politica-de-cookies\/"},"modified":"2025-04-21T08:16:37","modified_gmt":"2025-04-21T08:16:37","slug":"cookie-richtlinie","status":"publish","type":"page","link":"https:\/\/coindoors.com\/de\/cookie-richtlinie\/","title":{"rendered":"Cookie-Richtlinie"},"content":{"rendered":"<p>Cookie-Richtlinie von Coin Windows 2017 S.L CIF B-93543635<\/p>\n<p>Was sind Cookies?<br \/>\nCookies sind kleine Textdateien, die auf deinem Ger\u00e4t gespeichert werden, wenn du unsere Website besuchst. Sie erm\u00f6glichen es uns, Informationen \u00fcber deinen Besuch zu speichern, z. B. deine Spracheinstellungen, die Dauer deines Besuchs und deine Surfgewohnheiten.<\/p>\n<p>Die Cookies, die wir verwenden<br \/>\nUnsere Website verwendet die folgenden Arten von Cookies:<\/p>\n<p>Pr\u00e4ferenz- oder Personalisierungs-Cookies: Diese erm\u00f6glichen es uns, Informationen zu speichern, um dein Erlebnis zu personalisieren. Sie k\u00f6nnen von uns oder von Dritten gesetzt werden, deren Dienste wir hinzugef\u00fcgt haben.<\/p>\n<p>Analyse- oder Mess-Cookies: Diese erm\u00f6glichen es uns, das Nutzerverhalten zu analysieren und die Leistung der Website zu messen, indem wir die beliebtesten Seiten identifizieren. Die Informationen sind anonym.<\/p>\n<p>Technische Cookies: Diese sind f\u00fcr den Betrieb der Website notwendig, z. B. um das Einloggen zu erm\u00f6glichen oder die Datenschutzeinstellungen zu speichern.<\/p>\n<p>Cookies f\u00fcr verhaltensbasierte Werbung: Sie erm\u00f6glichen die Speicherung von Informationen \u00fcber das Nutzerverhalten durch wiederholte Beobachtung der Surfgewohnheiten, um ein Profil zu erstellen und relevante Werbung anzuzeigen.<\/p>\n<p>Wie verwalte ich Cookies?<br \/>\nDu kannst Cookies zulassen, blockieren oder l\u00f6schen, indem du die Optionen des auf deinem Ger\u00e4t installierten Browsers konfigurierst. Die Deaktivierung von Cookies kann jedoch die Funktionalit\u00e4t der Website beeintr\u00e4chtigen. Weitere Informationen findest du im Handbuch deines Browsers.<\/p>\n<p>In welche L\u00e4nder werden meine Daten \u00fcbertragen?<br \/>\nDeine Daten werden nicht au\u00dferhalb des Europ\u00e4ischen Wirtschaftsraums (EWR) \u00fcbertragen. Im Falle einer \u00dcbermittlung in Drittl\u00e4nder gelten angemessene Schutzma\u00dfnahmen, die gesetzlich zul\u00e4ssig sind.<\/p>\n<p>Weitere Informationen dar\u00fcber, wie wir mit deinen Daten umgehen, findest du in unserer Datenschutzrichtlinie.<\/p>","protected":false},"excerpt":{"rendered":"<p>Pol\u00edtica de Cookies de Coin Windows 2017 S.L CIF B-93543635 \u00bfQu\u00e9 son las cookies? Las cookies son archivos de texto [&hellip;]<\/p>\n","protected":false},"author":1,"featured_media":0,"parent":0,"menu_order":0,"comment_status":"closed","ping_status":"closed","template":"","meta":{"site-sidebar-layout":"default","site-content-layout":"","ast-site-content-layout":"default","site-content-style":"default","site-sidebar-style":"default","ast-global-header-display":"","ast-banner-title-visibility":"","ast-main-header-display":"","ast-hfb-above-header-display":"","ast-hfb-below-header-display":"","ast-hfb-mobile-header-display":"","site-post-title":"","ast-breadcrumbs-content":"","ast-featured-img":"","footer-sml-layout":"","ast-disable-related-posts":"","theme-transparent-header-meta":"","adv-header-id-meta":"","stick-header-meta":"","header-above-stick-meta":"","header-main-stick-meta":"","header-below-stick-meta":"","astra-migrate-meta-layouts":"default","ast-page-background-enabled":"default","ast-page-background-meta":{"desktop":{"background-color":"var(--ast-global-color-5)","background-image":"","background-repeat":"repeat","background-position":"center center","background-size":"auto","background-attachment":"scroll","background-type":"","background-media":"","overlay-type":"","overlay-color":"","overlay-opacity":"","overlay-gradient":""},"tablet":{"background-color":"","background-image":"","background-repeat":"repeat","background-position":"center center","background-size":"auto","background-attachment":"scroll","background-type":"","background-media":"","overlay-type":"","overlay-color":"","overlay-opacity":"","overlay-gradient":""},"mobile":{"background-color":"","background-image":"","background-repeat":"repeat","background-position":"center center","background-size":"auto","background-attachment":"scroll","background-type":"","background-media":"","overlay-type":"","overlay-color":"","overlay-opacity":"","overlay-gradient":""}},"ast-content-background-meta":{"desktop":{"background-color":"var(--ast-global-color-4)","background-image":"","background-repeat":"repeat","background-position":"center center","background-size":"auto","background-attachment":"scroll","background-type":"","background-media":"","overlay-type":"","overlay-color":"","overlay-opacity":"","overlay-gradient":""},"tablet":{"background-color":"var(--ast-global-color-4)","background-image":"","background-repeat":"repeat","background-position":"center center","background-size":"auto","background-attachment":"scroll","background-type":"","background-media":"","overlay-type":"","overlay-color":"","overlay-opacity":"","overlay-gradient":""},"mobile":{"background-color":"var(--ast-global-color-4)","background-image":"","background-repeat":"repeat","background-position":"center center","background-size":"auto","background-attachment":"scroll","background-type":"","background-media":"","overlay-type":"","overlay-color":"","overlay-opacity":"","overlay-gradient":""}},"footnotes":""},"class_list":["post-273","page","type-page","status-publish","hentry"],"yoast_head":"<!-- This site is optimized with the Yoast SEO plugin v27.5 - https:\/\/yoast.com\/product\/yoast-seo-wordpress\/ -->\n<title>Pol\u00edtica de Cookies - coindoors.com<\/title>\n<meta name=\"robots\" content=\"index, follow, max-snippet:-1, max-image-preview:large, max-video-preview:-1\" \/>\n<link rel=\"canonical\" href=\"https:\/\/coindoors.com\/de\/cookie-richtlinie\/\" \/>\n<meta property=\"og:locale\" content=\"de_DE\" \/>\n<meta property=\"og:type\" content=\"article\" \/>\n<meta property=\"og:title\" content=\"Pol\u00edtica de Cookies - coindoors.com\" \/>\n<meta property=\"og:description\" content=\"Pol\u00edtica de Cookies de Coin Windows 2017 S.L CIF B-93543635 \u00bfQu\u00e9 son las cookies? Las cookies son archivos de texto [&hellip;]\" \/>\n<meta property=\"og:url\" content=\"https:\/\/coindoors.com\/de\/cookie-richtlinie\/\" \/>\n<meta property=\"og:site_name\" content=\"coindoors.com\" \/>\n<meta property=\"article:modified_time\" content=\"2025-04-21T08:16:37+00:00\" \/>\n<meta name=\"twitter:card\" content=\"summary_large_image\" \/>\n<meta name=\"twitter:label1\" content=\"Gesch\u00e4tzte Lesezeit\" \/>\n\t<meta name=\"twitter:data1\" content=\"2\u00a0Minuten\" \/>\n<script type=\"application\/ld+json\" class=\"yoast-schema-graph\">{\"@context\":\"https:\\\/\\\/schema.org\",\"@graph\":[{\"@type\":\"WebPage\",\"@id\":\"https:\\\/\\\/coindoors.com\\\/politica-de-cookies\\\/\",\"url\":\"https:\\\/\\\/coindoors.com\\\/politica-de-cookies\\\/\",\"name\":\"Pol\u00edtica de Cookies - coindoors.com\",\"isPartOf\":{\"@id\":\"https:\\\/\\\/www.coindoors.com\\\/#website\"},\"datePublished\":\"2025-04-21T08:15:38+00:00\",\"dateModified\":\"2025-04-21T08:16:37+00:00\",\"breadcrumb\":{\"@id\":\"https:\\\/\\\/coindoors.com\\\/politica-de-cookies\\\/#breadcrumb\"},\"inLanguage\":\"de\",\"potentialAction\":[{\"@type\":\"ReadAction\",\"target\":[\"https:\\\/\\\/coindoors.com\\\/politica-de-cookies\\\/\"]}]},{\"@type\":\"BreadcrumbList\",\"@id\":\"https:\\\/\\\/coindoors.com\\\/politica-de-cookies\\\/#breadcrumb\",\"itemListElement\":[{\"@type\":\"ListItem\",\"position\":1,\"name\":\"Home\",\"item\":\"https:\\\/\\\/www.coindoors.com\\\/\"},{\"@type\":\"ListItem\",\"position\":2,\"name\":\"Pol\u00edtica de Cookies\"}]},{\"@type\":\"WebSite\",\"@id\":\"https:\\\/\\\/www.coindoors.com\\\/#website\",\"url\":\"https:\\\/\\\/www.coindoors.com\\\/\",\"name\":\"coindoors.com\",\"description\":\"\",\"publisher\":{\"@id\":\"https:\\\/\\\/www.coindoors.com\\\/#organization\"},\"potentialAction\":[{\"@type\":\"SearchAction\",\"target\":{\"@type\":\"EntryPoint\",\"urlTemplate\":\"https:\\\/\\\/www.coindoors.com\\\/?s={search_term_string}\"},\"query-input\":{\"@type\":\"PropertyValueSpecification\",\"valueRequired\":true,\"valueName\":\"search_term_string\"}}],\"inLanguage\":\"de\"},{\"@type\":\"Organization\",\"@id\":\"https:\\\/\\\/www.coindoors.com\\\/#organization\",\"name\":\"coindoors.com\",\"url\":\"https:\\\/\\\/www.coindoors.com\\\/\",\"logo\":{\"@type\":\"ImageObject\",\"inLanguage\":\"de\",\"@id\":\"https:\\\/\\\/www.coindoors.com\\\/#\\\/schema\\\/logo\\\/image\\\/\",\"url\":\"https:\\\/\\\/coindoors.com\\\/wp-content\\\/uploads\\\/2025\\\/04\\\/Logo-Oscuro.png\",\"contentUrl\":\"https:\\\/\\\/coindoors.com\\\/wp-content\\\/uploads\\\/2025\\\/04\\\/Logo-Oscuro.png\",\"width\":350,\"height\":70,\"caption\":\"coindoors.com\"},\"image\":{\"@id\":\"https:\\\/\\\/www.coindoors.com\\\/#\\\/schema\\\/logo\\\/image\\\/\"}}]}<\/script>\n<!-- \/ Yoast SEO plugin. -->","yoast_head_json":{"title":"Cookie-Richtlinie - coindoors.com","robots":{"index":"index","follow":"follow","max-snippet":"max-snippet:-1","max-image-preview":"max-image-preview:large","max-video-preview":"max-video-preview:-1"},"canonical":"https:\/\/coindoors.com\/de\/cookie-richtlinie\/","og_locale":"de_DE","og_type":"article","og_title":"Pol\u00edtica de Cookies - coindoors.com","og_description":"Pol\u00edtica de Cookies de Coin Windows 2017 S.L CIF B-93543635 \u00bfQu\u00e9 son las cookies? Las cookies son archivos de texto [&hellip;]","og_url":"https:\/\/coindoors.com\/de\/cookie-richtlinie\/","og_site_name":"coindoors.com","article_modified_time":"2025-04-21T08:16:37+00:00","twitter_card":"summary_large_image","twitter_misc":{"Gesch\u00e4tzte Lesezeit":"2\u00a0Minuten"},"schema":{"@context":"https:\/\/schema.org","@graph":[{"@type":"WebPage","@id":"https:\/\/coindoors.com\/politica-de-cookies\/","url":"https:\/\/coindoors.com\/politica-de-cookies\/","name":"Cookie-Richtlinie - coindoors.com","isPartOf":{"@id":"https:\/\/www.coindoors.com\/#website"},"datePublished":"2025-04-21T08:15:38+00:00","dateModified":"2025-04-21T08:16:37+00:00","breadcrumb":{"@id":"https:\/\/coindoors.com\/politica-de-cookies\/#breadcrumb"},"inLanguage":"de","potentialAction":[{"@type":"ReadAction","target":["https:\/\/coindoors.com\/politica-de-cookies\/"]}]},{"@type":"BreadcrumbList","@id":"https:\/\/coindoors.com\/politica-de-cookies\/#breadcrumb","itemListElement":[{"@type":"ListItem","position":1,"name":"Home","item":"https:\/\/www.coindoors.com\/"},{"@type":"ListItem","position":2,"name":"Pol\u00edtica de Cookies"}]},{"@type":"WebSite","@id":"https:\/\/www.coindoors.com\/#website","url":"https:\/\/www.coindoors.com\/","name":"coindoors.com","description":"","publisher":{"@id":"https:\/\/www.coindoors.com\/#organization"},"potentialAction":[{"@type":"SearchAction","target":{"@type":"EntryPoint","urlTemplate":"https:\/\/www.coindoors.com\/?s={search_term_string}"},"query-input":{"@type":"PropertyValueSpecification","valueRequired":true,"valueName":"search_term_string"}}],"inLanguage":"de"},{"@type":"Organization","@id":"https:\/\/www.coindoors.com\/#organization","name":"coindoors.com","url":"https:\/\/www.coindoors.com\/","logo":{"@type":"ImageObject","inLanguage":"de","@id":"https:\/\/www.coindoors.com\/#\/schema\/logo\/image\/","url":"https:\/\/coindoors.com\/wp-content\/uploads\/2025\/04\/Logo-Oscuro.png","contentUrl":"https:\/\/coindoors.com\/wp-content\/uploads\/2025\/04\/Logo-Oscuro.png","width":350,"height":70,"caption":"coindoors.com"},"image":{"@id":"https:\/\/www.coindoors.com\/#\/schema\/logo\/image\/"}}]}},"_links":{"self":[{"href":"https:\/\/coindoors.com\/de\/wp-json\/wp\/v2\/pages\/273","targetHints":{"allow":["GET"]}}],"collection":[{"href":"https:\/\/coindoors.com\/de\/wp-json\/wp\/v2\/pages"}],"about":[{"href":"https:\/\/coindoors.com\/de\/wp-json\/wp\/v2\/types\/page"}],"author":[{"embeddable":true,"href":"https:\/\/coindoors.com\/de\/wp-json\/wp\/v2\/users\/1"}],"replies":[{"embeddable":true,"href":"https:\/\/coindoors.com\/de\/wp-json\/wp\/v2\/comments?post=273"}],"version-history":[{"count":1,"href":"https:\/\/coindoors.com\/de\/wp-json\/wp\/v2\/pages\/273\/revisions"}],"predecessor-version":[{"id":276,"href":"https:\/\/coindoors.com\/de\/wp-json\/wp\/v2\/pages\/273\/revisions\/276"}],"wp:attachment":[{"href":"https:\/\/coindoors.com\/de\/wp-json\/wp\/v2\/media?parent=273"}],"curies":[{"name":"wp","href":"https:\/\/api.w.org\/{rel}","templated":true}]}}